{"id":8562,"date":"2025-06-21T01:47:46","date_gmt":"2025-06-21T01:47:46","guid":{"rendered":"https:\/\/meditecplus.com\/systeme-smarttouch\/"},"modified":"2026-02-25T22:39:17","modified_gmt":"2026-02-25T22:39:17","slug":"systeme-smarttouch","status":"publish","type":"page","link":"https:\/\/meditecplus.com\/fr\/systeme-smarttouch\/","title":{"rendered":"Syst\u00e8me SmartTouch"},"content":{"rendered":"\t\t<div data-elementor-type=\"wp-page\" data-elementor-id=\"8562\" class=\"elementor elementor-8562 elementor-60\" data-elementor-post-type=\"page\">\n\t\t\t\t<div class=\"elementor-element elementor-element-92bfb2a e-flex e-con-boxed e-con e-parent\" data-id=\"92bfb2a\" data-element_type=\"container\" data-e-type=\"container\">\n\t\t\t\t\t<div class=\"e-con-inner\">\n\t\t<div class=\"elementor-element elementor-element-fb286f0 e-con-full e-flex e-con e-child\" data-id=\"fb286f0\" data-element_type=\"container\" data-e-type=\"container\">\n\t\t\t\t<div class=\"elementor-element elementor-element-24bb6a9 elementor-widget elementor-widget-heading\" data-id=\"24bb6a9\" data-element_type=\"widget\" data-e-type=\"widget\" data-widget_type=\"heading.default\">\n\t\t\t\t<div class=\"elementor-widget-container\">\n\t\t\t\t\t<h2 class=\"elementor-heading-title elementor-size-default\">Syst\u00e8me de contr\u00f4le PC aSmartTouch pour m\u00e9decins<\/h2>\t\t\t\t<\/div>\n\t\t\t\t<\/div>\n\t\t\t\t<div class=\"elementor-element elementor-element-90a8236 elementor-widget elementor-widget-heading\" data-id=\"90a8236\" data-element_type=\"widget\" data-e-type=\"widget\" data-widget_type=\"heading.default\">\n\t\t\t\t<div class=\"elementor-widget-container\">\n\t\t\t\t\t<h2 class=\"elementor-heading-title elementor-size-default\">Gestion centralis\u00e9e de la phototh\u00e9rapie pour des flux de travail cliniques efficaces<\/h2>\t\t\t\t<\/div>\n\t\t\t\t<\/div>\n\t\t\t\t<\/div>\n\t\t\t\t\t<\/div>\n\t\t\t\t<\/div>\n\t\t<div class=\"elementor-element elementor-element-261ab3c e-con-full e-flex e-con e-parent\" data-id=\"261ab3c\" data-element_type=\"container\" data-e-type=\"container\">\n\t\t<div class=\"elementor-element elementor-element-a45b60f e-con-full e-flex e-con e-child\" data-id=\"a45b60f\" data-element_type=\"container\" data-e-type=\"container\">\n\t\t\t\t<div class=\"elementor-element elementor-element-2633dd4 elementor-widget elementor-widget-video\" data-id=\"2633dd4\" data-element_type=\"widget\" data-e-type=\"widget\" data-settings=\"{&quot;youtube_url&quot;:&quot;https:\\\/\\\/www.youtube.com\\\/watch?v=1urNUHJnxOo&quot;,&quot;video_type&quot;:&quot;youtube&quot;,&quot;controls&quot;:&quot;yes&quot;}\" data-widget_type=\"video.default\">\n\t\t\t\t<div class=\"elementor-widget-container\">\n\t\t\t\t\t\t\t<div class=\"elementor-wrapper elementor-open-inline\">\n\t\t\t<div class=\"elementor-video\"><\/div>\t\t<\/div>\n\t\t\t\t\t\t<\/div>\n\t\t\t\t<\/div>\n\t\t\t\t<\/div>\n\t\t<div class=\"elementor-element elementor-element-466dbb8 e-con-full e-flex e-con e-child\" data-id=\"466dbb8\" data-element_type=\"container\" data-e-type=\"container\">\n\t\t\t\t<div class=\"elementor-element elementor-element-542bd66 elementor-widget elementor-widget-text-editor\" data-id=\"542bd66\" data-element_type=\"widget\" data-e-type=\"widget\" data-widget_type=\"text-editor.default\">\n\t\t\t\t<div class=\"elementor-widget-container\">\n\t\t\t\t\t\t\t\t\t<p class=\"font_8 wixui-rich-text__text\">Cette vid\u00e9o pr\u00e9sente le syst\u00e8me de gestion de phototh\u00e9rapie SmartTouch\u2122 de Daavlin, con\u00e7u pour les environnements cliniques. Il offre un contr\u00f4le centralis\u00e9 des traitements \u00e0 partir d&rsquo;un PC, l&rsquo;acc\u00e8s \u00e0 des protocoles int\u00e9gr\u00e9s, une gestion s\u00e9curis\u00e9e des dossiers des patients et un suivi des autorisations du personnel.<\/p><p class=\"font_8 wixui-rich-text__text\">Le syst\u00e8me permet \u00e9galement d&rsquo;exporter facilement les donn\u00e9es et de les int\u00e9grer aux dossiers m\u00e9dicaux \u00e9lectroniques (DME). Id\u00e9al pour les cliniques dermatologiques et les h\u00f4pitaux, SmartTouch am\u00e9liore l&rsquo;efficacit\u00e9 des flux de travail, renforce la s\u00e9curit\u00e9 des patients et facilite la gestion compl\u00e8te des traitements, le tout \u00e0 partir d&rsquo;une seule plateforme s\u00e9curis\u00e9e.<\/p>\t\t\t\t\t\t\t\t<\/div>\n\t\t\t\t<\/div>\n\t\t\t\t<\/div>\n\t\t\t\t<\/div>\n\t\t\t\t<\/div>\n\t\t","protected":false},"excerpt":{"rendered":"<p>Syst\u00e8me de contr\u00f4le PC aSmartTouch pour m\u00e9decins Gestion centralis\u00e9e de la phototh\u00e9rapie pour des flux de travail cliniques efficaces https:\/\/www.youtube.com\/watch?v=1urNUHJnxOo [&hellip;]<\/p>\n","protected":false},"author":1,"featured_media":0,"parent":0,"menu_order":0,"comment_status":"closed","ping_status":"closed","template":"","meta":{"site-sidebar-layout":"no-sidebar","site-content-layout":"","ast-site-content-layout":"full-width-container","site-content-style":"default","site-sidebar-style":"default","ast-global-header-display":"","ast-banner-title-visibility":"disabled","ast-main-header-display":"disabled","ast-hfb-above-header-display":"","ast-hfb-below-header-display":"","ast-hfb-mobile-header-display":"disabled","site-post-title":"disabled","ast-breadcrumbs-content":"disabled","ast-featured-img":"disabled","footer-sml-layout":"disabled","ast-disable-related-posts":"","theme-transparent-header-meta":"default","adv-header-id-meta":"","stick-header-meta":"","header-above-stick-meta":"","header-main-stick-meta":"","header-below-stick-meta":"","astra-migrate-meta-layouts":"default","ast-page-background-enabled":"default","ast-page-background-meta":{"desktop":{"background-color":"var(--ast-global-color-5)","background-image":"","background-repeat":"repeat","background-position":"center center","background-size":"auto","background-attachment":"scroll","background-type":"","background-media":"","overlay-type":"","overlay-color":"","overlay-opacity":"","overlay-gradient":""},"tablet":{"background-color":"","background-image":"","background-repeat":"repeat","background-position":"center center","background-size":"auto","background-attachment":"scroll","background-type":"","background-media":"","overlay-type":"","overlay-color":"","overlay-opacity":"","overlay-gradient":""},"mobile":{"background-color":"","background-image":"","background-repeat":"repeat","background-position":"center center","background-size":"auto","background-attachment":"scroll","background-type":"","background-media":"","overlay-type":"","overlay-color":"","overlay-opacity":"","overlay-gradient":""}},"ast-content-background-meta":{"desktop":{"background-color":"var(--ast-global-color-4)","background-image":"","background-repeat":"repeat","background-position":"center center","background-size":"auto","background-attachment":"scroll","background-type":"","background-media":"","overlay-type":"","overlay-color":"","overlay-opacity":"","overlay-gradient":""},"tablet":{"background-color":"var(--ast-global-color-4)","background-image":"","background-repeat":"repeat","background-position":"center center","background-size":"auto","background-attachment":"scroll","background-type":"","background-media":"","overlay-type":"","overlay-color":"","overlay-opacity":"","overlay-gradient":""},"mobile":{"background-color":"var(--ast-global-color-4)","background-image":"","background-repeat":"repeat","background-position":"center center","background-size":"auto","background-attachment":"scroll","background-type":"","background-media":"","overlay-type":"","overlay-color":"","overlay-opacity":"","overlay-gradient":""}},"footnotes":""},"class_list":["post-8562","page","type-page","status-publish","hentry"],"yoast_head":"<!-- This site is optimized with the Yoast SEO plugin v27.4 - https:\/\/yoast.com\/product\/yoast-seo-wordpress\/ -->\n<title>Syst\u00e8me de phototh\u00e9rapie SmartTouch | Syst\u00e8me de phototh\u00e9rapie Daavlin<\/title>\n<meta name=\"description\" content=\"Syst\u00e8me de phototh\u00e9rapie SmartTouch : contr\u00f4le par PC, int\u00e9gration EMR et donn\u00e9es patient s\u00e9curis\u00e9es \u2014 disponible au Canada via Meditec Plus.\" \/>\n<meta name=\"robots\" content=\"index, follow, max-snippet:-1, max-image-preview:large, max-video-preview:-1\" \/>\n<link rel=\"canonical\" href=\"https:\/\/meditecplus.com\/fr\/systeme-smarttouch\/\" \/>\n<meta property=\"og:locale\" content=\"fr_FR\" \/>\n<meta property=\"og:type\" content=\"article\" \/>\n<meta property=\"og:title\" content=\"Syst\u00e8me de phototh\u00e9rapie SmartTouch | Syst\u00e8me de phototh\u00e9rapie Daavlin\" \/>\n<meta property=\"og:description\" content=\"Syst\u00e8me de phototh\u00e9rapie SmartTouch : contr\u00f4le par PC, int\u00e9gration EMR et donn\u00e9es patient s\u00e9curis\u00e9es \u2014 disponible au Canada via Meditec Plus.\" \/>\n<meta property=\"og:url\" content=\"https:\/\/meditecplus.com\/fr\/systeme-smarttouch\/\" \/>\n<meta property=\"og:site_name\" content=\"meditecplus.com\" \/>\n<meta property=\"article:modified_time\" content=\"2026-02-25T22:39:17+00:00\" \/>\n<meta name=\"twitter:card\" content=\"summary_large_image\" \/>\n<meta name=\"twitter:label1\" content=\"Dur\u00e9e de lecture estim\u00e9e\" \/>\n\t<meta name=\"twitter:data1\" content=\"1 minute\" \/>\n<script type=\"application\/ld+json\" class=\"yoast-schema-graph\">{\"@context\":\"https:\\\/\\\/schema.org\",\"@graph\":[{\"@type\":\"WebPage\",\"@id\":\"https:\\\/\\\/meditecplus.com\\\/fr\\\/systeme-smarttouch\\\/\",\"url\":\"https:\\\/\\\/meditecplus.com\\\/fr\\\/systeme-smarttouch\\\/\",\"name\":\"Syst\u00e8me de phototh\u00e9rapie SmartTouch | Syst\u00e8me de phototh\u00e9rapie Daavlin\",\"isPartOf\":{\"@id\":\"https:\\\/\\\/meditecplus.com\\\/fr\\\/#website\"},\"datePublished\":\"2025-06-21T01:47:46+00:00\",\"dateModified\":\"2026-02-25T22:39:17+00:00\",\"description\":\"Syst\u00e8me de phototh\u00e9rapie SmartTouch : contr\u00f4le par PC, int\u00e9gration EMR et donn\u00e9es patient s\u00e9curis\u00e9es \u2014 disponible au Canada via Meditec Plus.\",\"breadcrumb\":{\"@id\":\"https:\\\/\\\/meditecplus.com\\\/fr\\\/systeme-smarttouch\\\/#breadcrumb\"},\"inLanguage\":\"fr-FR\",\"potentialAction\":[{\"@type\":\"ReadAction\",\"target\":[\"https:\\\/\\\/meditecplus.com\\\/fr\\\/systeme-smarttouch\\\/\"]}]},{\"@type\":\"BreadcrumbList\",\"@id\":\"https:\\\/\\\/meditecplus.com\\\/fr\\\/systeme-smarttouch\\\/#breadcrumb\",\"itemListElement\":[{\"@type\":\"ListItem\",\"position\":1,\"name\":\"Home\",\"item\":\"https:\\\/\\\/meditecplus.com\\\/fr\\\/\"},{\"@type\":\"ListItem\",\"position\":2,\"name\":\"Syst\u00e8me SmartTouch\"}]},{\"@type\":\"WebSite\",\"@id\":\"https:\\\/\\\/meditecplus.com\\\/fr\\\/#website\",\"url\":\"https:\\\/\\\/meditecplus.com\\\/fr\\\/\",\"name\":\"meditecplus.com\",\"description\":\"\",\"potentialAction\":[{\"@type\":\"SearchAction\",\"target\":{\"@type\":\"EntryPoint\",\"urlTemplate\":\"https:\\\/\\\/meditecplus.com\\\/fr\\\/?s={search_term_string}\"},\"query-input\":{\"@type\":\"PropertyValueSpecification\",\"valueRequired\":true,\"valueName\":\"search_term_string\"}}],\"inLanguage\":\"fr-FR\"}]}<\/script>\n<!-- \/ Yoast SEO plugin. -->","yoast_head_json":{"title":"Syst\u00e8me de phototh\u00e9rapie SmartTouch | Syst\u00e8me de phototh\u00e9rapie Daavlin","description":"Syst\u00e8me de phototh\u00e9rapie SmartTouch : contr\u00f4le par PC, int\u00e9gration EMR et donn\u00e9es patient s\u00e9curis\u00e9es \u2014 disponible au Canada via Meditec Plus.","robots":{"index":"index","follow":"follow","max-snippet":"max-snippet:-1","max-image-preview":"max-image-preview:large","max-video-preview":"max-video-preview:-1"},"canonical":"https:\/\/meditecplus.com\/fr\/systeme-smarttouch\/","og_locale":"fr_FR","og_type":"article","og_title":"Syst\u00e8me de phototh\u00e9rapie SmartTouch | Syst\u00e8me de phototh\u00e9rapie Daavlin","og_description":"Syst\u00e8me de phototh\u00e9rapie SmartTouch : contr\u00f4le par PC, int\u00e9gration EMR et donn\u00e9es patient s\u00e9curis\u00e9es \u2014 disponible au Canada via Meditec Plus.","og_url":"https:\/\/meditecplus.com\/fr\/systeme-smarttouch\/","og_site_name":"meditecplus.com","article_modified_time":"2026-02-25T22:39:17+00:00","twitter_card":"summary_large_image","twitter_misc":{"Dur\u00e9e de lecture estim\u00e9e":"1 minute"},"schema":{"@context":"https:\/\/schema.org","@graph":[{"@type":"WebPage","@id":"https:\/\/meditecplus.com\/fr\/systeme-smarttouch\/","url":"https:\/\/meditecplus.com\/fr\/systeme-smarttouch\/","name":"Syst\u00e8me de phototh\u00e9rapie SmartTouch | Syst\u00e8me de phototh\u00e9rapie Daavlin","isPartOf":{"@id":"https:\/\/meditecplus.com\/fr\/#website"},"datePublished":"2025-06-21T01:47:46+00:00","dateModified":"2026-02-25T22:39:17+00:00","description":"Syst\u00e8me de phototh\u00e9rapie SmartTouch : contr\u00f4le par PC, int\u00e9gration EMR et donn\u00e9es patient s\u00e9curis\u00e9es \u2014 disponible au Canada via Meditec Plus.","breadcrumb":{"@id":"https:\/\/meditecplus.com\/fr\/systeme-smarttouch\/#breadcrumb"},"inLanguage":"fr-FR","potentialAction":[{"@type":"ReadAction","target":["https:\/\/meditecplus.com\/fr\/systeme-smarttouch\/"]}]},{"@type":"BreadcrumbList","@id":"https:\/\/meditecplus.com\/fr\/systeme-smarttouch\/#breadcrumb","itemListElement":[{"@type":"ListItem","position":1,"name":"Home","item":"https:\/\/meditecplus.com\/fr\/"},{"@type":"ListItem","position":2,"name":"Syst\u00e8me SmartTouch"}]},{"@type":"WebSite","@id":"https:\/\/meditecplus.com\/fr\/#website","url":"https:\/\/meditecplus.com\/fr\/","name":"meditecplus.com","description":"","potentialAction":[{"@type":"SearchAction","target":{"@type":"EntryPoint","urlTemplate":"https:\/\/meditecplus.com\/fr\/?s={search_term_string}"},"query-input":{"@type":"PropertyValueSpecification","valueRequired":true,"valueName":"search_term_string"}}],"inLanguage":"fr-FR"}]}},"_links":{"self":[{"href":"https:\/\/meditecplus.com\/fr\/wp-json\/wp\/v2\/pages\/8562","targetHints":{"allow":["GET"]}}],"collection":[{"href":"https:\/\/meditecplus.com\/fr\/wp-json\/wp\/v2\/pages"}],"about":[{"href":"https:\/\/meditecplus.com\/fr\/wp-json\/wp\/v2\/types\/page"}],"author":[{"embeddable":true,"href":"https:\/\/meditecplus.com\/fr\/wp-json\/wp\/v2\/users\/1"}],"replies":[{"embeddable":true,"href":"https:\/\/meditecplus.com\/fr\/wp-json\/wp\/v2\/comments?post=8562"}],"version-history":[{"count":1,"href":"https:\/\/meditecplus.com\/fr\/wp-json\/wp\/v2\/pages\/8562\/revisions"}],"predecessor-version":[{"id":8563,"href":"https:\/\/meditecplus.com\/fr\/wp-json\/wp\/v2\/pages\/8562\/revisions\/8563"}],"wp:attachment":[{"href":"https:\/\/meditecplus.com\/fr\/wp-json\/wp\/v2\/media?parent=8562"}],"curies":[{"name":"wp","href":"https:\/\/api.w.org\/{rel}","templated":true}]}}