{"id":8559,"date":"2025-09-14T23:44:16","date_gmt":"2025-09-14T23:44:16","guid":{"rendered":"https:\/\/meditecplus.com\/presidents-de-procedure\/"},"modified":"2026-02-25T22:39:25","modified_gmt":"2026-02-25T22:39:25","slug":"presidents-de-procedure","status":"publish","type":"page","link":"https:\/\/meditecplus.com\/fr\/presidents-de-procedure\/","title":{"rendered":"Pr\u00e9sidents de proc\u00e9dure"},"content":{"rendered":"\t\t<div data-elementor-type=\"wp-page\" data-elementor-id=\"8559\" class=\"elementor elementor-8559 elementor-4959\" data-elementor-post-type=\"page\">\n\t\t\t\t<div class=\"elementor-element elementor-element-b847bc5 e-flex e-con-boxed e-con e-parent\" data-id=\"b847bc5\" data-element_type=\"container\" data-e-type=\"container\">\n\t\t\t\t\t<div class=\"e-con-inner\">\n\t\t<div class=\"elementor-element elementor-element-f997923 e-con-full e-flex e-con e-child\" data-id=\"f997923\" data-element_type=\"container\" data-e-type=\"container\" data-settings=\"{&quot;background_background&quot;:&quot;classic&quot;}\">\n\t\t\t\t<div class=\"elementor-element elementor-element-0f7bc49 elementor-widget elementor-widget-heading\" data-id=\"0f7bc49\" data-element_type=\"widget\" data-e-type=\"widget\" data-widget_type=\"heading.default\">\n\t\t\t\t<div class=\"elementor-widget-container\">\n\t\t\t\t\t<h2 class=\"elementor-heading-title elementor-size-default\">Pr\u00e9sidents de proc\u00e9dure<\/h2>\t\t\t\t<\/div>\n\t\t\t\t<\/div>\n\t\t\t\t<div class=\"elementor-element elementor-element-0f7099f elementor-widget elementor-widget-text-editor\" data-id=\"0f7099f\" data-element_type=\"widget\" data-e-type=\"widget\" data-widget_type=\"text-editor.default\">\n\t\t\t\t<div class=\"elementor-widget-container\">\n\t\t\t\t\t\t\t\t\t<div id=\"comp-mbtgqbgd\" class=\"rM7ckN YJEKQk comp-mbtgqbgd-container comp-mbtgqbgd wixui-box\" dir=\"ltr\" role=\"\"><div id=\"comp-mbtgqbgf3\" class=\"rM7ckN YJEKQk comp-mbtgqbgf3-container comp-mbtgqbgf3 wixui-box\" dir=\"ltr\" role=\"\"><div id=\"comp-mbtgqbgz\" class=\"Z_l5lU MMl86N zQ9jDz qvSjx3 Vq6kJx comp-mbtgqbgz wixui-rich-text\" data-testid=\"richTextElement\"><div id=\"comp-mbtgqbgd\" class=\"rM7ckN YJEKQk comp-mbtgqbgd-container comp-mbtgqbgd wixui-box\" dir=\"ltr\" role=\"\"><div id=\"comp-mbtgqbgf3\" class=\"rM7ckN YJEKQk comp-mbtgqbgf3-container comp-mbtgqbgf3 wixui-box\" dir=\"ltr\" role=\"\"><div id=\"comp-mbtgqbgz\" class=\"Z_l5lU MMl86N zQ9jDz qvSjx3 Vq6kJx comp-mbtgqbgz wixui-rich-text\" data-testid=\"richTextElement\"><div id=\"comp-mbtgqbgd\" class=\"rM7ckN YJEKQk comp-mbtgqbgd-container comp-mbtgqbgd wixui-box\" dir=\"ltr\" role=\"\"><div id=\"comp-mbtgqbgf3\" class=\"rM7ckN YJEKQk comp-mbtgqbgf3-container comp-mbtgqbgf3 wixui-box\" dir=\"ltr\" role=\"\"><div id=\"comp-mbtgqbgz\" class=\"Z_l5lU MMl86N zQ9jDz qvSjx3 Vq6kJx comp-mbtgqbgz wixui-rich-text\" data-testid=\"richTextElement\"><div id=\"comp-mbtgqbgd\" class=\"rM7ckN YJEKQk comp-mbtgqbgd-container comp-mbtgqbgd wixui-box\" dir=\"ltr\" role=\"\"><div id=\"comp-mbtgqbgf3\" class=\"rM7ckN YJEKQk comp-mbtgqbgf3-container comp-mbtgqbgf3 wixui-box\" dir=\"ltr\" role=\"\"><div id=\"comp-mbtgqbgz\" class=\"Z_l5lU MMl86N zQ9jDz qvSjx3 Vq6kJx comp-mbtgqbgz wixui-rich-text\" data-testid=\"richTextElement\"><div id=\"comp-mbtgqbgd\" class=\"rM7ckN YJEKQk comp-mbtgqbgd-container comp-mbtgqbgd wixui-box\" dir=\"ltr\" role=\"\"><div id=\"comp-mbtgqbgf3\" class=\"rM7ckN YJEKQk comp-mbtgqbgf3-container comp-mbtgqbgf3 wixui-box\" dir=\"ltr\" role=\"\"><div id=\"comp-mbtgqbgz\" class=\"Z_l5lU MMl86N zQ9jDz qvSjx3 Vq6kJx comp-mbtgqbgz wixui-rich-text\" data-testid=\"richTextElement\"><div id=\"comp-mbs59v3h\" class=\"rM7ckN YJEKQk comp-mbs59v3h wixui-box\" dir=\"ltr\" role=\"\"><div class=\"comp-mbs59v3h-container\" data-testid=\"responsive-container-content\"><div id=\"comp-mbs59v3i7\" class=\"rM7ckN YJEKQk comp-mbs59v3i7-container comp-mbs59v3i7 wixui-box\" dir=\"ltr\" role=\"\"><div id=\"comp-mbs59v3l6\" class=\"Z_l5lU MMl86N zQ9jDz qvSjx3 Vq6kJx comp-mbs59v3l6 wixui-rich-text\" data-testid=\"richTextElement\"><div id=\"comp-mbtgqbgd\" class=\"rM7ckN YJEKQk comp-mbtgqbgd-container comp-mbtgqbgd wixui-box\" dir=\"ltr\" role=\"\"><div id=\"comp-mbtgqbgf3\" class=\"rM7ckN YJEKQk comp-mbtgqbgf3-container comp-mbtgqbgf3 wixui-box\" dir=\"ltr\" role=\"\"><div id=\"comp-mbtgqbgz\" class=\"Z_l5lU MMl86N zQ9jDz qvSjx3 Vq6kJx comp-mbtgqbgz wixui-rich-text\" data-testid=\"richTextElement\"><div id=\"comp-mbtgqbgd\" class=\"rM7ckN YJEKQk comp-mbtgqbgd-container comp-mbtgqbgd wixui-box\" dir=\"ltr\" role=\"\"><div id=\"comp-mbtgqbgf3\" class=\"rM7ckN YJEKQk comp-mbtgqbgf3-container comp-mbtgqbgf3 wixui-box\" dir=\"ltr\" role=\"\"><div id=\"comp-mbtgqbgz\" class=\"Z_l5lU MMl86N zQ9jDz qvSjx3 Vq6kJx comp-mbtgqbgz wixui-rich-text\" data-testid=\"richTextElement\"><div id=\"comp-mbtgqbgd\" class=\"rM7ckN YJEKQk comp-mbtgqbgd-container comp-mbtgqbgd wixui-box\" dir=\"ltr\" role=\"\"><div id=\"comp-mbtgqbgf3\" class=\"rM7ckN YJEKQk comp-mbtgqbgf3-container comp-mbtgqbgf3 wixui-box\" dir=\"ltr\" role=\"\"><div id=\"comp-mbtgqbgz\" class=\"Z_l5lU MMl86N zQ9jDz qvSjx3 Vq6kJx comp-mbtgqbgz wixui-rich-text\" data-testid=\"richTextElement\"><div id=\"comp-mbtgqbgd\" class=\"rM7ckN YJEKQk comp-mbtgqbgd-container comp-mbtgqbgd wixui-box\" dir=\"ltr\" role=\"\"><div id=\"comp-mbtgqbgf3\" class=\"rM7ckN YJEKQk comp-mbtgqbgf3-container comp-mbtgqbgf3 wixui-box\" dir=\"ltr\" role=\"\"><div id=\"comp-mbtgqbgz\" class=\"Z_l5lU MMl86N zQ9jDz qvSjx3 Vq6kJx comp-mbtgqbgz wixui-rich-text\" data-testid=\"richTextElement\"><p class=\"font_8 wixui-rich-text__text\">Une conception<strong data-start=\"10\" data-end=\"35\"> Made in North America<\/strong>, sans aucune sous-traitance d&rsquo;aucune sorte.<\/p><\/div><\/div><\/div><\/div><\/div><\/div><\/div><\/div><\/div><\/div><\/div><\/div><\/div><\/div><\/div><\/div><\/div><\/div><\/div><\/div><\/div><\/div><\/div><\/div><\/div><\/div><\/div><\/div><\/div><\/div><\/div>\t\t\t\t\t\t\t\t<\/div>\n\t\t\t\t<\/div>\n\t\t\t\t<div class=\"elementor-element elementor-element-2a7cea5 elementor-align-center elementor-widget elementor-widget-button\" data-id=\"2a7cea5\" data-element_type=\"widget\" data-e-type=\"widget\" data-widget_type=\"button.default\">\n\t\t\t\t<div class=\"elementor-widget-container\">\n\t\t\t\t\t\t\t\t\t<div class=\"elementor-button-wrapper\">\n\t\t\t\t\t<a class=\"elementor-button elementor-button-link elementor-size-sm\" href=\"https:\/\/meditecplus.com\/wp-content\/uploads\/2025\/11\/SilhouetTone-Brochure.pdf\" target=\"_blank\">\n\t\t\t\t\t\t<span class=\"elementor-button-content-wrapper\">\n\t\t\t\t\t\t<span class=\"elementor-button-icon\">\n\t\t\t\t<svg aria-hidden=\"true\" class=\"e-font-icon-svg e-fas-download\" viewBox=\"0 0 512 512\" xmlns=\"http:\/\/www.w3.org\/2000\/svg\"><path d=\"M216 0h80c13.3 0 24 10.7 24 24v168h87.7c17.8 0 26.7 21.5 14.1 34.1L269.7 378.3c-7.5 7.5-19.8 7.5-27.3 0L90.1 226.1c-12.6-12.6-3.7-34.1 14.1-34.1H192V24c0-13.3 10.7-24 24-24zm296 376v112c0 13.3-10.7 24-24 24H24c-13.3 0-24-10.7-24-24V376c0-13.3 10.7-24 24-24h146.7l49 49c20.1 20.1 52.5 20.1 72.6 0l49-49H488c13.3 0 24 10.7 24 24zm-124 88c0-11-9-20-20-20s-20 9-20 20 9 20 20 20 20-9 20-20zm64 0c0-11-9-20-20-20s-20 9-20 20 9 20 20 20 20-9 20-20z\"><\/path><\/svg>\t\t\t<\/span>\n\t\t\t\t\t\t\t\t\t<span class=\"elementor-button-text\">Brochure sur les fauteuils proc\u00e9duraux<\/span>\n\t\t\t\t\t<\/span>\n\t\t\t\t\t<\/a>\n\t\t\t\t<\/div>\n\t\t\t\t\t\t\t\t<\/div>\n\t\t\t\t<\/div>\n\t\t\t\t<\/div>\n\t\t\t\t\t<\/div>\n\t\t\t\t<\/div>\n\t\t<div class=\"elementor-element elementor-element-bf0f5cb e-con-full e-flex e-con e-parent\" data-id=\"bf0f5cb\" data-element_type=\"container\" data-e-type=\"container\">\n\t\t<div class=\"elementor-element elementor-element-4ebf17c e-con-full e-flex e-con e-child\" data-id=\"4ebf17c\" data-element_type=\"container\" data-e-type=\"container\" data-settings=\"{&quot;background_background&quot;:&quot;classic&quot;}\">\n\t\t<div class=\"elementor-element elementor-element-6dd2b93 e-con-full e-flex e-con e-child\" data-id=\"6dd2b93\" data-element_type=\"container\" data-e-type=\"container\" data-settings=\"{&quot;background_background&quot;:&quot;classic&quot;}\">\n\t\t\t\t<div class=\"elementor-element elementor-element-3a1c003 elementor-widget elementor-widget-image\" data-id=\"3a1c003\" data-element_type=\"widget\" data-e-type=\"widget\" data-settings=\"{&quot;sticky&quot;:&quot;top&quot;,&quot;sticky_on&quot;:[&quot;desktop&quot;,&quot;tablet&quot;],&quot;sticky_offset&quot;:100,&quot;sticky_parent&quot;:&quot;yes&quot;,&quot;sticky_effects_offset&quot;:0,&quot;sticky_anchor_link_offset&quot;:0}\" data-widget_type=\"image.default\">\n\t\t\t\t<div class=\"elementor-widget-container\">\n\t\t\t\t\t\t\t\t\t\t\t\t<figure class=\"wp-caption\">\n\t\t\t\t\t\t\t\t\t\t<img fetchpriority=\"high\" decoding=\"async\" width=\"1080\" height=\"1080\" src=\"https:\/\/meditecplus.com\/wp-content\/uploads\/2025\/11\/Silhouet-Tone-Prodcut-Picture.avif\" class=\"attachment-full size-full wp-image-8560\" alt=\"\" srcset=\"https:\/\/meditecplus.com\/wp-content\/uploads\/2025\/11\/Silhouet-Tone-Prodcut-Picture.avif 1080w, https:\/\/meditecplus.com\/wp-content\/uploads\/2025\/11\/Silhouet-Tone-Prodcut-Picture-300x300.avif 300w, https:\/\/meditecplus.com\/wp-content\/uploads\/2025\/11\/Silhouet-Tone-Prodcut-Picture-1024x1024.avif 1024w, https:\/\/meditecplus.com\/wp-content\/uploads\/2025\/11\/Silhouet-Tone-Prodcut-Picture-150x150.avif 150w, https:\/\/meditecplus.com\/wp-content\/uploads\/2025\/11\/Silhouet-Tone-Prodcut-Picture-768x768.avif 768w\" sizes=\"(max-width: 1080px) 100vw, 1080px\" \/>\t\t\t\t\t\t\t\t\t\t\t<figcaption class=\"widget-image-caption wp-caption-text\"><\/figcaption>\n\t\t\t\t\t\t\t\t\t\t<\/figure>\n\t\t\t\t\t\t\t\t\t<\/div>\n\t\t\t\t<\/div>\n\t\t\t\t<\/div>\n\t\t<div class=\"elementor-element elementor-element-aa02dff e-con-full e-flex e-con e-child\" data-id=\"aa02dff\" data-element_type=\"container\" data-e-type=\"container\">\n\t\t\t\t<div class=\"elementor-element elementor-element-3119c54 elementor-widget elementor-widget-heading\" data-id=\"3119c54\" data-element_type=\"widget\" data-e-type=\"widget\" data-widget_type=\"heading.default\">\n\t\t\t\t<div class=\"elementor-widget-container\">\n\t\t\t\t\t<h2 class=\"elementor-heading-title elementor-size-default\">CHAISES SILHOUET-TONE<\/h2>\t\t\t\t<\/div>\n\t\t\t\t<\/div>\n\t\t\t\t<div class=\"elementor-element elementor-element-871b7e3 elementor-widget elementor-widget-text-editor\" data-id=\"871b7e3\" data-element_type=\"widget\" data-e-type=\"widget\" data-widget_type=\"text-editor.default\">\n\t\t\t\t<div class=\"elementor-widget-container\">\n\t\t\t\t\t\t\t\t\t<p data-pm-slice=\"1 1 []\">La collection Elite est la gamme la plus sophistiqu\u00e9e de fauteuils de traitement. Dot\u00e9e d&rsquo;un cadre stable avec des pieds r\u00e9glables pour les sols irr\u00e9guliers, ses lignes \u00e9pur\u00e9es s&rsquo;harmonisent avec tous les styles de d\u00e9coration et ajoutent une touche de raffinement \u00e0 votre espace de traitement. <\/p>\t\t\t\t\t\t\t\t<\/div>\n\t\t\t\t<\/div>\n\t\t\t\t<div class=\"elementor-element elementor-element-f8bca29 elementor-widget elementor-widget-heading\" data-id=\"f8bca29\" data-element_type=\"widget\" data-e-type=\"widget\" data-widget_type=\"heading.default\">\n\t\t\t\t<div class=\"elementor-widget-container\">\n\t\t\t\t\t<h2 class=\"elementor-heading-title elementor-size-default\">Elite MD100<\/h2>\t\t\t\t<\/div>\n\t\t\t\t<\/div>\n\t\t\t\t<div class=\"elementor-element elementor-element-05b5cef elementor-widget elementor-widget-text-editor\" data-id=\"05b5cef\" data-element_type=\"widget\" data-e-type=\"widget\" data-widget_type=\"text-editor.default\">\n\t\t\t\t<div class=\"elementor-widget-container\">\n\t\t\t\t\t\t\t\t\t<p>Fauteuil haut de gamme con\u00e7u pour les instituts de m\u00e9decine esth\u00e9tique, l&rsquo;Elite MD-100 est le fauteuil de choix pour les professionnels proposant des traitements esth\u00e9tiques m\u00e9dicaux sp\u00e9cialis\u00e9s. Il offre un mouvement \u00e9lectrique avec des repose-jambes et des accoudoirs r\u00e9glables et amovibles, offrant une exp\u00e9rience luxueuse, confortable et pratique tant pour le professionnel que pour le patient. <\/p>\t\t\t\t\t\t\t\t<\/div>\n\t\t\t\t<\/div>\n\t\t\t\t<div class=\"elementor-element elementor-element-c403e8c elementor-widget elementor-widget-heading\" data-id=\"c403e8c\" data-element_type=\"widget\" data-e-type=\"widget\" data-widget_type=\"heading.default\">\n\t\t\t\t<div class=\"elementor-widget-container\">\n\t\t\t\t\t<h2 class=\"elementor-heading-title elementor-size-default\">Elite Platinum<\/h2>\t\t\t\t<\/div>\n\t\t\t\t<\/div>\n\t\t\t\t<div class=\"elementor-element elementor-element-9fed3f5 elementor-widget elementor-widget-text-editor\" data-id=\"9fed3f5\" data-element_type=\"widget\" data-e-type=\"widget\" data-widget_type=\"text-editor.default\">\n\t\t\t\t<div class=\"elementor-widget-container\">\n\t\t\t\t\t\t\t\t\t<p>Con\u00e7ue pour les cabinets m\u00e9dicaux et les salons de beaut\u00e9 sp\u00e9cialis\u00e9s, cette chaise offre aux clients et aux professionnels plusieurs options d&rsquo;inclinaison, allant de la position verticale \u00e0 la position de Trendelenburg. L&rsquo;Elite Platinum est indispensable pour les soins du visage et du d\u00e9collet\u00e9 et est particuli\u00e8rement adapt\u00e9e aux traitements au laser, \u00e0 la lumi\u00e8re puls\u00e9e intense (IPL), aux injections et \u00e0 la microdermabrasion. Son design ergonomique offre un confort in\u00e9gal\u00e9 pendant les longues s\u00e9ances de traitement.  <\/p>\t\t\t\t\t\t\t\t<\/div>\n\t\t\t\t<\/div>\n\t\t\t\t<div class=\"elementor-element elementor-element-27076ba elementor-widget elementor-widget-heading\" data-id=\"27076ba\" data-element_type=\"widget\" data-e-type=\"widget\" data-widget_type=\"heading.default\">\n\t\t\t\t<div class=\"elementor-widget-container\">\n\t\t\t\t\t<h2 class=\"elementor-heading-title elementor-size-default\">Elite SilverStar<\/h2>\t\t\t\t<\/div>\n\t\t\t\t<\/div>\n\t\t\t\t<div class=\"elementor-element elementor-element-f736042 elementor-widget elementor-widget-text-editor\" data-id=\"f736042\" data-element_type=\"widget\" data-e-type=\"widget\" data-widget_type=\"text-editor.default\">\n\t\t\t\t<div class=\"elementor-widget-container\">\n\t\t\t\t\t\t\t\t\t<p>Con\u00e7u pour les soins du visage, les traitements m\u00e9dico-esth\u00e9tiques et l&rsquo;application de maquillage, l&rsquo;Elite Silver Star pivote \u00e0 360 degr\u00e9s. Simple et \u00e9l\u00e9gant, c&rsquo;est un outil indispensable pour vos soins du visage, vous offrant tout le confort possible pour l&rsquo;\u00e9pilation \u00e0 la cire. <\/p>\t\t\t\t\t\t\t\t<\/div>\n\t\t\t\t<\/div>\n\t\t\t\t<div class=\"elementor-element elementor-element-e3e52b3 elementor-widget elementor-widget-heading\" data-id=\"e3e52b3\" data-element_type=\"widget\" data-e-type=\"widget\" data-widget_type=\"heading.default\">\n\t\t\t\t<div class=\"elementor-widget-container\">\n\t\t\t\t\t<h2 class=\"elementor-heading-title elementor-size-default\">Elite Bronze<\/h2>\t\t\t\t<\/div>\n\t\t\t\t<\/div>\n\t\t\t\t<div class=\"elementor-element elementor-element-7d3f5e4 elementor-widget elementor-widget-text-editor\" data-id=\"7d3f5e4\" data-element_type=\"widget\" data-e-type=\"widget\" data-widget_type=\"text-editor.default\">\n\t\t\t\t<div class=\"elementor-widget-container\">\n\t\t\t\t\t\t\t\t\t<p>This is the ideal chair for electrolysis practitioners. Comfortable and ergonomic, it offers a multitude of positioning options and can be adjusted in height thanks to its hydraulic piston. With generous 3-inch padding for added comfort, this chair is sure to appeal to you and your clients.  <\/p>\t\t\t\t\t\t\t\t<\/div>\n\t\t\t\t<\/div>\n\t\t\t\t<\/div>\n\t\t\t\t<\/div>\n\t\t\t\t<\/div>\n\t\t\t\t<\/div>\n\t\t","protected":false},"excerpt":{"rendered":"<p>Pr\u00e9sidents de proc\u00e9dure Une conception Made in North America, sans aucune sous-traitance d&rsquo;aucune sorte. Brochure sur les fauteuils proc\u00e9duraux CHAISES [&hellip;]<\/p>\n","protected":false},"author":1,"featured_media":0,"parent":0,"menu_order":0,"comment_status":"closed","ping_status":"closed","template":"","meta":{"site-sidebar-layout":"no-sidebar","site-content-layout":"","ast-site-content-layout":"full-width-container","site-content-style":"default","site-sidebar-style":"default","ast-global-header-display":"","ast-banner-title-visibility":"","ast-main-header-display":"","ast-hfb-above-header-display":"","ast-hfb-below-header-display":"","ast-hfb-mobile-header-display":"","site-post-title":"disabled","ast-breadcrumbs-content":"","ast-featured-img":"disabled","footer-sml-layout":"","ast-disable-related-posts":"","theme-transparent-header-meta":"default","adv-header-id-meta":"","stick-header-meta":"","header-above-stick-meta":"","header-main-stick-meta":"","header-below-stick-meta":"","astra-migrate-meta-layouts":"default","ast-page-background-enabled":"default","ast-page-background-meta":{"desktop":{"background-color":"var(--ast-global-color-5)","background-image":"","background-repeat":"repeat","background-position":"center center","background-size":"auto","background-attachment":"scroll","background-type":"","background-media":"","overlay-type":"","overlay-color":"","overlay-opacity":"","overlay-gradient":""},"tablet":{"background-color":"","background-image":"","background-repeat":"repeat","background-position":"center center","background-size":"auto","background-attachment":"scroll","background-type":"","background-media":"","overlay-type":"","overlay-color":"","overlay-opacity":"","overlay-gradient":""},"mobile":{"background-color":"","background-image":"","background-repeat":"repeat","background-position":"center center","background-size":"auto","background-attachment":"scroll","background-type":"","background-media":"","overlay-type":"","overlay-color":"","overlay-opacity":"","overlay-gradient":""}},"ast-content-background-meta":{"desktop":{"background-color":"var(--ast-global-color-4)","background-image":"","background-repeat":"repeat","background-position":"center center","background-size":"auto","background-attachment":"scroll","background-type":"","background-media":"","overlay-type":"","overlay-color":"","overlay-opacity":"","overlay-gradient":""},"tablet":{"background-color":"var(--ast-global-color-4)","background-image":"","background-repeat":"repeat","background-position":"center center","background-size":"auto","background-attachment":"scroll","background-type":"","background-media":"","overlay-type":"","overlay-color":"","overlay-opacity":"","overlay-gradient":""},"mobile":{"background-color":"var(--ast-global-color-4)","background-image":"","background-repeat":"repeat","background-position":"center center","background-size":"auto","background-attachment":"scroll","background-type":"","background-media":"","overlay-type":"","overlay-color":"","overlay-opacity":"","overlay-gradient":""}},"footnotes":""},"class_list":["post-8559","page","type-page","status-publish","hentry"],"yoast_head":"<!-- This site is optimized with the Yoast SEO plugin v27.4 - https:\/\/yoast.com\/product\/yoast-seo-wordpress\/ -->\n<title>Pr\u00e9sidents de proc\u00e9dure - meditecplus.com<\/title>\n<meta name=\"robots\" content=\"index, follow, max-snippet:-1, max-image-preview:large, max-video-preview:-1\" \/>\n<link rel=\"canonical\" href=\"https:\/\/meditecplus.com\/fr\/presidents-de-procedure\/\" \/>\n<meta property=\"og:locale\" content=\"fr_FR\" \/>\n<meta property=\"og:type\" content=\"article\" \/>\n<meta property=\"og:title\" content=\"Pr\u00e9sidents de proc\u00e9dure - meditecplus.com\" \/>\n<meta property=\"og:description\" content=\"Pr\u00e9sidents de proc\u00e9dure Une conception Made in North America, sans aucune sous-traitance d&rsquo;aucune sorte. Brochure sur les fauteuils proc\u00e9duraux CHAISES [&hellip;]\" \/>\n<meta property=\"og:url\" content=\"https:\/\/meditecplus.com\/fr\/presidents-de-procedure\/\" \/>\n<meta property=\"og:site_name\" content=\"meditecplus.com\" \/>\n<meta property=\"article:modified_time\" content=\"2026-02-25T22:39:25+00:00\" \/>\n<meta property=\"og:image\" content=\"https:\/\/meditecplus.com\/wp-content\/uploads\/2025\/11\/Silhouet-Tone-Prodcut-Picture.avif\" \/>\n\t<meta property=\"og:image:width\" content=\"1080\" \/>\n\t<meta property=\"og:image:height\" content=\"1080\" \/>\n\t<meta property=\"og:image:type\" content=\"image\/jpeg\" \/>\n<meta name=\"twitter:card\" content=\"summary_large_image\" \/>\n<meta name=\"twitter:label1\" content=\"Dur\u00e9e de lecture estim\u00e9e\" \/>\n\t<meta name=\"twitter:data1\" content=\"2 minutes\" \/>\n<script type=\"application\/ld+json\" class=\"yoast-schema-graph\">{\"@context\":\"https:\\\/\\\/schema.org\",\"@graph\":[{\"@type\":\"WebPage\",\"@id\":\"https:\\\/\\\/meditecplus.com\\\/fr\\\/presidents-de-procedure\\\/\",\"url\":\"https:\\\/\\\/meditecplus.com\\\/fr\\\/presidents-de-procedure\\\/\",\"name\":\"Pr\u00e9sidents de proc\u00e9dure - meditecplus.com\",\"isPartOf\":{\"@id\":\"https:\\\/\\\/meditecplus.com\\\/fr\\\/#website\"},\"primaryImageOfPage\":{\"@id\":\"https:\\\/\\\/meditecplus.com\\\/fr\\\/presidents-de-procedure\\\/#primaryimage\"},\"image\":{\"@id\":\"https:\\\/\\\/meditecplus.com\\\/fr\\\/presidents-de-procedure\\\/#primaryimage\"},\"thumbnailUrl\":\"http:\\\/\\\/meditecplus.com\\\/wp-content\\\/uploads\\\/2025\\\/11\\\/Silhouet-Tone-Prodcut-Picture.avif\",\"datePublished\":\"2025-09-14T23:44:16+00:00\",\"dateModified\":\"2026-02-25T22:39:25+00:00\",\"breadcrumb\":{\"@id\":\"https:\\\/\\\/meditecplus.com\\\/fr\\\/presidents-de-procedure\\\/#breadcrumb\"},\"inLanguage\":\"fr-FR\",\"potentialAction\":[{\"@type\":\"ReadAction\",\"target\":[\"https:\\\/\\\/meditecplus.com\\\/fr\\\/presidents-de-procedure\\\/\"]}]},{\"@type\":\"ImageObject\",\"inLanguage\":\"fr-FR\",\"@id\":\"https:\\\/\\\/meditecplus.com\\\/fr\\\/presidents-de-procedure\\\/#primaryimage\",\"url\":\"http:\\\/\\\/meditecplus.com\\\/wp-content\\\/uploads\\\/2025\\\/11\\\/Silhouet-Tone-Prodcut-Picture.avif\",\"contentUrl\":\"http:\\\/\\\/meditecplus.com\\\/wp-content\\\/uploads\\\/2025\\\/11\\\/Silhouet-Tone-Prodcut-Picture.avif\"},{\"@type\":\"BreadcrumbList\",\"@id\":\"https:\\\/\\\/meditecplus.com\\\/fr\\\/presidents-de-procedure\\\/#breadcrumb\",\"itemListElement\":[{\"@type\":\"ListItem\",\"position\":1,\"name\":\"Home\",\"item\":\"https:\\\/\\\/meditecplus.com\\\/fr\\\/\"},{\"@type\":\"ListItem\",\"position\":2,\"name\":\"Pr\u00e9sidents de proc\u00e9dure\"}]},{\"@type\":\"WebSite\",\"@id\":\"https:\\\/\\\/meditecplus.com\\\/fr\\\/#website\",\"url\":\"https:\\\/\\\/meditecplus.com\\\/fr\\\/\",\"name\":\"meditecplus.com\",\"description\":\"\",\"potentialAction\":[{\"@type\":\"SearchAction\",\"target\":{\"@type\":\"EntryPoint\",\"urlTemplate\":\"https:\\\/\\\/meditecplus.com\\\/fr\\\/?s={search_term_string}\"},\"query-input\":{\"@type\":\"PropertyValueSpecification\",\"valueRequired\":true,\"valueName\":\"search_term_string\"}}],\"inLanguage\":\"fr-FR\"}]}<\/script>\n<!-- \/ Yoast SEO plugin. -->","yoast_head_json":{"title":"Pr\u00e9sidents de proc\u00e9dure - meditecplus.com","robots":{"index":"index","follow":"follow","max-snippet":"max-snippet:-1","max-image-preview":"max-image-preview:large","max-video-preview":"max-video-preview:-1"},"canonical":"https:\/\/meditecplus.com\/fr\/presidents-de-procedure\/","og_locale":"fr_FR","og_type":"article","og_title":"Pr\u00e9sidents de proc\u00e9dure - meditecplus.com","og_description":"Pr\u00e9sidents de proc\u00e9dure Une conception Made in North America, sans aucune sous-traitance d&rsquo;aucune sorte. Brochure sur les fauteuils proc\u00e9duraux CHAISES [&hellip;]","og_url":"https:\/\/meditecplus.com\/fr\/presidents-de-procedure\/","og_site_name":"meditecplus.com","article_modified_time":"2026-02-25T22:39:25+00:00","og_image":[{"width":1080,"height":1080,"url":"https:\/\/meditecplus.com\/wp-content\/uploads\/2025\/11\/Silhouet-Tone-Prodcut-Picture.avif","type":"image\/jpeg"}],"twitter_card":"summary_large_image","twitter_misc":{"Dur\u00e9e de lecture estim\u00e9e":"2 minutes"},"schema":{"@context":"https:\/\/schema.org","@graph":[{"@type":"WebPage","@id":"https:\/\/meditecplus.com\/fr\/presidents-de-procedure\/","url":"https:\/\/meditecplus.com\/fr\/presidents-de-procedure\/","name":"Pr\u00e9sidents de proc\u00e9dure - meditecplus.com","isPartOf":{"@id":"https:\/\/meditecplus.com\/fr\/#website"},"primaryImageOfPage":{"@id":"https:\/\/meditecplus.com\/fr\/presidents-de-procedure\/#primaryimage"},"image":{"@id":"https:\/\/meditecplus.com\/fr\/presidents-de-procedure\/#primaryimage"},"thumbnailUrl":"http:\/\/meditecplus.com\/wp-content\/uploads\/2025\/11\/Silhouet-Tone-Prodcut-Picture.avif","datePublished":"2025-09-14T23:44:16+00:00","dateModified":"2026-02-25T22:39:25+00:00","breadcrumb":{"@id":"https:\/\/meditecplus.com\/fr\/presidents-de-procedure\/#breadcrumb"},"inLanguage":"fr-FR","potentialAction":[{"@type":"ReadAction","target":["https:\/\/meditecplus.com\/fr\/presidents-de-procedure\/"]}]},{"@type":"ImageObject","inLanguage":"fr-FR","@id":"https:\/\/meditecplus.com\/fr\/presidents-de-procedure\/#primaryimage","url":"http:\/\/meditecplus.com\/wp-content\/uploads\/2025\/11\/Silhouet-Tone-Prodcut-Picture.avif","contentUrl":"http:\/\/meditecplus.com\/wp-content\/uploads\/2025\/11\/Silhouet-Tone-Prodcut-Picture.avif"},{"@type":"BreadcrumbList","@id":"https:\/\/meditecplus.com\/fr\/presidents-de-procedure\/#breadcrumb","itemListElement":[{"@type":"ListItem","position":1,"name":"Home","item":"https:\/\/meditecplus.com\/fr\/"},{"@type":"ListItem","position":2,"name":"Pr\u00e9sidents de proc\u00e9dure"}]},{"@type":"WebSite","@id":"https:\/\/meditecplus.com\/fr\/#website","url":"https:\/\/meditecplus.com\/fr\/","name":"meditecplus.com","description":"","potentialAction":[{"@type":"SearchAction","target":{"@type":"EntryPoint","urlTemplate":"https:\/\/meditecplus.com\/fr\/?s={search_term_string}"},"query-input":{"@type":"PropertyValueSpecification","valueRequired":true,"valueName":"search_term_string"}}],"inLanguage":"fr-FR"}]}},"_links":{"self":[{"href":"https:\/\/meditecplus.com\/fr\/wp-json\/wp\/v2\/pages\/8559","targetHints":{"allow":["GET"]}}],"collection":[{"href":"https:\/\/meditecplus.com\/fr\/wp-json\/wp\/v2\/pages"}],"about":[{"href":"https:\/\/meditecplus.com\/fr\/wp-json\/wp\/v2\/types\/page"}],"author":[{"embeddable":true,"href":"https:\/\/meditecplus.com\/fr\/wp-json\/wp\/v2\/users\/1"}],"replies":[{"embeddable":true,"href":"https:\/\/meditecplus.com\/fr\/wp-json\/wp\/v2\/comments?post=8559"}],"version-history":[{"count":2,"href":"https:\/\/meditecplus.com\/fr\/wp-json\/wp\/v2\/pages\/8559\/revisions"}],"predecessor-version":[{"id":8650,"href":"https:\/\/meditecplus.com\/fr\/wp-json\/wp\/v2\/pages\/8559\/revisions\/8650"}],"wp:attachment":[{"href":"https:\/\/meditecplus.com\/fr\/wp-json\/wp\/v2\/media?parent=8559"}],"curies":[{"name":"wp","href":"https:\/\/api.w.org\/{rel}","templated":true}]}}