{"id":8548,"date":"2025-06-21T01:48:19","date_gmt":"2025-06-21T01:48:19","guid":{"rendered":"https:\/\/meditecplus.com\/exportation-de-donnees-avec-clearlink\/"},"modified":"2026-02-19T16:11:07","modified_gmt":"2026-02-19T16:11:07","slug":"exportation-de-donnees-avec-clearlink","status":"publish","type":"page","link":"https:\/\/meditecplus.com\/fr\/exportation-de-donnees-avec-clearlink\/","title":{"rendered":"Exportation de donn\u00e9es avec ClearLink"},"content":{"rendered":"\t\t<div data-elementor-type=\"wp-page\" data-elementor-id=\"8548\" class=\"elementor elementor-8548 elementor-62\" data-elementor-post-type=\"page\">\n\t\t\t\t<div class=\"elementor-element elementor-element-42b9eab e-flex e-con-boxed e-con e-parent\" data-id=\"42b9eab\" data-element_type=\"container\" data-e-type=\"container\">\n\t\t\t\t\t<div class=\"e-con-inner\">\n\t\t<div class=\"elementor-element elementor-element-f3ea7bf e-con-full e-flex e-con e-child\" data-id=\"f3ea7bf\" data-element_type=\"container\" data-e-type=\"container\">\n\t\t\t\t<div class=\"elementor-element elementor-element-a39e1a2 elementor-widget elementor-widget-heading\" data-id=\"a39e1a2\" data-element_type=\"widget\" data-e-type=\"widget\" data-widget_type=\"heading.default\">\n\t\t\t\t<div class=\"elementor-widget-container\">\n\t\t\t\t\t<h2 class=\"elementor-heading-title elementor-size-default\">Exportation des donn\u00e9es des patients avec ClearLink<\/h2>\t\t\t\t<\/div>\n\t\t\t\t<\/div>\n\t\t\t\t<div class=\"elementor-element elementor-element-87c783c elementor-widget elementor-widget-heading\" data-id=\"87c783c\" data-element_type=\"widget\" data-e-type=\"widget\" data-widget_type=\"heading.default\">\n\t\t\t\t<div class=\"elementor-widget-container\">\n\t\t\t\t\t<h2 class=\"elementor-heading-title elementor-size-default\">Exportation s\u00e9curis\u00e9e des dossiers de phototh\u00e9rapie des patients \u00e0 des fins d'examen clinique<\/h2>\t\t\t\t<\/div>\n\t\t\t\t<\/div>\n\t\t\t\t<\/div>\n\t\t\t\t\t<\/div>\n\t\t\t\t<\/div>\n\t\t<div class=\"elementor-element elementor-element-483232a e-con-full e-flex e-con e-parent\" data-id=\"483232a\" data-element_type=\"container\" data-e-type=\"container\">\n\t\t<div class=\"elementor-element elementor-element-2c55ffe e-con-full e-flex e-con e-child\" data-id=\"2c55ffe\" data-element_type=\"container\" data-e-type=\"container\">\n\t\t\t\t<div class=\"elementor-element elementor-element-1104c4e elementor-widget elementor-widget-video\" data-id=\"1104c4e\" data-element_type=\"widget\" data-e-type=\"widget\" data-settings=\"{&quot;youtube_url&quot;:&quot;https:\\\/\\\/www.youtube.com\\\/watch?v=jcjNx3iJzuM&quot;,&quot;video_type&quot;:&quot;youtube&quot;,&quot;controls&quot;:&quot;yes&quot;}\" data-widget_type=\"video.default\">\n\t\t\t\t<div class=\"elementor-widget-container\">\n\t\t\t\t\t\t\t<div class=\"elementor-wrapper elementor-open-inline\">\n\t\t\t<div class=\"elementor-video\"><\/div>\t\t<\/div>\n\t\t\t\t\t\t<\/div>\n\t\t\t\t<\/div>\n\t\t\t\t<\/div>\n\t\t<div class=\"elementor-element elementor-element-af73632 e-con-full e-flex e-con e-child\" data-id=\"af73632\" data-element_type=\"container\" data-e-type=\"container\">\n\t\t\t\t<div class=\"elementor-element elementor-element-b8f69e0 elementor-widget elementor-widget-text-editor\" data-id=\"b8f69e0\" data-element_type=\"widget\" data-e-type=\"widget\" data-widget_type=\"text-editor.default\">\n\t\t\t\t<div class=\"elementor-widget-container\">\n\t\t\t\t\t\t\t\t\t<p class=\"font_8 wixui-rich-text__text\">Gr\u00e2ce au contr\u00f4leur ClearLink unique de Daavlin, l&rsquo;exportation des donn\u00e9es de traitement des patients est rapide, s\u00e9curis\u00e9e et simple. Vous avez besoin de partager l&rsquo;historique de phototh\u00e9rapie d&rsquo;un patient avec un dermatologue ou un syst\u00e8me de DME ? ClearLink est l\u00e0 pour vous aider.<\/p><p class=\"font_8 wixui-rich-text__text\">Plus besoin de transcrire manuellement les registres de traitement ou d&rsquo;estimer les doses. Les fichiers export\u00e9s comprennent :<\/p><ul class=\"font_8 wixui-rich-text__text\"><li class=\"wixui-rich-text__text\"><p class=\"font_8 wixui-rich-text__text\">Dates et heures des traitements<\/p><\/li><li class=\"wixui-rich-text__text\"><p class=\"font_8 wixui-rich-text__text\">Doses d&rsquo;UV pour chaque s\u00e9ance<\/p><\/li><li class=\"wixui-rich-text__text\"><p class=\"font_8 wixui-rich-text__text\">Identifiants des patients et protocoles prescrits<\/p><\/li><\/ul><p class=\"font_8 wixui-rich-text__text\">Id\u00e9al pour r\u00e9pondre aux demandes des m\u00e9decins, int\u00e9grer les dossiers m\u00e9dicaux ou conserver une documentation compl\u00e8te, le tout en quelques clics seulement.<\/p>\t\t\t\t\t\t\t\t<\/div>\n\t\t\t\t<\/div>\n\t\t\t\t<\/div>\n\t\t\t\t<\/div>\n\t\t\t\t<\/div>\n\t\t","protected":false},"excerpt":{"rendered":"<p>Exportation des donn\u00e9es des patients avec ClearLink Exportation s\u00e9curis\u00e9e des dossiers de phototh\u00e9rapie des patients \u00e0 des fins d&rsquo;examen clinique [&hellip;]<\/p>\n","protected":false},"author":1,"featured_media":0,"parent":0,"menu_order":0,"comment_status":"closed","ping_status":"closed","template":"","meta":{"site-sidebar-layout":"no-sidebar","site-content-layout":"","ast-site-content-layout":"full-width-container","site-content-style":"default","site-sidebar-style":"default","ast-global-header-display":"","ast-banner-title-visibility":"disabled","ast-main-header-display":"disabled","ast-hfb-above-header-display":"","ast-hfb-below-header-display":"","ast-hfb-mobile-header-display":"disabled","site-post-title":"disabled","ast-breadcrumbs-content":"disabled","ast-featured-img":"disabled","footer-sml-layout":"disabled","ast-disable-related-posts":"","theme-transparent-header-meta":"default","adv-header-id-meta":"","stick-header-meta":"","header-above-stick-meta":"","header-main-stick-meta":"","header-below-stick-meta":"","astra-migrate-meta-layouts":"default","ast-page-background-enabled":"default","ast-page-background-meta":{"desktop":{"background-color":"var(--ast-global-color-5)","background-image":"","background-repeat":"repeat","background-position":"center center","background-size":"auto","background-attachment":"scroll","background-type":"","background-media":"","overlay-type":"","overlay-color":"","overlay-opacity":"","overlay-gradient":""},"tablet":{"background-color":"","background-image":"","background-repeat":"repeat","background-position":"center center","background-size":"auto","background-attachment":"scroll","background-type":"","background-media":"","overlay-type":"","overlay-color":"","overlay-opacity":"","overlay-gradient":""},"mobile":{"background-color":"","background-image":"","background-repeat":"repeat","background-position":"center center","background-size":"auto","background-attachment":"scroll","background-type":"","background-media":"","overlay-type":"","overlay-color":"","overlay-opacity":"","overlay-gradient":""}},"ast-content-background-meta":{"desktop":{"background-color":"var(--ast-global-color-4)","background-image":"","background-repeat":"repeat","background-position":"center center","background-size":"auto","background-attachment":"scroll","background-type":"","background-media":"","overlay-type":"","overlay-color":"","overlay-opacity":"","overlay-gradient":""},"tablet":{"background-color":"var(--ast-global-color-4)","background-image":"","background-repeat":"repeat","background-position":"center center","background-size":"auto","background-attachment":"scroll","background-type":"","background-media":"","overlay-type":"","overlay-color":"","overlay-opacity":"","overlay-gradient":""},"mobile":{"background-color":"var(--ast-global-color-4)","background-image":"","background-repeat":"repeat","background-position":"center center","background-size":"auto","background-attachment":"scroll","background-type":"","background-media":"","overlay-type":"","overlay-color":"","overlay-opacity":"","overlay-gradient":""}},"footnotes":""},"class_list":["post-8548","page","type-page","status-publish","hentry"],"yoast_head":"<!-- This site is optimized with the Yoast SEO plugin v27.4 - https:\/\/yoast.com\/product\/yoast-seo-wordpress\/ -->\n<title>Exportation de donn\u00e9es ClearLink | Dossiers s\u00e9curis\u00e9s de phototh\u00e9rapie<\/title>\n<meta name=\"description\" content=\"G\u00e9rez facilement les dossiers de phototh\u00e9rapie des patients gr\u00e2ce \u00e0 l&#039;exportation de donn\u00e9es ClearLink. S\u00e9curis\u00e9, rapide et transparent \u2014 disponible via Meditec Plus au Canada.\" \/>\n<meta name=\"robots\" content=\"index, follow, max-snippet:-1, max-image-preview:large, max-video-preview:-1\" \/>\n<link rel=\"canonical\" href=\"https:\/\/meditecplus.com\/fr\/exportation-de-donnees-avec-clearlink\/\" \/>\n<meta property=\"og:locale\" content=\"fr_FR\" \/>\n<meta property=\"og:type\" content=\"article\" \/>\n<meta property=\"og:title\" content=\"Exportation de donn\u00e9es ClearLink | Dossiers s\u00e9curis\u00e9s de phototh\u00e9rapie\" \/>\n<meta property=\"og:description\" content=\"G\u00e9rez facilement les dossiers de phototh\u00e9rapie des patients gr\u00e2ce \u00e0 l&#039;exportation de donn\u00e9es ClearLink. S\u00e9curis\u00e9, rapide et transparent \u2014 disponible via Meditec Plus au Canada.\" \/>\n<meta property=\"og:url\" content=\"https:\/\/meditecplus.com\/fr\/exportation-de-donnees-avec-clearlink\/\" \/>\n<meta property=\"og:site_name\" content=\"meditecplus.com\" \/>\n<meta property=\"article:modified_time\" content=\"2026-02-19T16:11:07+00:00\" \/>\n<meta name=\"twitter:card\" content=\"summary_large_image\" \/>\n<meta name=\"twitter:label1\" content=\"Dur\u00e9e de lecture estim\u00e9e\" \/>\n\t<meta name=\"twitter:data1\" content=\"1 minute\" \/>\n<script type=\"application\/ld+json\" class=\"yoast-schema-graph\">{\"@context\":\"https:\\\/\\\/schema.org\",\"@graph\":[{\"@type\":\"WebPage\",\"@id\":\"https:\\\/\\\/meditecplus.com\\\/fr\\\/exportation-de-donnees-avec-clearlink\\\/\",\"url\":\"https:\\\/\\\/meditecplus.com\\\/fr\\\/exportation-de-donnees-avec-clearlink\\\/\",\"name\":\"Exportation de donn\u00e9es ClearLink | Dossiers s\u00e9curis\u00e9s de phototh\u00e9rapie\",\"isPartOf\":{\"@id\":\"https:\\\/\\\/meditecplus.com\\\/fr\\\/#website\"},\"datePublished\":\"2025-06-21T01:48:19+00:00\",\"dateModified\":\"2026-02-19T16:11:07+00:00\",\"description\":\"G\u00e9rez facilement les dossiers de phototh\u00e9rapie des patients gr\u00e2ce \u00e0 l'exportation de donn\u00e9es ClearLink. S\u00e9curis\u00e9, rapide et transparent \u2014 disponible via Meditec Plus au Canada.\",\"breadcrumb\":{\"@id\":\"https:\\\/\\\/meditecplus.com\\\/fr\\\/exportation-de-donnees-avec-clearlink\\\/#breadcrumb\"},\"inLanguage\":\"fr-FR\",\"potentialAction\":[{\"@type\":\"ReadAction\",\"target\":[\"https:\\\/\\\/meditecplus.com\\\/fr\\\/exportation-de-donnees-avec-clearlink\\\/\"]}]},{\"@type\":\"BreadcrumbList\",\"@id\":\"https:\\\/\\\/meditecplus.com\\\/fr\\\/exportation-de-donnees-avec-clearlink\\\/#breadcrumb\",\"itemListElement\":[{\"@type\":\"ListItem\",\"position\":1,\"name\":\"Home\",\"item\":\"https:\\\/\\\/meditecplus.com\\\/fr\\\/\"},{\"@type\":\"ListItem\",\"position\":2,\"name\":\"Protected: Exportation de donn\u00e9es avec ClearLink\"}]},{\"@type\":\"WebSite\",\"@id\":\"https:\\\/\\\/meditecplus.com\\\/fr\\\/#website\",\"url\":\"https:\\\/\\\/meditecplus.com\\\/fr\\\/\",\"name\":\"meditecplus.com\",\"description\":\"\",\"potentialAction\":[{\"@type\":\"SearchAction\",\"target\":{\"@type\":\"EntryPoint\",\"urlTemplate\":\"https:\\\/\\\/meditecplus.com\\\/fr\\\/?s={search_term_string}\"},\"query-input\":{\"@type\":\"PropertyValueSpecification\",\"valueRequired\":true,\"valueName\":\"search_term_string\"}}],\"inLanguage\":\"fr-FR\"}]}<\/script>\n<!-- \/ Yoast SEO plugin. -->","yoast_head_json":{"title":"Exportation de donn\u00e9es ClearLink | Dossiers s\u00e9curis\u00e9s de phototh\u00e9rapie","description":"G\u00e9rez facilement les dossiers de phototh\u00e9rapie des patients gr\u00e2ce \u00e0 l'exportation de donn\u00e9es ClearLink. S\u00e9curis\u00e9, rapide et transparent \u2014 disponible via Meditec Plus au Canada.","robots":{"index":"index","follow":"follow","max-snippet":"max-snippet:-1","max-image-preview":"max-image-preview:large","max-video-preview":"max-video-preview:-1"},"canonical":"https:\/\/meditecplus.com\/fr\/exportation-de-donnees-avec-clearlink\/","og_locale":"fr_FR","og_type":"article","og_title":"Exportation de donn\u00e9es ClearLink | Dossiers s\u00e9curis\u00e9s de phototh\u00e9rapie","og_description":"G\u00e9rez facilement les dossiers de phototh\u00e9rapie des patients gr\u00e2ce \u00e0 l'exportation de donn\u00e9es ClearLink. S\u00e9curis\u00e9, rapide et transparent \u2014 disponible via Meditec Plus au Canada.","og_url":"https:\/\/meditecplus.com\/fr\/exportation-de-donnees-avec-clearlink\/","og_site_name":"meditecplus.com","article_modified_time":"2026-02-19T16:11:07+00:00","twitter_card":"summary_large_image","twitter_misc":{"Dur\u00e9e de lecture estim\u00e9e":"1 minute"},"schema":{"@context":"https:\/\/schema.org","@graph":[{"@type":"WebPage","@id":"https:\/\/meditecplus.com\/fr\/exportation-de-donnees-avec-clearlink\/","url":"https:\/\/meditecplus.com\/fr\/exportation-de-donnees-avec-clearlink\/","name":"Exportation de donn\u00e9es ClearLink | Dossiers s\u00e9curis\u00e9s de phototh\u00e9rapie","isPartOf":{"@id":"https:\/\/meditecplus.com\/fr\/#website"},"datePublished":"2025-06-21T01:48:19+00:00","dateModified":"2026-02-19T16:11:07+00:00","description":"G\u00e9rez facilement les dossiers de phototh\u00e9rapie des patients gr\u00e2ce \u00e0 l'exportation de donn\u00e9es ClearLink. S\u00e9curis\u00e9, rapide et transparent \u2014 disponible via Meditec Plus au Canada.","breadcrumb":{"@id":"https:\/\/meditecplus.com\/fr\/exportation-de-donnees-avec-clearlink\/#breadcrumb"},"inLanguage":"fr-FR","potentialAction":[{"@type":"ReadAction","target":["https:\/\/meditecplus.com\/fr\/exportation-de-donnees-avec-clearlink\/"]}]},{"@type":"BreadcrumbList","@id":"https:\/\/meditecplus.com\/fr\/exportation-de-donnees-avec-clearlink\/#breadcrumb","itemListElement":[{"@type":"ListItem","position":1,"name":"Home","item":"https:\/\/meditecplus.com\/fr\/"},{"@type":"ListItem","position":2,"name":"Protected: Exportation de donn\u00e9es avec ClearLink"}]},{"@type":"WebSite","@id":"https:\/\/meditecplus.com\/fr\/#website","url":"https:\/\/meditecplus.com\/fr\/","name":"meditecplus.com","description":"","potentialAction":[{"@type":"SearchAction","target":{"@type":"EntryPoint","urlTemplate":"https:\/\/meditecplus.com\/fr\/?s={search_term_string}"},"query-input":{"@type":"PropertyValueSpecification","valueRequired":true,"valueName":"search_term_string"}}],"inLanguage":"fr-FR"}]}},"_links":{"self":[{"href":"https:\/\/meditecplus.com\/fr\/wp-json\/wp\/v2\/pages\/8548","targetHints":{"allow":["GET"]}}],"collection":[{"href":"https:\/\/meditecplus.com\/fr\/wp-json\/wp\/v2\/pages"}],"about":[{"href":"https:\/\/meditecplus.com\/fr\/wp-json\/wp\/v2\/types\/page"}],"author":[{"embeddable":true,"href":"https:\/\/meditecplus.com\/fr\/wp-json\/wp\/v2\/users\/1"}],"replies":[{"embeddable":true,"href":"https:\/\/meditecplus.com\/fr\/wp-json\/wp\/v2\/comments?post=8548"}],"version-history":[{"count":1,"href":"https:\/\/meditecplus.com\/fr\/wp-json\/wp\/v2\/pages\/8548\/revisions"}],"predecessor-version":[{"id":8549,"href":"https:\/\/meditecplus.com\/fr\/wp-json\/wp\/v2\/pages\/8548\/revisions\/8549"}],"wp:attachment":[{"href":"https:\/\/meditecplus.com\/fr\/wp-json\/wp\/v2\/media?parent=8548"}],"curies":[{"name":"wp","href":"https:\/\/api.w.org\/{rel}","templated":true}]}}