{"id":8538,"date":"2025-06-21T01:45:20","date_gmt":"2025-06-21T01:45:20","guid":{"rendered":"https:\/\/meditecplus.com\/patient\/"},"modified":"2026-02-25T22:39:34","modified_gmt":"2026-02-25T22:39:34","slug":"patient","status":"publish","type":"page","link":"https:\/\/meditecplus.com\/fr\/patient\/","title":{"rendered":"PATIENT"},"content":{"rendered":"\t\t<div data-elementor-type=\"wp-page\" data-elementor-id=\"8538\" class=\"elementor elementor-8538 elementor-50\" data-elementor-post-type=\"page\">\n\t\t\t\t<div class=\"elementor-element elementor-element-f259d04 e-con-full e-flex e-con e-parent\" data-id=\"f259d04\" data-element_type=\"container\" data-e-type=\"container\" data-settings=\"{&quot;background_background&quot;:&quot;classic&quot;}\">\n\t\t<div class=\"elementor-element elementor-element-29520ed e-con-full e-flex e-con e-child\" data-id=\"29520ed\" data-element_type=\"container\" data-e-type=\"container\">\n\t\t\t\t<div class=\"elementor-element elementor-element-b35efa6 elementor-widget-mobile__width-initial elementor-widget elementor-widget-heading\" data-id=\"b35efa6\" data-element_type=\"widget\" data-e-type=\"widget\" data-widget_type=\"heading.default\">\n\t\t\t\t<div class=\"elementor-widget-container\">\n\t\t\t\t\t<h2 class=\"elementor-heading-title elementor-size-default\">PATIENT<\/h2>\t\t\t\t<\/div>\n\t\t\t\t<\/div>\n\t\t\t\t<div class=\"elementor-element elementor-element-20aec15 elementor-widget elementor-widget-text-editor\" data-id=\"20aec15\" data-element_type=\"widget\" data-e-type=\"widget\" data-widget_type=\"text-editor.default\">\n\t\t\t\t<div class=\"elementor-widget-container\">\n\t\t\t\t\t\t\t\t\t<p class=\"font_8 wixui-rich-text__text\">Phototh\u00e9rapie s\u00fbre, simple et efficace pour un usage domestique Reconnue par les dermatologues, con\u00e7ue pour le confort, Meditec Plus vous apporte la tranquillit\u00e9 d&rsquo;esprit en vous offrant une phototh\u00e9rapie de qualit\u00e9 professionnelle \u00e0 domicile.<\/p>\t\t\t\t\t\t\t\t<\/div>\n\t\t\t\t<\/div>\n\t\t\t\t<\/div>\n\t\t\t\t<\/div>\n\t\t<div class=\"elementor-element elementor-element-cc1caca e-con-full e-flex e-con e-parent\" data-id=\"cc1caca\" data-element_type=\"container\" data-e-type=\"container\">\n\t\t<div class=\"elementor-element elementor-element-5966285 e-con-full e-flex e-con e-child\" data-id=\"5966285\" data-element_type=\"container\" data-e-type=\"container\" data-settings=\"{&quot;background_background&quot;:&quot;classic&quot;}\">\n\t\t\t\t<\/div>\n\t\t<div class=\"elementor-element elementor-element-fb06f4d e-con-full e-flex e-con e-child\" data-id=\"fb06f4d\" data-element_type=\"container\" data-e-type=\"container\">\n\t\t\t\t<div class=\"elementor-element elementor-element-3959aa1 elementor-headline--style-highlight elementor-widget elementor-widget-animated-headline\" data-id=\"3959aa1\" data-element_type=\"widget\" data-e-type=\"widget\" data-settings=\"{&quot;marker&quot;:&quot;underline&quot;,&quot;highlighted_text&quot;:&quot;Depuis chez soi&quot;,&quot;headline_style&quot;:&quot;highlight&quot;,&quot;loop&quot;:&quot;yes&quot;,&quot;highlight_animation_duration&quot;:1200,&quot;highlight_iteration_delay&quot;:8000}\" data-widget_type=\"animated-headline.default\">\n\t\t\t\t<div class=\"elementor-widget-container\">\n\t\t\t\t\t\t\t<h3 class=\"elementor-headline\">\n\t\t\t\t\t<span class=\"elementor-headline-plain-text elementor-headline-text-wrapper\">Prenez le contr\u00f4le de la sant\u00e9 de votre peau \u2014<\/span>\n\t\t\t\t<span class=\"elementor-headline-dynamic-wrapper elementor-headline-text-wrapper\">\n\t\t\t\t\t<span class=\"elementor-headline-dynamic-text elementor-headline-text-active\">Depuis chez soi<\/span>\n\t\t\t\t<\/span>\n\t\t\t\t<\/h3>\n\t\t\t\t\t\t<\/div>\n\t\t\t\t<\/div>\n\t\t\t\t<div class=\"elementor-element elementor-element-ecf2252 elementor-widget elementor-widget-heading\" data-id=\"ecf2252\" data-element_type=\"widget\" data-e-type=\"widget\" data-widget_type=\"heading.default\">\n\t\t\t\t<div class=\"elementor-widget-container\">\n\t\t\t\t\t<h2 class=\"elementor-heading-title elementor-size-default\">Tous les prix sont en dollars canadiens (CAD $), sans droits de douane ni frais d'importation cach\u00e9s.\n\n<\/h2>\t\t\t\t<\/div>\n\t\t\t\t<\/div>\n\t\t\t\t<div class=\"elementor-element elementor-element-1b8c04a elementor-widget elementor-widget-text-editor\" data-id=\"1b8c04a\" data-element_type=\"widget\" data-e-type=\"widget\" data-widget_type=\"text-editor.default\">\n\t\t\t\t<div class=\"elementor-widget-container\">\n\t\t\t\t\t\t\t\t\t<p class=\"font_8 wixui-rich-text__text\">La prise en charge des affections cutan\u00e9es chroniques telles que le psoriasis, le vitiligo et l&rsquo;ecz\u00e9ma peut s&rsquo;av\u00e9rer difficile, mais gr\u00e2ce \u00e0 Meditec Plus, vous pouvez d\u00e9sormais b\u00e9n\u00e9ficier d&rsquo;un traitement par phototh\u00e9rapie s\u00fbr et efficace dans le confort de votre domicile. Nos appareils de phototh\u00e9rapie avanc\u00e9s \u00e0 usage domestique offrent une th\u00e9rapie par la lumi\u00e8re de qualit\u00e9 professionnelle, vous permettant de prendre en main la sant\u00e9 de votre peau en toute simplicit\u00e9 et en toute confiance.<\/p><p class=\"font_8 wixui-rich-text__text\">S&rsquo;appuyant sur une technologie cliniquement \u00e9prouv\u00e9e, nos appareils offrent des options de traitement cibl\u00e9es ou sur l&rsquo;ensemble du corps pour aider \u00e0 r\u00e9duire l&rsquo;inflammation, soulager les sympt\u00f4mes et favoriser la gu\u00e9rison, le tout sous la supervision de votre professionnel de sant\u00e9.<\/p><p class=\"font_8 wixui-rich-text__text\">Si vous avez besoin d&rsquo;aide, notre r\u00e9seau de techniciens qualifi\u00e9s est \u00e0 votre disposition partout au Canada pour vous fournir une assistance sur place, afin que votre \u00e9quipement continue de fonctionner de mani\u00e8re s\u00fbre et fiable.<\/p><p class=\"font_3 wixui-rich-text__text\">Tous les prix sont en dollars canadiens (CAD $), sans droits de douane ni frais d&rsquo;importation cach\u00e9s.<\/p><p class=\"font_8 wixui-rich-text__text\">Commencez d\u00e8s aujourd&rsquo;hui votre parcours vers une peau plus saine gr\u00e2ce \u00e0 Meditec Plus, qui a gagn\u00e9 la confiance des patients et des prestataires de soins de sant\u00e9 partout au Canada.<\/p>\t\t\t\t\t\t\t\t<\/div>\n\t\t\t\t<\/div>\n\t\t\t\t<\/div>\n\t\t\t\t<\/div>\n\t\t<div class=\"elementor-element elementor-element-ed6bac3 e-con-full e-flex e-con e-parent\" data-id=\"ed6bac3\" data-element_type=\"container\" data-e-type=\"container\">\n\t\t<div class=\"elementor-element elementor-element-462bb58 e-con-full e-flex e-con e-child\" data-id=\"462bb58\" data-element_type=\"container\" data-e-type=\"container\">\n\t\t\t\t<div class=\"elementor-element elementor-element-eb13ae0 elementor-widget elementor-widget-image\" data-id=\"eb13ae0\" data-element_type=\"widget\" data-e-type=\"widget\" data-widget_type=\"image.default\">\n\t\t\t\t<div class=\"elementor-widget-container\">\n\t\t\t\t\t\t\t\t\t\t\t\t<figure class=\"wp-caption\">\n\t\t\t\t\t\t\t\t\t\t\t<a href=\"https:\/\/meditecplus.com\/devices\/1series\/\">\n\t\t\t\t\t\t\t<img fetchpriority=\"high\" decoding=\"async\" width=\"467\" height=\"626\" src=\"https:\/\/meditecplus.com\/wp-content\/uploads\/2025\/06\/Screenshot-2025-06-20-222648.jpg\" class=\"attachment-full size-full wp-image-8539\" alt=\"Patient 1Series\" srcset=\"https:\/\/meditecplus.com\/wp-content\/uploads\/2025\/06\/Screenshot-2025-06-20-222648.jpg 467w, https:\/\/meditecplus.com\/wp-content\/uploads\/2025\/06\/Screenshot-2025-06-20-222648-224x300.jpg 224w\" sizes=\"(max-width: 467px) 100vw, 467px\" \/>\t\t\t\t\t\t\t\t<\/a>\n\t\t\t\t\t\t\t\t\t\t\t<figcaption class=\"widget-image-caption wp-caption-text\"><\/figcaption>\n\t\t\t\t\t\t\t\t\t\t<\/figure>\n\t\t\t\t\t\t\t\t\t<\/div>\n\t\t\t\t<\/div>\n\t\t\t\t<div class=\"elementor-element elementor-element-f4761fe elementor-widget elementor-widget-heading\" data-id=\"f4761fe\" data-element_type=\"widget\" data-e-type=\"widget\" data-widget_type=\"heading.default\">\n\t\t\t\t<div class=\"elementor-widget-container\">\n\t\t\t\t\t<h2 class=\"elementor-heading-title elementor-size-default\"><a href=\"https:\/\/meditecplus.com\/devices\/1series\/\">1Series<\/a><\/h2>\t\t\t\t<\/div>\n\t\t\t\t<\/div>\n\t\t\t\t<\/div>\n\t\t<div class=\"elementor-element elementor-element-f832cea e-con-full e-flex e-con e-child\" data-id=\"f832cea\" data-element_type=\"container\" data-e-type=\"container\">\n\t\t\t\t<div class=\"elementor-element elementor-element-95f6b06 elementor-widget elementor-widget-image\" data-id=\"95f6b06\" data-element_type=\"widget\" data-e-type=\"widget\" data-widget_type=\"image.default\">\n\t\t\t\t<div class=\"elementor-widget-container\">\n\t\t\t\t\t\t\t\t\t\t\t\t<figure class=\"wp-caption\">\n\t\t\t\t\t\t\t\t\t\t\t<a href=\"https:\/\/meditecplus.com\/devices\/7series\/\">\n\t\t\t\t\t\t\t<img decoding=\"async\" width=\"471\" height=\"629\" src=\"https:\/\/meditecplus.com\/wp-content\/uploads\/2025\/06\/Screenshot-2025-06-20-222636.jpg\" class=\"attachment-full size-full wp-image-8540\" alt=\"Patient 7Series\" srcset=\"https:\/\/meditecplus.com\/wp-content\/uploads\/2025\/06\/Screenshot-2025-06-20-222636.jpg 471w, https:\/\/meditecplus.com\/wp-content\/uploads\/2025\/06\/Screenshot-2025-06-20-222636-225x300.jpg 225w\" sizes=\"(max-width: 471px) 100vw, 471px\" \/>\t\t\t\t\t\t\t\t<\/a>\n\t\t\t\t\t\t\t\t\t\t\t<figcaption class=\"widget-image-caption wp-caption-text\"><\/figcaption>\n\t\t\t\t\t\t\t\t\t\t<\/figure>\n\t\t\t\t\t\t\t\t\t<\/div>\n\t\t\t\t<\/div>\n\t\t\t\t<div class=\"elementor-element elementor-element-13cae0a elementor-widget elementor-widget-heading\" data-id=\"13cae0a\" data-element_type=\"widget\" data-e-type=\"widget\" data-widget_type=\"heading.default\">\n\t\t\t\t<div class=\"elementor-widget-container\">\n\t\t\t\t\t<h2 class=\"elementor-heading-title elementor-size-default\"><a href=\"https:\/\/meditecplus.com\/devices\/7series\/\">7Series<\/a><\/h2>\t\t\t\t<\/div>\n\t\t\t\t<\/div>\n\t\t\t\t<\/div>\n\t\t<div class=\"elementor-element elementor-element-e35920b e-con-full e-flex e-con e-child\" data-id=\"e35920b\" data-element_type=\"container\" data-e-type=\"container\">\n\t\t\t\t<div class=\"elementor-element elementor-element-34f9e54 elementor-widget elementor-widget-image\" data-id=\"34f9e54\" data-element_type=\"widget\" data-e-type=\"widget\" data-widget_type=\"image.default\">\n\t\t\t\t<div class=\"elementor-widget-container\">\n\t\t\t\t\t\t\t\t\t\t\t\t<figure class=\"wp-caption\">\n\t\t\t\t\t\t\t\t\t\t\t<a href=\"https:\/\/meditecplus.com\/devices\/dermapal\/\">\n\t\t\t\t\t\t\t<img decoding=\"async\" width=\"471\" height=\"629\" src=\"https:\/\/meditecplus.com\/wp-content\/uploads\/2025\/06\/Screenshot-2025-06-20-222658.jpg\" class=\"attachment-full size-full wp-image-8541\" alt=\"Patient - Dermapal\" srcset=\"https:\/\/meditecplus.com\/wp-content\/uploads\/2025\/06\/Screenshot-2025-06-20-222658.jpg 471w, https:\/\/meditecplus.com\/wp-content\/uploads\/2025\/06\/Screenshot-2025-06-20-222658-225x300.jpg 225w\" sizes=\"(max-width: 471px) 100vw, 471px\" \/>\t\t\t\t\t\t\t\t<\/a>\n\t\t\t\t\t\t\t\t\t\t\t<figcaption class=\"widget-image-caption wp-caption-text\"><\/figcaption>\n\t\t\t\t\t\t\t\t\t\t<\/figure>\n\t\t\t\t\t\t\t\t\t<\/div>\n\t\t\t\t<\/div>\n\t\t\t\t<div class=\"elementor-element elementor-element-e21c8b3 elementor-widget elementor-widget-heading\" data-id=\"e21c8b3\" data-element_type=\"widget\" data-e-type=\"widget\" data-widget_type=\"heading.default\">\n\t\t\t\t<div class=\"elementor-widget-container\">\n\t\t\t\t\t<h2 class=\"elementor-heading-title elementor-size-default\"><a href=\"https:\/\/meditecplus.com\/devices\/dermapal\/\">Dermapal<\/a><\/h2>\t\t\t\t<\/div>\n\t\t\t\t<\/div>\n\t\t\t\t<\/div>\n\t\t\t\t<\/div>\n\t\t<div class=\"elementor-element elementor-element-887f280 e-flex e-con-boxed e-con e-parent\" data-id=\"887f280\" data-element_type=\"container\" data-e-type=\"container\">\n\t\t\t\t\t<div class=\"e-con-inner\">\n\t\t\t\t<div class=\"elementor-element elementor-element-53a1a27 elementor-align-center elementor-widget elementor-widget-button\" data-id=\"53a1a27\" data-element_type=\"widget\" data-e-type=\"widget\" data-widget_type=\"button.default\">\n\t\t\t\t<div class=\"elementor-widget-container\">\n\t\t\t\t\t\t\t\t\t<div class=\"elementor-button-wrapper\">\n\t\t\t\t\t<a class=\"elementor-button elementor-button-link elementor-size-sm\" href=\"https:\/\/meditecplus.com\/fr\/appareils-domestiques\/\">\n\t\t\t\t\t\t<span class=\"elementor-button-content-wrapper\">\n\t\t\t\t\t\t\t\t\t<span class=\"elementor-button-text\">Voir plus<\/span>\n\t\t\t\t\t<\/span>\n\t\t\t\t\t<\/a>\n\t\t\t\t<\/div>\n\t\t\t\t\t\t\t\t<\/div>\n\t\t\t\t<\/div>\n\t\t\t\t\t<\/div>\n\t\t\t\t<\/div>\n\t\t\t\t<\/div>\n\t\t","protected":false},"excerpt":{"rendered":"<p>PATIENT Phototh\u00e9rapie s\u00fbre, simple et efficace pour un usage domestique Reconnue par les dermatologues, con\u00e7ue pour le confort, Meditec Plus [&hellip;]<\/p>\n","protected":false},"author":1,"featured_media":0,"parent":0,"menu_order":0,"comment_status":"closed","ping_status":"closed","template":"","meta":{"site-sidebar-layout":"no-sidebar","site-content-layout":"","ast-site-content-layout":"full-width-container","site-content-style":"default","site-sidebar-style":"default","ast-global-header-display":"","ast-banner-title-visibility":"disabled","ast-main-header-display":"disabled","ast-hfb-above-header-display":"","ast-hfb-below-header-display":"","ast-hfb-mobile-header-display":"disabled","site-post-title":"disabled","ast-breadcrumbs-content":"disabled","ast-featured-img":"disabled","footer-sml-layout":"disabled","ast-disable-related-posts":"","theme-transparent-header-meta":"default","adv-header-id-meta":"","stick-header-meta":"","header-above-stick-meta":"","header-main-stick-meta":"","header-below-stick-meta":"","astra-migrate-meta-layouts":"default","ast-page-background-enabled":"default","ast-page-background-meta":{"desktop":{"background-color":"var(--ast-global-color-5)","background-image":"","background-repeat":"repeat","background-position":"center center","background-size":"auto","background-attachment":"scroll","background-type":"","background-media":"","overlay-type":"","overlay-color":"","overlay-opacity":"","overlay-gradient":""},"tablet":{"background-color":"","background-image":"","background-repeat":"repeat","background-position":"center center","background-size":"auto","background-attachment":"scroll","background-type":"","background-media":"","overlay-type":"","overlay-color":"","overlay-opacity":"","overlay-gradient":""},"mobile":{"background-color":"","background-image":"","background-repeat":"repeat","background-position":"center center","background-size":"auto","background-attachment":"scroll","background-type":"","background-media":"","overlay-type":"","overlay-color":"","overlay-opacity":"","overlay-gradient":""}},"ast-content-background-meta":{"desktop":{"background-color":"var(--ast-global-color-4)","background-image":"","background-repeat":"repeat","background-position":"center center","background-size":"auto","background-attachment":"scroll","background-type":"","background-media":"","overlay-type":"","overlay-color":"","overlay-opacity":"","overlay-gradient":""},"tablet":{"background-color":"var(--ast-global-color-4)","background-image":"","background-repeat":"repeat","background-position":"center center","background-size":"auto","background-attachment":"scroll","background-type":"","background-media":"","overlay-type":"","overlay-color":"","overlay-opacity":"","overlay-gradient":""},"mobile":{"background-color":"var(--ast-global-color-4)","background-image":"","background-repeat":"repeat","background-position":"center center","background-size":"auto","background-attachment":"scroll","background-type":"","background-media":"","overlay-type":"","overlay-color":"","overlay-opacity":"","overlay-gradient":""}},"footnotes":""},"class_list":["post-8538","page","type-page","status-publish","hentry"],"yoast_head":"<!-- This site is optimized with the Yoast SEO plugin v27.4 - https:\/\/yoast.com\/product\/yoast-seo-wordpress\/ -->\n<title>Accueil Phototh\u00e9rapie Canada | Meditec Plus<\/title>\n<meta name=\"description\" content=\"D\u00e9couvrez la phototh\u00e9rapie \u00e0 domicile s\u00fbre et efficace partout au Canada avec Meditec Plus. Des appareils fiables pour vous aider \u00e0 prendre soin de votre peau chez vous.\" \/>\n<meta name=\"robots\" content=\"index, follow, max-snippet:-1, max-image-preview:large, max-video-preview:-1\" \/>\n<link rel=\"canonical\" href=\"https:\/\/meditecplus.com\/fr\/patient\/\" \/>\n<meta property=\"og:locale\" content=\"fr_FR\" \/>\n<meta property=\"og:type\" content=\"article\" \/>\n<meta property=\"og:title\" content=\"Accueil Phototh\u00e9rapie Canada | Meditec Plus\" \/>\n<meta property=\"og:description\" content=\"D\u00e9couvrez la phototh\u00e9rapie \u00e0 domicile s\u00fbre et efficace partout au Canada avec Meditec Plus. Des appareils fiables pour vous aider \u00e0 prendre soin de votre peau chez vous.\" \/>\n<meta property=\"og:url\" content=\"https:\/\/meditecplus.com\/fr\/patient\/\" \/>\n<meta property=\"og:site_name\" content=\"meditecplus.com\" \/>\n<meta property=\"article:modified_time\" content=\"2026-02-25T22:39:34+00:00\" \/>\n<meta property=\"og:image\" content=\"https:\/\/meditecplus.com\/wp-content\/uploads\/2025\/06\/Screenshot-2025-06-20-222648.jpg\" \/>\n\t<meta property=\"og:image:width\" content=\"467\" \/>\n\t<meta property=\"og:image:height\" content=\"626\" \/>\n\t<meta property=\"og:image:type\" content=\"image\/jpeg\" \/>\n<meta name=\"twitter:card\" content=\"summary_large_image\" \/>\n<meta name=\"twitter:label1\" content=\"Dur\u00e9e de lecture estim\u00e9e\" \/>\n\t<meta name=\"twitter:data1\" content=\"1 minute\" \/>\n<script type=\"application\/ld+json\" class=\"yoast-schema-graph\">{\"@context\":\"https:\\\/\\\/schema.org\",\"@graph\":[{\"@type\":\"WebPage\",\"@id\":\"https:\\\/\\\/meditecplus.com\\\/fr\\\/patient\\\/\",\"url\":\"https:\\\/\\\/meditecplus.com\\\/fr\\\/patient\\\/\",\"name\":\"Accueil Phototh\u00e9rapie Canada | Meditec Plus\",\"isPartOf\":{\"@id\":\"https:\\\/\\\/meditecplus.com\\\/fr\\\/#website\"},\"primaryImageOfPage\":{\"@id\":\"https:\\\/\\\/meditecplus.com\\\/fr\\\/patient\\\/#primaryimage\"},\"image\":{\"@id\":\"https:\\\/\\\/meditecplus.com\\\/fr\\\/patient\\\/#primaryimage\"},\"thumbnailUrl\":\"http:\\\/\\\/meditecplus.com\\\/wp-content\\\/uploads\\\/2025\\\/06\\\/Screenshot-2025-06-20-222648.jpg\",\"datePublished\":\"2025-06-21T01:45:20+00:00\",\"dateModified\":\"2026-02-25T22:39:34+00:00\",\"description\":\"D\u00e9couvrez la phototh\u00e9rapie \u00e0 domicile s\u00fbre et efficace partout au Canada avec Meditec Plus. Des appareils fiables pour vous aider \u00e0 prendre soin de votre peau chez vous.\",\"breadcrumb\":{\"@id\":\"https:\\\/\\\/meditecplus.com\\\/fr\\\/patient\\\/#breadcrumb\"},\"inLanguage\":\"fr-FR\",\"potentialAction\":[{\"@type\":\"ReadAction\",\"target\":[\"https:\\\/\\\/meditecplus.com\\\/fr\\\/patient\\\/\"]}]},{\"@type\":\"ImageObject\",\"inLanguage\":\"fr-FR\",\"@id\":\"https:\\\/\\\/meditecplus.com\\\/fr\\\/patient\\\/#primaryimage\",\"url\":\"http:\\\/\\\/meditecplus.com\\\/wp-content\\\/uploads\\\/2025\\\/06\\\/Screenshot-2025-06-20-222648.jpg\",\"contentUrl\":\"http:\\\/\\\/meditecplus.com\\\/wp-content\\\/uploads\\\/2025\\\/06\\\/Screenshot-2025-06-20-222648.jpg\"},{\"@type\":\"BreadcrumbList\",\"@id\":\"https:\\\/\\\/meditecplus.com\\\/fr\\\/patient\\\/#breadcrumb\",\"itemListElement\":[{\"@type\":\"ListItem\",\"position\":1,\"name\":\"Home\",\"item\":\"https:\\\/\\\/meditecplus.com\\\/fr\\\/\"},{\"@type\":\"ListItem\",\"position\":2,\"name\":\"PATIENT\"}]},{\"@type\":\"WebSite\",\"@id\":\"https:\\\/\\\/meditecplus.com\\\/fr\\\/#website\",\"url\":\"https:\\\/\\\/meditecplus.com\\\/fr\\\/\",\"name\":\"meditecplus.com\",\"description\":\"\",\"potentialAction\":[{\"@type\":\"SearchAction\",\"target\":{\"@type\":\"EntryPoint\",\"urlTemplate\":\"https:\\\/\\\/meditecplus.com\\\/fr\\\/?s={search_term_string}\"},\"query-input\":{\"@type\":\"PropertyValueSpecification\",\"valueRequired\":true,\"valueName\":\"search_term_string\"}}],\"inLanguage\":\"fr-FR\"}]}<\/script>\n<!-- \/ Yoast SEO plugin. -->","yoast_head_json":{"title":"Accueil Phototh\u00e9rapie Canada | Meditec Plus","description":"D\u00e9couvrez la phototh\u00e9rapie \u00e0 domicile s\u00fbre et efficace partout au Canada avec Meditec Plus. Des appareils fiables pour vous aider \u00e0 prendre soin de votre peau chez vous.","robots":{"index":"index","follow":"follow","max-snippet":"max-snippet:-1","max-image-preview":"max-image-preview:large","max-video-preview":"max-video-preview:-1"},"canonical":"https:\/\/meditecplus.com\/fr\/patient\/","og_locale":"fr_FR","og_type":"article","og_title":"Accueil Phototh\u00e9rapie Canada | Meditec Plus","og_description":"D\u00e9couvrez la phototh\u00e9rapie \u00e0 domicile s\u00fbre et efficace partout au Canada avec Meditec Plus. Des appareils fiables pour vous aider \u00e0 prendre soin de votre peau chez vous.","og_url":"https:\/\/meditecplus.com\/fr\/patient\/","og_site_name":"meditecplus.com","article_modified_time":"2026-02-25T22:39:34+00:00","og_image":[{"width":467,"height":626,"url":"https:\/\/meditecplus.com\/wp-content\/uploads\/2025\/06\/Screenshot-2025-06-20-222648.jpg","type":"image\/jpeg"}],"twitter_card":"summary_large_image","twitter_misc":{"Dur\u00e9e de lecture estim\u00e9e":"1 minute"},"schema":{"@context":"https:\/\/schema.org","@graph":[{"@type":"WebPage","@id":"https:\/\/meditecplus.com\/fr\/patient\/","url":"https:\/\/meditecplus.com\/fr\/patient\/","name":"Accueil Phototh\u00e9rapie Canada | Meditec Plus","isPartOf":{"@id":"https:\/\/meditecplus.com\/fr\/#website"},"primaryImageOfPage":{"@id":"https:\/\/meditecplus.com\/fr\/patient\/#primaryimage"},"image":{"@id":"https:\/\/meditecplus.com\/fr\/patient\/#primaryimage"},"thumbnailUrl":"http:\/\/meditecplus.com\/wp-content\/uploads\/2025\/06\/Screenshot-2025-06-20-222648.jpg","datePublished":"2025-06-21T01:45:20+00:00","dateModified":"2026-02-25T22:39:34+00:00","description":"D\u00e9couvrez la phototh\u00e9rapie \u00e0 domicile s\u00fbre et efficace partout au Canada avec Meditec Plus. Des appareils fiables pour vous aider \u00e0 prendre soin de votre peau chez vous.","breadcrumb":{"@id":"https:\/\/meditecplus.com\/fr\/patient\/#breadcrumb"},"inLanguage":"fr-FR","potentialAction":[{"@type":"ReadAction","target":["https:\/\/meditecplus.com\/fr\/patient\/"]}]},{"@type":"ImageObject","inLanguage":"fr-FR","@id":"https:\/\/meditecplus.com\/fr\/patient\/#primaryimage","url":"http:\/\/meditecplus.com\/wp-content\/uploads\/2025\/06\/Screenshot-2025-06-20-222648.jpg","contentUrl":"http:\/\/meditecplus.com\/wp-content\/uploads\/2025\/06\/Screenshot-2025-06-20-222648.jpg"},{"@type":"BreadcrumbList","@id":"https:\/\/meditecplus.com\/fr\/patient\/#breadcrumb","itemListElement":[{"@type":"ListItem","position":1,"name":"Home","item":"https:\/\/meditecplus.com\/fr\/"},{"@type":"ListItem","position":2,"name":"PATIENT"}]},{"@type":"WebSite","@id":"https:\/\/meditecplus.com\/fr\/#website","url":"https:\/\/meditecplus.com\/fr\/","name":"meditecplus.com","description":"","potentialAction":[{"@type":"SearchAction","target":{"@type":"EntryPoint","urlTemplate":"https:\/\/meditecplus.com\/fr\/?s={search_term_string}"},"query-input":{"@type":"PropertyValueSpecification","valueRequired":true,"valueName":"search_term_string"}}],"inLanguage":"fr-FR"}]}},"_links":{"self":[{"href":"https:\/\/meditecplus.com\/fr\/wp-json\/wp\/v2\/pages\/8538","targetHints":{"allow":["GET"]}}],"collection":[{"href":"https:\/\/meditecplus.com\/fr\/wp-json\/wp\/v2\/pages"}],"about":[{"href":"https:\/\/meditecplus.com\/fr\/wp-json\/wp\/v2\/types\/page"}],"author":[{"embeddable":true,"href":"https:\/\/meditecplus.com\/fr\/wp-json\/wp\/v2\/users\/1"}],"replies":[{"embeddable":true,"href":"https:\/\/meditecplus.com\/fr\/wp-json\/wp\/v2\/comments?post=8538"}],"version-history":[{"count":2,"href":"https:\/\/meditecplus.com\/fr\/wp-json\/wp\/v2\/pages\/8538\/revisions"}],"predecessor-version":[{"id":8652,"href":"https:\/\/meditecplus.com\/fr\/wp-json\/wp\/v2\/pages\/8538\/revisions\/8652"}],"wp:attachment":[{"href":"https:\/\/meditecplus.com\/fr\/wp-json\/wp\/v2\/media?parent=8538"}],"curies":[{"name":"wp","href":"https:\/\/api.w.org\/{rel}","templated":true}]}}