{"id":8533,"date":"2025-09-14T23:31:30","date_gmt":"2025-09-14T23:31:30","guid":{"rendered":"https:\/\/meditecplus.com\/dermatoscopes-dermlite\/"},"modified":"2026-02-19T15:58:44","modified_gmt":"2026-02-19T15:58:44","slug":"dermatoscopes-dermlite","status":"publish","type":"page","link":"https:\/\/meditecplus.com\/fr\/dermatoscopes-dermlite\/","title":{"rendered":"Dermatoscopes (Dermlite)"},"content":{"rendered":"\t\t<div data-elementor-type=\"wp-page\" data-elementor-id=\"8533\" class=\"elementor elementor-8533 elementor-4949\" data-elementor-post-type=\"page\">\n\t\t\t\t<div class=\"elementor-element elementor-element-e1ae041 e-flex e-con-boxed e-con e-parent\" data-id=\"e1ae041\" data-element_type=\"container\" data-e-type=\"container\">\n\t\t\t\t\t<div class=\"e-con-inner\">\n\t\t<div class=\"elementor-element elementor-element-d1afaa9 e-con-full e-flex e-con e-child\" data-id=\"d1afaa9\" data-element_type=\"container\" data-e-type=\"container\" data-settings=\"{&quot;background_background&quot;:&quot;classic&quot;}\">\n\t\t\t\t<div class=\"elementor-element elementor-element-8629bd6 elementor-widget elementor-widget-heading\" data-id=\"8629bd6\" data-element_type=\"widget\" data-e-type=\"widget\" data-widget_type=\"heading.default\">\n\t\t\t\t<div class=\"elementor-widget-container\">\n\t\t\t\t\t<h2 class=\"elementor-heading-title elementor-size-default\">Dermatoscopes - Dermlite<\/h2>\t\t\t\t<\/div>\n\t\t\t\t<\/div>\n\t\t\t\t<div class=\"elementor-element elementor-element-c4c1d72 elementor-widget elementor-widget-text-editor\" data-id=\"c4c1d72\" data-element_type=\"widget\" data-e-type=\"widget\" data-widget_type=\"text-editor.default\">\n\t\t\t\t<div class=\"elementor-widget-container\">\n\t\t\t\t\t\t\t\t\t<p>Vous pouvez d\u00e9sormais visualiser des structures extr\u00eamement superficielles sous polarisation parall\u00e8le.<\/p>\t\t\t\t\t\t\t\t<\/div>\n\t\t\t\t<\/div>\n\t\t\t\t<div class=\"elementor-element elementor-element-3ed452f elementor-align-center elementor-widget elementor-widget-button\" data-id=\"3ed452f\" data-element_type=\"widget\" data-e-type=\"widget\" data-widget_type=\"button.default\">\n\t\t\t\t<div class=\"elementor-widget-container\">\n\t\t\t\t\t\t\t\t\t<div class=\"elementor-button-wrapper\">\n\t\t\t\t\t<a class=\"elementor-button elementor-button-link elementor-size-sm\" href=\"https:\/\/meditecplus.com\/wp-content\/uploads\/2025\/11\/DermLiteBrochure2024_DL5_en.pdf\" target=\"_blank\">\n\t\t\t\t\t\t<span class=\"elementor-button-content-wrapper\">\n\t\t\t\t\t\t<span class=\"elementor-button-icon\">\n\t\t\t\t<svg aria-hidden=\"true\" class=\"e-font-icon-svg e-fas-download\" viewBox=\"0 0 512 512\" xmlns=\"http:\/\/www.w3.org\/2000\/svg\"><path d=\"M216 0h80c13.3 0 24 10.7 24 24v168h87.7c17.8 0 26.7 21.5 14.1 34.1L269.7 378.3c-7.5 7.5-19.8 7.5-27.3 0L90.1 226.1c-12.6-12.6-3.7-34.1 14.1-34.1H192V24c0-13.3 10.7-24 24-24zm296 376v112c0 13.3-10.7 24-24 24H24c-13.3 0-24-10.7-24-24V376c0-13.3 10.7-24 24-24h146.7l49 49c20.1 20.1 52.5 20.1 72.6 0l49-49H488c13.3 0 24 10.7 24 24zm-124 88c0-11-9-20-20-20s-20 9-20 20 9 20 20 20 20-9 20-20zm64 0c0-11-9-20-20-20s-20 9-20 20 9 20 20 20 20-9 20-20z\"><\/path><\/svg>\t\t\t<\/span>\n\t\t\t\t\t\t\t\t\t<span class=\"elementor-button-text\">Brochure Dermlite<\/span>\n\t\t\t\t\t<\/span>\n\t\t\t\t\t<\/a>\n\t\t\t\t<\/div>\n\t\t\t\t\t\t\t\t<\/div>\n\t\t\t\t<\/div>\n\t\t\t\t<\/div>\n\t\t\t\t\t<\/div>\n\t\t\t\t<\/div>\n\t\t<div class=\"elementor-element elementor-element-4f6b9d7 e-con-full e-flex e-con e-parent\" data-id=\"4f6b9d7\" data-element_type=\"container\" data-e-type=\"container\">\n\t\t<div class=\"elementor-element elementor-element-989702a e-con-full e-flex e-con e-child\" data-id=\"989702a\" data-element_type=\"container\" data-e-type=\"container\" data-settings=\"{&quot;background_background&quot;:&quot;classic&quot;}\">\n\t\t<div class=\"elementor-element elementor-element-5324050 e-con-full e-flex e-con e-child\" data-id=\"5324050\" data-element_type=\"container\" data-e-type=\"container\" data-settings=\"{&quot;background_background&quot;:&quot;classic&quot;}\">\n\t\t\t\t<div class=\"elementor-element elementor-element-4a84970 elementor-widget elementor-widget-image\" data-id=\"4a84970\" data-element_type=\"widget\" data-e-type=\"widget\" data-settings=\"{&quot;sticky&quot;:&quot;top&quot;,&quot;sticky_on&quot;:[&quot;desktop&quot;,&quot;tablet&quot;],&quot;sticky_offset&quot;:100,&quot;sticky_parent&quot;:&quot;yes&quot;,&quot;sticky_effects_offset&quot;:0,&quot;sticky_anchor_link_offset&quot;:0}\" data-widget_type=\"image.default\">\n\t\t\t\t<div class=\"elementor-widget-container\">\n\t\t\t\t\t\t\t\t\t\t\t\t\t\t\t<img fetchpriority=\"high\" decoding=\"async\" width=\"1080\" height=\"1080\" src=\"https:\/\/meditecplus.com\/wp-content\/uploads\/2025\/11\/Dermlite-Dermatoscopes.avif\" class=\"attachment-full size-full wp-image-8534\" alt=\"\" srcset=\"https:\/\/meditecplus.com\/wp-content\/uploads\/2025\/11\/Dermlite-Dermatoscopes.avif 1080w, https:\/\/meditecplus.com\/wp-content\/uploads\/2025\/11\/Dermlite-Dermatoscopes-300x300.avif 300w, https:\/\/meditecplus.com\/wp-content\/uploads\/2025\/11\/Dermlite-Dermatoscopes-1024x1024.avif 1024w, https:\/\/meditecplus.com\/wp-content\/uploads\/2025\/11\/Dermlite-Dermatoscopes-150x150.avif 150w, https:\/\/meditecplus.com\/wp-content\/uploads\/2025\/11\/Dermlite-Dermatoscopes-768x768.avif 768w\" sizes=\"(max-width: 1080px) 100vw, 1080px\" \/>\t\t\t\t\t\t\t\t\t\t\t\t\t\t\t<\/div>\n\t\t\t\t<\/div>\n\t\t\t\t<\/div>\n\t\t<div class=\"elementor-element elementor-element-1bd07a0 e-con-full e-flex e-con e-child\" data-id=\"1bd07a0\" data-element_type=\"container\" data-e-type=\"container\">\n\t\t\t\t<div class=\"elementor-element elementor-element-b77ff1c elementor-widget elementor-widget-heading\" data-id=\"b77ff1c\" data-element_type=\"widget\" data-e-type=\"widget\" data-widget_type=\"heading.default\">\n\t\t\t\t<div class=\"elementor-widget-container\">\n\t\t\t\t\t<h2 class=\"elementor-heading-title elementor-size-default\">DermLite DL5<\/h2>\t\t\t\t<\/div>\n\t\t\t\t<\/div>\n\t\t\t\t<div class=\"elementor-element elementor-element-6c36df8 elementor-widget elementor-widget-text-editor\" data-id=\"6c36df8\" data-element_type=\"widget\" data-e-type=\"widget\" data-widget_type=\"text-editor.default\">\n\t\t\t\t<div class=\"elementor-widget-container\">\n\t\t\t\t\t\t\t\t\t<div id=\"\" class=\"hypervisual__content-block hypervisual__content-block--columns hypervisual__content-block--column-two-up hypervisual__column_stacking_reverse \"><div class=\"hypervisual__columns-wrapper\"><div id=\"\" class=\"hypervisual__content-block hypervisual__content-block--text hypervisual__column hypervisual__column_width_50 hypervisual__column1-block hypervisual__text-middle hypervisual__text-align-left \"><div class=\"hypervisual__text-wrapper\"><div class=\"hypervisual__text_line_two hypervisual__text-medium\"><div>Gr\u00e2ce au premier syst\u00e8me de polarisation variable au monde int\u00e9gr\u00e9 \u00e0 un dermatoscope hybride, une technologie brevet\u00e9e, le dermatoscope DermLite\u00ae DL5 vous permet de d\u00e9couvrir une toute nouvelle dimension dans le domaine de la dermoscopie portable. Non seulement vous pouvez basculer entre les modes polaris\u00e9 et non polaris\u00e9, mais vous pouvez d\u00e9sormais visualiser des structures extr\u00eamement superficielles sous polarisation parall\u00e8le et, en faisant d\u00e9filer toute la gamme de polarisation \u00e0 l&rsquo;aide de son incroyable molette \u00e0 bouton poussoir, explorer optiquement les profondeurs visuelles d&rsquo;une l\u00e9sion.<br>Vous d\u00e9couvrirez que rien ne renforce autant vos superpouvoirs en dermoscopie que le DL5.<br>*** Traduit avec www.DeepL.com\/Translator (version gratuite) ***<br><\/div><\/div><\/div><\/div><\/div><\/div>\t\t\t\t\t\t\t\t<\/div>\n\t\t\t\t<\/div>\n\t\t\t\t<div class=\"elementor-element elementor-element-a9c712e elementor-widget elementor-widget-heading\" data-id=\"a9c712e\" data-element_type=\"widget\" data-e-type=\"widget\" data-widget_type=\"heading.default\">\n\t\t\t\t<div class=\"elementor-widget-container\">\n\t\t\t\t\t<h2 class=\"elementor-heading-title elementor-size-default\">ULTRA. VIOLET.<\/h2>\t\t\t\t<\/div>\n\t\t\t\t<\/div>\n\t\t\t\t<div class=\"elementor-element elementor-element-73c3336 elementor-widget elementor-widget-text-editor\" data-id=\"73c3336\" data-element_type=\"widget\" data-e-type=\"widget\" data-widget_type=\"text-editor.default\">\n\t\t\t\t<div class=\"elementor-widget-container\">\n\t\t\t\t\t\t\t\t\t<div id=\"\" class=\"hypervisual__content-block hypervisual__content-block--text hypervisual__text-middle hypervisual__text-align-center \"><div class=\"hypervisual__text-wrapper\"><div class=\"hypervisual__text_line_two hypervisual__text-medium\"><div>Avec une lumi\u00e8re UV de 365 nm dans votre poche \u00e0 une puissance 10 fois sup\u00e9rieure, le DL5 vous offre les super pouvoirs du mode Wood dans une nouvelle dimension.<br>Observez les caract\u00e9ristiques fluorescentes comme jamais auparavant : \u00e9valuez l&rsquo;efficacit\u00e9 d&rsquo;un traitement contre l&rsquo;acn\u00e9, d\u00e9couvrez des pr\u00e9sentations passionnantes de l\u00e9sions pigment\u00e9es, vasculaires ou inflammatoires, ou visualisez les infections bact\u00e9riennes et fongiques sur la peau, les ongles ou les muqueuses.<br>*** Traduit avec www.DeepL.com\/Translator (version gratuite) ***<br><\/div><\/div><\/div><\/div>\t\t\t\t\t\t\t\t<\/div>\n\t\t\t\t<\/div>\n\t\t\t\t<div class=\"elementor-element elementor-element-5027e1a elementor-widget elementor-widget-heading\" data-id=\"5027e1a\" data-element_type=\"widget\" data-e-type=\"widget\" data-widget_type=\"heading.default\">\n\t\t\t\t<div class=\"elementor-widget-container\">\n\t\t\t\t\t<h2 class=\"elementor-heading-title elementor-size-default\">SUPER CLINIQUE.<\/h2>\t\t\t\t<\/div>\n\t\t\t\t<\/div>\n\t\t\t\t<div class=\"elementor-element elementor-element-91c02c3 elementor-widget elementor-widget-text-editor\" data-id=\"91c02c3\" data-element_type=\"widget\" data-e-type=\"widget\" data-widget_type=\"text-editor.default\">\n\t\t\t\t<div class=\"elementor-widget-container\">\n\t\t\t\t\t\t\t\t\t<div id=\"\" class=\"hypervisual__content-block hypervisual__content-block--text hypervisual__text-middle hypervisual__text-align-center \">\n<div class=\"hypervisual__text-wrapper\">\n<div class=\"hypervisual__text_line_two hypervisual__text-medium\">\n<div>\n<div id=\"\" class=\"hypervisual__content-block hypervisual__content-block--columns hypervisual__content-block--column-two-up hypervisual__column_stacking_normal \">\n<div class=\"hypervisual__columns-wrapper\">\n<div id=\"\" class=\"hypervisual__content-block hypervisual__content-block--text hypervisual__column hypervisual__column_width_50 hypervisual__column2-block hypervisual__text-middle hypervisual__text-align-left \">\n<div class=\"hypervisual__text-wrapper\">\n<div class=\"hypervisual__text_line_two hypervisual__text-medium\">\n<div>Lorsque vous examinez vos patients \u00e0 distance, la lampe torche LED haute puissance du DL5 offre un \u00e9clairage exceptionnel sur des zones plus \u00e9tendues ou difficiles d&rsquo;acc\u00e8s, \u00e9liminant ainsi la zone sombre au centre g\u00e9n\u00e9ralement associ\u00e9e \u00e0 l&rsquo;utilisation des LED principales d&rsquo;un dermatoscope.<\/div><\/div><\/div><\/div><\/div><\/div><div id=\"\" class=\"hypervisual__content-block hypervisual__content-block--library-multi-column-image-text hypervisual__text-align-left hypervisual__library-multi-column-image-text-3up hypervisual__multi-column-image-format-padded \"><div class=\"hypervisual__content-wrapper\"><div class=\"hypervisual__library-multi-column-image-text-column hypervisual__library-multi-column-image-text-column-3up\"><div class=\"hypervisual__library-multi-column-image-text-column-text\">\n<\/div>\n<\/div>\n<\/div>\n<\/div>\n<\/div>\n<\/div>\n<\/div>\n<\/div>\t\t\t\t\t\t\t\t<\/div>\n\t\t\t\t<\/div>\n\t\t\t\t<div class=\"elementor-element elementor-element-070c482 elementor-widget elementor-widget-heading\" data-id=\"070c482\" data-element_type=\"widget\" data-e-type=\"widget\" data-widget_type=\"heading.default\">\n\t\t\t\t<div class=\"elementor-widget-container\">\n\t\t\t\t\t<h2 class=\"elementor-heading-title elementor-size-default\">SUPER CLINIQUE.<\/h2>\t\t\t\t<\/div>\n\t\t\t\t<\/div>\n\t\t\t\t<div class=\"elementor-element elementor-element-ec0c999 elementor-widget elementor-widget-text-editor\" data-id=\"ec0c999\" data-element_type=\"widget\" data-e-type=\"widget\" data-widget_type=\"text-editor.default\">\n\t\t\t\t<div class=\"elementor-widget-container\">\n\t\t\t\t\t\t\t\t\t<div id=\"\" class=\"hypervisual__content-block hypervisual__content-block--text hypervisual__text-middle hypervisual__text-align-center \"><div class=\"hypervisual__text-wrapper\"><div class=\"hypervisual__text_line_two hypervisual__text-medium\"><div><div id=\"\" class=\"hypervisual__content-block hypervisual__content-block--columns hypervisual__content-block--column-two-up hypervisual__column_stacking_normal \"><div class=\"hypervisual__columns-wrapper\"><div id=\"\" class=\"hypervisual__content-block hypervisual__content-block--text hypervisual__column hypervisual__column_width_50 hypervisual__column2-block hypervisual__text-middle hypervisual__text-align-left \"><div class=\"hypervisual__text-wrapper\"><div class=\"hypervisual__text_line_two hypervisual__text-medium\"><div><ul><li>Pietkiewicz P, Navarrete-Dechent C, Togawa Y, Szl\u0105zak P, Salwowska N, Marghoob AA, Leszczy\u0144ska-Pietkiewicz A, Errichetti E. <a href=\"https:\/\/pubmed.ncbi.nlm.nih.gov\/38358617\/\">Applications de la dermatoscopie ultraviolette et sub-ultraviolette dans les dermatoses n\u00e9oplasiques et non n\u00e9oplasiques : revue syst\u00e9matique<\/a>. Dermatol Ther (Heidelb). F\u00e9vrier 2024 ; 14(2) : 361-390. doi: 10.1007\/s13555-024-01104-4. Publication \u00e9lectronique 15 f\u00e9vrier 2024. PMID: 38358617; PMCID: PMC10890990<\/li><li>Pietkiewicz, P.; Navarrete-Dechent, C.; Goldust, M.; Korecka, K.; Todorovska, V.; Errichetti, E. <a href=\"https:\/\/www.mdpi.com\/2176008\">Differentiating Fordyce Spots from Their Common Simulators Using Ultraviolet-Induced Fluorescence Dermatoscopy\u2014Retrospective Study.<\/a> Diagnostics 2023, 13, 985.<\/li><li>Al-Nasiri M, Navarrete-Dechent C, Korecka K, Salwowska N, Goldust M, Pietkiewicz P. <a href=\"https:\/\/dpcj.org\/index.php\/dpc\/article\/view\/3018\">Ultraviolet Reflectance Dermatoscopy of Trichobacteriosis Axillaris Reveals Peripilar Yellow-Green Luminescent Concretions.<\/a> Dermatol Pract Concept. 2023;13(2):e2023169.<\/li><li>Silva AMG, Michalany AO, Carvalho GMC. <a href=\"https:\/\/dpcj.org\/index.php\/dpc\/onlinefirst\/view\/3755\">UV Dermoscopy for the Diagnosis of Pityrosporum Folliculitis.<\/a> <em>Dermatol Pract Concept.<\/em>2023;14(1):e2024092.<\/li><li>Pietkiewicz P, Navarrete-Dechent C. <a href=\"https:\/\/doi.org\/10.5826\/dpc.1302a135\">Scabies Mite is Bright Green Under UV Dermatoscopy.<\/a> <em>Dermatol Pract Concept.<\/em>2023;13(2):e2023135.<\/li><li>Navarrete-Dechent, Cristian et al. <a href=\"https:\/\/www.jaad.org\/article\/S0190-9622(24)02720-8\/abstract\">The role of ultraviolet induced fluorescence dermoscopy for the detection of multiple aggregated yellow-white (MAY) globules in basal cell carcinoma.<\/a> Journal of the American Academy of Dermatology, August 23, 2024. doi: 10.1016\/j.jaad.2024.07.1509<\/li><\/ul><\/div><\/div><\/div><\/div><\/div><\/div><\/div><\/div><\/div><\/div>\t\t\t\t\t\t\t\t<\/div>\n\t\t\t\t<\/div>\n\t\t\t\t<\/div>\n\t\t\t\t<\/div>\n\t\t\t\t<\/div>\n\t\t\t\t<\/div>\n\t\t","protected":false},"excerpt":{"rendered":"<p>Dermatoscopes &#8211; Dermlite Vous pouvez d\u00e9sormais visualiser des structures extr\u00eamement superficielles sous polarisation parall\u00e8le. Brochure Dermlite DermLite DL5 Gr\u00e2ce au [&hellip;]<\/p>\n","protected":false},"author":1,"featured_media":0,"parent":0,"menu_order":0,"comment_status":"closed","ping_status":"closed","template":"","meta":{"site-sidebar-layout":"no-sidebar","site-content-layout":"","ast-site-content-layout":"full-width-container","site-content-style":"default","site-sidebar-style":"default","ast-global-header-display":"","ast-banner-title-visibility":"","ast-main-header-display":"","ast-hfb-above-header-display":"","ast-hfb-below-header-display":"","ast-hfb-mobile-header-display":"","site-post-title":"disabled","ast-breadcrumbs-content":"","ast-featured-img":"disabled","footer-sml-layout":"","ast-disable-related-posts":"","theme-transparent-header-meta":"default","adv-header-id-meta":"","stick-header-meta":"","header-above-stick-meta":"","header-main-stick-meta":"","header-below-stick-meta":"","astra-migrate-meta-layouts":"default","ast-page-background-enabled":"default","ast-page-background-meta":{"desktop":{"background-color":"var(--ast-global-color-5)","background-image":"","background-repeat":"repeat","background-position":"center center","background-size":"auto","background-attachment":"scroll","background-type":"","background-media":"","overlay-type":"","overlay-color":"","overlay-opacity":"","overlay-gradient":""},"tablet":{"background-color":"","background-image":"","background-repeat":"repeat","background-position":"center center","background-size":"auto","background-attachment":"scroll","background-type":"","background-media":"","overlay-type":"","overlay-color":"","overlay-opacity":"","overlay-gradient":""},"mobile":{"background-color":"","background-image":"","background-repeat":"repeat","background-position":"center center","background-size":"auto","background-attachment":"scroll","background-type":"","background-media":"","overlay-type":"","overlay-color":"","overlay-opacity":"","overlay-gradient":""}},"ast-content-background-meta":{"desktop":{"background-color":"var(--ast-global-color-4)","background-image":"","background-repeat":"repeat","background-position":"center center","background-size":"auto","background-attachment":"scroll","background-type":"","background-media":"","overlay-type":"","overlay-color":"","overlay-opacity":"","overlay-gradient":""},"tablet":{"background-color":"var(--ast-global-color-4)","background-image":"","background-repeat":"repeat","background-position":"center center","background-size":"auto","background-attachment":"scroll","background-type":"","background-media":"","overlay-type":"","overlay-color":"","overlay-opacity":"","overlay-gradient":""},"mobile":{"background-color":"var(--ast-global-color-4)","background-image":"","background-repeat":"repeat","background-position":"center center","background-size":"auto","background-attachment":"scroll","background-type":"","background-media":"","overlay-type":"","overlay-color":"","overlay-opacity":"","overlay-gradient":""}},"footnotes":""},"class_list":["post-8533","page","type-page","status-publish","hentry"],"yoast_head":"<!-- This site is optimized with the Yoast SEO plugin v27.4 - https:\/\/yoast.com\/product\/yoast-seo-wordpress\/ -->\n<title>Dermatoscopes (Dermlite) - meditecplus.com<\/title>\n<meta name=\"robots\" content=\"index, follow, max-snippet:-1, max-image-preview:large, max-video-preview:-1\" \/>\n<link rel=\"canonical\" href=\"https:\/\/meditecplus.com\/fr\/dermatoscopes-dermlite\/\" \/>\n<meta property=\"og:locale\" content=\"fr_FR\" \/>\n<meta property=\"og:type\" content=\"article\" \/>\n<meta property=\"og:title\" content=\"Dermatoscopes (Dermlite) - meditecplus.com\" \/>\n<meta property=\"og:description\" content=\"Dermatoscopes &#8211; Dermlite Vous pouvez d\u00e9sormais visualiser des structures extr\u00eamement superficielles sous polarisation parall\u00e8le. Brochure Dermlite DermLite DL5 Gr\u00e2ce au [&hellip;]\" \/>\n<meta property=\"og:url\" content=\"https:\/\/meditecplus.com\/fr\/dermatoscopes-dermlite\/\" \/>\n<meta property=\"og:site_name\" content=\"meditecplus.com\" \/>\n<meta property=\"article:modified_time\" content=\"2026-02-19T15:58:44+00:00\" \/>\n<meta property=\"og:image\" content=\"https:\/\/meditecplus.com\/wp-content\/uploads\/2025\/11\/Dermlite-Dermatoscopes.avif\" \/>\n\t<meta property=\"og:image:width\" content=\"1080\" \/>\n\t<meta property=\"og:image:height\" content=\"1080\" \/>\n\t<meta property=\"og:image:type\" content=\"image\/jpeg\" \/>\n<meta name=\"twitter:card\" content=\"summary_large_image\" \/>\n<meta name=\"twitter:label1\" content=\"Dur\u00e9e de lecture estim\u00e9e\" \/>\n\t<meta name=\"twitter:data1\" content=\"2 minutes\" \/>\n<script type=\"application\/ld+json\" class=\"yoast-schema-graph\">{\"@context\":\"https:\\\/\\\/schema.org\",\"@graph\":[{\"@type\":\"WebPage\",\"@id\":\"https:\\\/\\\/meditecplus.com\\\/fr\\\/dermatoscopes-dermlite\\\/\",\"url\":\"https:\\\/\\\/meditecplus.com\\\/fr\\\/dermatoscopes-dermlite\\\/\",\"name\":\"Dermatoscopes (Dermlite) - meditecplus.com\",\"isPartOf\":{\"@id\":\"https:\\\/\\\/meditecplus.com\\\/fr\\\/#website\"},\"primaryImageOfPage\":{\"@id\":\"https:\\\/\\\/meditecplus.com\\\/fr\\\/dermatoscopes-dermlite\\\/#primaryimage\"},\"image\":{\"@id\":\"https:\\\/\\\/meditecplus.com\\\/fr\\\/dermatoscopes-dermlite\\\/#primaryimage\"},\"thumbnailUrl\":\"https:\\\/\\\/meditecplus.com\\\/wp-content\\\/uploads\\\/2025\\\/11\\\/Dermlite-Dermatoscopes.avif\",\"datePublished\":\"2025-09-14T23:31:30+00:00\",\"dateModified\":\"2026-02-19T15:58:44+00:00\",\"breadcrumb\":{\"@id\":\"https:\\\/\\\/meditecplus.com\\\/fr\\\/dermatoscopes-dermlite\\\/#breadcrumb\"},\"inLanguage\":\"fr-FR\",\"potentialAction\":[{\"@type\":\"ReadAction\",\"target\":[\"https:\\\/\\\/meditecplus.com\\\/fr\\\/dermatoscopes-dermlite\\\/\"]}]},{\"@type\":\"ImageObject\",\"inLanguage\":\"fr-FR\",\"@id\":\"https:\\\/\\\/meditecplus.com\\\/fr\\\/dermatoscopes-dermlite\\\/#primaryimage\",\"url\":\"https:\\\/\\\/meditecplus.com\\\/wp-content\\\/uploads\\\/2025\\\/11\\\/Dermlite-Dermatoscopes.avif\",\"contentUrl\":\"https:\\\/\\\/meditecplus.com\\\/wp-content\\\/uploads\\\/2025\\\/11\\\/Dermlite-Dermatoscopes.avif\"},{\"@type\":\"BreadcrumbList\",\"@id\":\"https:\\\/\\\/meditecplus.com\\\/fr\\\/dermatoscopes-dermlite\\\/#breadcrumb\",\"itemListElement\":[{\"@type\":\"ListItem\",\"position\":1,\"name\":\"Home\",\"item\":\"https:\\\/\\\/meditecplus.com\\\/fr\\\/\"},{\"@type\":\"ListItem\",\"position\":2,\"name\":\"Protected: Dermatoscopes (Dermlite)\"}]},{\"@type\":\"WebSite\",\"@id\":\"https:\\\/\\\/meditecplus.com\\\/fr\\\/#website\",\"url\":\"https:\\\/\\\/meditecplus.com\\\/fr\\\/\",\"name\":\"meditecplus.com\",\"description\":\"\",\"potentialAction\":[{\"@type\":\"SearchAction\",\"target\":{\"@type\":\"EntryPoint\",\"urlTemplate\":\"https:\\\/\\\/meditecplus.com\\\/fr\\\/?s={search_term_string}\"},\"query-input\":{\"@type\":\"PropertyValueSpecification\",\"valueRequired\":true,\"valueName\":\"search_term_string\"}}],\"inLanguage\":\"fr-FR\"}]}<\/script>\n<!-- \/ Yoast SEO plugin. -->","yoast_head_json":{"title":"Dermatoscopes (Dermlite) - meditecplus.com","robots":{"index":"index","follow":"follow","max-snippet":"max-snippet:-1","max-image-preview":"max-image-preview:large","max-video-preview":"max-video-preview:-1"},"canonical":"https:\/\/meditecplus.com\/fr\/dermatoscopes-dermlite\/","og_locale":"fr_FR","og_type":"article","og_title":"Dermatoscopes (Dermlite) - meditecplus.com","og_description":"Dermatoscopes &#8211; Dermlite Vous pouvez d\u00e9sormais visualiser des structures extr\u00eamement superficielles sous polarisation parall\u00e8le. Brochure Dermlite DermLite DL5 Gr\u00e2ce au [&hellip;]","og_url":"https:\/\/meditecplus.com\/fr\/dermatoscopes-dermlite\/","og_site_name":"meditecplus.com","article_modified_time":"2026-02-19T15:58:44+00:00","og_image":[{"width":1080,"height":1080,"url":"https:\/\/meditecplus.com\/wp-content\/uploads\/2025\/11\/Dermlite-Dermatoscopes.avif","type":"image\/jpeg"}],"twitter_card":"summary_large_image","twitter_misc":{"Dur\u00e9e de lecture estim\u00e9e":"2 minutes"},"schema":{"@context":"https:\/\/schema.org","@graph":[{"@type":"WebPage","@id":"https:\/\/meditecplus.com\/fr\/dermatoscopes-dermlite\/","url":"https:\/\/meditecplus.com\/fr\/dermatoscopes-dermlite\/","name":"Dermatoscopes (Dermlite) - meditecplus.com","isPartOf":{"@id":"https:\/\/meditecplus.com\/fr\/#website"},"primaryImageOfPage":{"@id":"https:\/\/meditecplus.com\/fr\/dermatoscopes-dermlite\/#primaryimage"},"image":{"@id":"https:\/\/meditecplus.com\/fr\/dermatoscopes-dermlite\/#primaryimage"},"thumbnailUrl":"https:\/\/meditecplus.com\/wp-content\/uploads\/2025\/11\/Dermlite-Dermatoscopes.avif","datePublished":"2025-09-14T23:31:30+00:00","dateModified":"2026-02-19T15:58:44+00:00","breadcrumb":{"@id":"https:\/\/meditecplus.com\/fr\/dermatoscopes-dermlite\/#breadcrumb"},"inLanguage":"fr-FR","potentialAction":[{"@type":"ReadAction","target":["https:\/\/meditecplus.com\/fr\/dermatoscopes-dermlite\/"]}]},{"@type":"ImageObject","inLanguage":"fr-FR","@id":"https:\/\/meditecplus.com\/fr\/dermatoscopes-dermlite\/#primaryimage","url":"https:\/\/meditecplus.com\/wp-content\/uploads\/2025\/11\/Dermlite-Dermatoscopes.avif","contentUrl":"https:\/\/meditecplus.com\/wp-content\/uploads\/2025\/11\/Dermlite-Dermatoscopes.avif"},{"@type":"BreadcrumbList","@id":"https:\/\/meditecplus.com\/fr\/dermatoscopes-dermlite\/#breadcrumb","itemListElement":[{"@type":"ListItem","position":1,"name":"Home","item":"https:\/\/meditecplus.com\/fr\/"},{"@type":"ListItem","position":2,"name":"Protected: Dermatoscopes (Dermlite)"}]},{"@type":"WebSite","@id":"https:\/\/meditecplus.com\/fr\/#website","url":"https:\/\/meditecplus.com\/fr\/","name":"meditecplus.com","description":"","potentialAction":[{"@type":"SearchAction","target":{"@type":"EntryPoint","urlTemplate":"https:\/\/meditecplus.com\/fr\/?s={search_term_string}"},"query-input":{"@type":"PropertyValueSpecification","valueRequired":true,"valueName":"search_term_string"}}],"inLanguage":"fr-FR"}]}},"_links":{"self":[{"href":"https:\/\/meditecplus.com\/fr\/wp-json\/wp\/v2\/pages\/8533","targetHints":{"allow":["GET"]}}],"collection":[{"href":"https:\/\/meditecplus.com\/fr\/wp-json\/wp\/v2\/pages"}],"about":[{"href":"https:\/\/meditecplus.com\/fr\/wp-json\/wp\/v2\/types\/page"}],"author":[{"embeddable":true,"href":"https:\/\/meditecplus.com\/fr\/wp-json\/wp\/v2\/users\/1"}],"replies":[{"embeddable":true,"href":"https:\/\/meditecplus.com\/fr\/wp-json\/wp\/v2\/comments?post=8533"}],"version-history":[{"count":1,"href":"https:\/\/meditecplus.com\/fr\/wp-json\/wp\/v2\/pages\/8533\/revisions"}],"predecessor-version":[{"id":8535,"href":"https:\/\/meditecplus.com\/fr\/wp-json\/wp\/v2\/pages\/8533\/revisions\/8535"}],"wp:attachment":[{"href":"https:\/\/meditecplus.com\/fr\/wp-json\/wp\/v2\/media?parent=8533"}],"curies":[{"name":"wp","href":"https:\/\/api.w.org\/{rel}","templated":true}]}}