{"id":8511,"date":"2025-06-21T01:47:19","date_gmt":"2025-06-21T01:47:19","guid":{"rendered":"https:\/\/meditecplus.com\/etude-de-cas\/"},"modified":"2026-02-19T15:54:03","modified_gmt":"2026-02-19T15:54:03","slug":"etude-de-cas","status":"publish","type":"page","link":"https:\/\/meditecplus.com\/fr\/etude-de-cas\/","title":{"rendered":"\u00c9tude de cas"},"content":{"rendered":"\t\t<div data-elementor-type=\"wp-page\" data-elementor-id=\"8511\" class=\"elementor elementor-8511 elementor-58\" data-elementor-post-type=\"page\">\n\t\t\t\t<div class=\"elementor-element elementor-element-928ceae e-flex e-con-boxed e-con e-parent\" data-id=\"928ceae\" data-element_type=\"container\" data-e-type=\"container\">\n\t\t\t\t\t<div class=\"e-con-inner\">\n\t\t<div class=\"elementor-element elementor-element-a50e858 e-con-full e-flex e-con e-child\" data-id=\"a50e858\" data-element_type=\"container\" data-e-type=\"container\">\n\t\t\t\t<div class=\"elementor-element elementor-element-a59e18d elementor-widget elementor-widget-heading\" data-id=\"a59e18d\" data-element_type=\"widget\" data-e-type=\"widget\" data-widget_type=\"heading.default\">\n\t\t\t\t<div class=\"elementor-widget-container\">\n\t\t\t\t\t<h2 class=\"elementor-heading-title elementor-size-default\">\u00c9tude sur l'efficacit\u00e9 du traitement par la lumi\u00e8re (LITE)<\/h2>\t\t\t\t<\/div>\n\t\t\t\t<\/div>\n\t\t\t\t<div class=\"elementor-element elementor-element-fef2d29 elementor-widget elementor-widget-heading\" data-id=\"fef2d29\" data-element_type=\"widget\" data-e-type=\"widget\" data-widget_type=\"heading.default\">\n\t\t\t\t<div class=\"elementor-widget-container\">\n\t\t\t\t\t<h2 class=\"elementor-heading-title elementor-size-default\">\u00c9tude de cas : utilisation exclusive des unit\u00e9s Daavlin Home avec le contr\u00f4leur dosim\u00e9trique ClearLink GuidedMode.<\/h2>\t\t\t\t<\/div>\n\t\t\t\t<\/div>\n\t\t\t\t<\/div>\n\t\t\t\t\t<\/div>\n\t\t\t\t<\/div>\n\t\t<div class=\"elementor-element elementor-element-a1ebe54 e-con-full e-flex e-con e-parent\" data-id=\"a1ebe54\" data-element_type=\"container\" data-e-type=\"container\">\n\t\t<div class=\"elementor-element elementor-element-d2baaee e-con-full e-flex e-con e-child\" data-id=\"d2baaee\" data-element_type=\"container\" data-e-type=\"container\">\n\t\t\t\t<div class=\"elementor-element elementor-element-cc2dc8c elementor-widget elementor-widget-video\" data-id=\"cc2dc8c\" data-element_type=\"widget\" data-e-type=\"widget\" data-settings=\"{&quot;youtube_url&quot;:&quot;https:\\\/\\\/www.youtube.com\\\/watch?v=j6aCCNK_3Rs&amp;t=8s&quot;,&quot;loop&quot;:&quot;yes&quot;,&quot;start&quot;:0,&quot;video_type&quot;:&quot;youtube&quot;,&quot;controls&quot;:&quot;yes&quot;}\" data-widget_type=\"video.default\">\n\t\t\t\t<div class=\"elementor-widget-container\">\n\t\t\t\t\t\t\t<div class=\"elementor-wrapper elementor-open-inline\">\n\t\t\t<div class=\"elementor-video\"><\/div>\t\t<\/div>\n\t\t\t\t\t\t<\/div>\n\t\t\t\t<\/div>\n\t\t\t\t<\/div>\n\t\t<div class=\"elementor-element elementor-element-e213bb2 e-con-full e-flex e-con e-child\" data-id=\"e213bb2\" data-element_type=\"container\" data-e-type=\"container\">\n\t\t\t\t<div class=\"elementor-element elementor-element-44aff97 elementor-widget elementor-widget-text-editor\" data-id=\"44aff97\" data-element_type=\"widget\" data-e-type=\"widget\" data-widget_type=\"text-editor.default\">\n\t\t\t\t<div class=\"elementor-widget-container\">\n\t\t\t\t\t\t\t\t\t<p class=\"font_8 wixui-rich-text__text\"><span class=\"wixui-rich-text__text\">L&rsquo;\u00e9tude LITE (Light Treatment Effectiveness), le plus grand essai clinique jamais r\u00e9alis\u00e9 sur la phototh\u00e9rapie \u00e0 domicile, a d\u00e9montr\u00e9 que le traitement par UVB \u00e0 bande \u00e9troite administr\u00e9 \u00e0 l&rsquo;aide des appareils de phototh\u00e9rapie \u00e0 domicile Daavlin est tout aussi efficace que le traitement re\u00e7u en milieu clinique. Men\u00e9e dans 30 centres dermatologiques am\u00e9ricains et portant sur plus de 1 000 patients atteints de psoriasis, l&rsquo;\u00e9tude n&rsquo;a r\u00e9v\u00e9l\u00e9 aucune diff\u00e9rence significative en termes de s\u00e9curit\u00e9 ou de r\u00e9sultats entre le traitement \u00e0 domicile et le traitement en cabinet. Ces r\u00e9sultats confirment que les appareils \u00e0 domicile Daavlin constituent une alternative s\u00fbre, pratique et efficace, permettant aux patients de traiter leurs affections cutan\u00e9es chroniques dans le confort de leur foyer sans compromettre la qualit\u00e9 des soins.<\/span><\/p>\t\t\t\t\t\t\t\t<\/div>\n\t\t\t\t<\/div>\n\t\t\t\t<\/div>\n\t\t\t\t<\/div>\n\t\t\t\t<\/div>\n\t\t","protected":false},"excerpt":{"rendered":"<p>\u00c9tude sur l&rsquo;efficacit\u00e9 du traitement par la lumi\u00e8re (LITE) \u00c9tude de cas : utilisation exclusive des unit\u00e9s Daavlin Home avec [&hellip;]<\/p>\n","protected":false},"author":1,"featured_media":0,"parent":0,"menu_order":0,"comment_status":"closed","ping_status":"closed","template":"","meta":{"site-sidebar-layout":"no-sidebar","site-content-layout":"","ast-site-content-layout":"full-width-container","site-content-style":"default","site-sidebar-style":"default","ast-global-header-display":"","ast-banner-title-visibility":"disabled","ast-main-header-display":"disabled","ast-hfb-above-header-display":"","ast-hfb-below-header-display":"","ast-hfb-mobile-header-display":"disabled","site-post-title":"disabled","ast-breadcrumbs-content":"disabled","ast-featured-img":"disabled","footer-sml-layout":"disabled","ast-disable-related-posts":"","theme-transparent-header-meta":"default","adv-header-id-meta":"","stick-header-meta":"","header-above-stick-meta":"","header-main-stick-meta":"","header-below-stick-meta":"","astra-migrate-meta-layouts":"default","ast-page-background-enabled":"default","ast-page-background-meta":{"desktop":{"background-color":"var(--ast-global-color-5)","background-image":"","background-repeat":"repeat","background-position":"center center","background-size":"auto","background-attachment":"scroll","background-type":"","background-media":"","overlay-type":"","overlay-color":"","overlay-opacity":"","overlay-gradient":""},"tablet":{"background-color":"","background-image":"","background-repeat":"repeat","background-position":"center center","background-size":"auto","background-attachment":"scroll","background-type":"","background-media":"","overlay-type":"","overlay-color":"","overlay-opacity":"","overlay-gradient":""},"mobile":{"background-color":"","background-image":"","background-repeat":"repeat","background-position":"center center","background-size":"auto","background-attachment":"scroll","background-type":"","background-media":"","overlay-type":"","overlay-color":"","overlay-opacity":"","overlay-gradient":""}},"ast-content-background-meta":{"desktop":{"background-color":"var(--ast-global-color-4)","background-image":"","background-repeat":"repeat","background-position":"center center","background-size":"auto","background-attachment":"scroll","background-type":"","background-media":"","overlay-type":"","overlay-color":"","overlay-opacity":"","overlay-gradient":""},"tablet":{"background-color":"var(--ast-global-color-4)","background-image":"","background-repeat":"repeat","background-position":"center center","background-size":"auto","background-attachment":"scroll","background-type":"","background-media":"","overlay-type":"","overlay-color":"","overlay-opacity":"","overlay-gradient":""},"mobile":{"background-color":"var(--ast-global-color-4)","background-image":"","background-repeat":"repeat","background-position":"center center","background-size":"auto","background-attachment":"scroll","background-type":"","background-media":"","overlay-type":"","overlay-color":"","overlay-opacity":"","overlay-gradient":""}},"footnotes":""},"class_list":["post-8511","page","type-page","status-publish","hentry"],"yoast_head":"<!-- This site is optimized with the Yoast SEO plugin v27.4 - https:\/\/yoast.com\/product\/yoast-seo-wordpress\/ -->\n<title>\u00c9tude LITE : Phototh\u00e9rapie \u00e0 domicile Daavlin | Meditec Plus Canada<\/title>\n<meta name=\"description\" content=\"L&#039;\u00e9tude LITE montre que les appareils de phototh\u00e9rapie \u00e0 domicile Daavlin, disponibles aupr\u00e8s de Meditec Plus, sont aussi s\u00fbrs et efficaces que les traitements cliniques contre le psoriasis.\" \/>\n<meta name=\"robots\" content=\"index, follow, max-snippet:-1, max-image-preview:large, max-video-preview:-1\" \/>\n<link rel=\"canonical\" href=\"https:\/\/meditecplus.com\/fr\/etude-de-cas\/\" \/>\n<meta property=\"og:locale\" content=\"fr_FR\" \/>\n<meta property=\"og:type\" content=\"article\" \/>\n<meta property=\"og:title\" content=\"\u00c9tude LITE : Phototh\u00e9rapie \u00e0 domicile Daavlin | Meditec Plus Canada\" \/>\n<meta property=\"og:description\" content=\"L&#039;\u00e9tude LITE montre que les appareils de phototh\u00e9rapie \u00e0 domicile Daavlin, disponibles aupr\u00e8s de Meditec Plus, sont aussi s\u00fbrs et efficaces que les traitements cliniques contre le psoriasis.\" \/>\n<meta property=\"og:url\" content=\"https:\/\/meditecplus.com\/fr\/etude-de-cas\/\" \/>\n<meta property=\"og:site_name\" content=\"meditecplus.com\" \/>\n<meta property=\"article:modified_time\" content=\"2026-02-19T15:54:03+00:00\" \/>\n<meta name=\"twitter:card\" content=\"summary_large_image\" \/>\n<meta name=\"twitter:label1\" content=\"Dur\u00e9e de lecture estim\u00e9e\" \/>\n\t<meta name=\"twitter:data1\" content=\"1 minute\" \/>\n<script type=\"application\/ld+json\" class=\"yoast-schema-graph\">{\"@context\":\"https:\\\/\\\/schema.org\",\"@graph\":[{\"@type\":\"WebPage\",\"@id\":\"https:\\\/\\\/meditecplus.com\\\/fr\\\/etude-de-cas\\\/\",\"url\":\"https:\\\/\\\/meditecplus.com\\\/fr\\\/etude-de-cas\\\/\",\"name\":\"\u00c9tude LITE : Phototh\u00e9rapie \u00e0 domicile Daavlin | Meditec Plus Canada\",\"isPartOf\":{\"@id\":\"https:\\\/\\\/meditecplus.com\\\/fr\\\/#website\"},\"datePublished\":\"2025-06-21T01:47:19+00:00\",\"dateModified\":\"2026-02-19T15:54:03+00:00\",\"description\":\"L'\u00e9tude LITE montre que les appareils de phototh\u00e9rapie \u00e0 domicile Daavlin, disponibles aupr\u00e8s de Meditec Plus, sont aussi s\u00fbrs et efficaces que les traitements cliniques contre le psoriasis.\",\"breadcrumb\":{\"@id\":\"https:\\\/\\\/meditecplus.com\\\/fr\\\/etude-de-cas\\\/#breadcrumb\"},\"inLanguage\":\"fr-FR\",\"potentialAction\":[{\"@type\":\"ReadAction\",\"target\":[\"https:\\\/\\\/meditecplus.com\\\/fr\\\/etude-de-cas\\\/\"]}]},{\"@type\":\"BreadcrumbList\",\"@id\":\"https:\\\/\\\/meditecplus.com\\\/fr\\\/etude-de-cas\\\/#breadcrumb\",\"itemListElement\":[{\"@type\":\"ListItem\",\"position\":1,\"name\":\"Home\",\"item\":\"https:\\\/\\\/meditecplus.com\\\/fr\\\/\"},{\"@type\":\"ListItem\",\"position\":2,\"name\":\"Protected: \u00c9tude de cas\"}]},{\"@type\":\"WebSite\",\"@id\":\"https:\\\/\\\/meditecplus.com\\\/fr\\\/#website\",\"url\":\"https:\\\/\\\/meditecplus.com\\\/fr\\\/\",\"name\":\"meditecplus.com\",\"description\":\"\",\"potentialAction\":[{\"@type\":\"SearchAction\",\"target\":{\"@type\":\"EntryPoint\",\"urlTemplate\":\"https:\\\/\\\/meditecplus.com\\\/fr\\\/?s={search_term_string}\"},\"query-input\":{\"@type\":\"PropertyValueSpecification\",\"valueRequired\":true,\"valueName\":\"search_term_string\"}}],\"inLanguage\":\"fr-FR\"}]}<\/script>\n<!-- \/ Yoast SEO plugin. -->","yoast_head_json":{"title":"\u00c9tude LITE : Phototh\u00e9rapie \u00e0 domicile Daavlin | Meditec Plus Canada","description":"L'\u00e9tude LITE montre que les appareils de phototh\u00e9rapie \u00e0 domicile Daavlin, disponibles aupr\u00e8s de Meditec Plus, sont aussi s\u00fbrs et efficaces que les traitements cliniques contre le psoriasis.","robots":{"index":"index","follow":"follow","max-snippet":"max-snippet:-1","max-image-preview":"max-image-preview:large","max-video-preview":"max-video-preview:-1"},"canonical":"https:\/\/meditecplus.com\/fr\/etude-de-cas\/","og_locale":"fr_FR","og_type":"article","og_title":"\u00c9tude LITE : Phototh\u00e9rapie \u00e0 domicile Daavlin | Meditec Plus Canada","og_description":"L'\u00e9tude LITE montre que les appareils de phototh\u00e9rapie \u00e0 domicile Daavlin, disponibles aupr\u00e8s de Meditec Plus, sont aussi s\u00fbrs et efficaces que les traitements cliniques contre le psoriasis.","og_url":"https:\/\/meditecplus.com\/fr\/etude-de-cas\/","og_site_name":"meditecplus.com","article_modified_time":"2026-02-19T15:54:03+00:00","twitter_card":"summary_large_image","twitter_misc":{"Dur\u00e9e de lecture estim\u00e9e":"1 minute"},"schema":{"@context":"https:\/\/schema.org","@graph":[{"@type":"WebPage","@id":"https:\/\/meditecplus.com\/fr\/etude-de-cas\/","url":"https:\/\/meditecplus.com\/fr\/etude-de-cas\/","name":"\u00c9tude LITE : Phototh\u00e9rapie \u00e0 domicile Daavlin | Meditec Plus Canada","isPartOf":{"@id":"https:\/\/meditecplus.com\/fr\/#website"},"datePublished":"2025-06-21T01:47:19+00:00","dateModified":"2026-02-19T15:54:03+00:00","description":"L'\u00e9tude LITE montre que les appareils de phototh\u00e9rapie \u00e0 domicile Daavlin, disponibles aupr\u00e8s de Meditec Plus, sont aussi s\u00fbrs et efficaces que les traitements cliniques contre le psoriasis.","breadcrumb":{"@id":"https:\/\/meditecplus.com\/fr\/etude-de-cas\/#breadcrumb"},"inLanguage":"fr-FR","potentialAction":[{"@type":"ReadAction","target":["https:\/\/meditecplus.com\/fr\/etude-de-cas\/"]}]},{"@type":"BreadcrumbList","@id":"https:\/\/meditecplus.com\/fr\/etude-de-cas\/#breadcrumb","itemListElement":[{"@type":"ListItem","position":1,"name":"Home","item":"https:\/\/meditecplus.com\/fr\/"},{"@type":"ListItem","position":2,"name":"Protected: \u00c9tude de cas"}]},{"@type":"WebSite","@id":"https:\/\/meditecplus.com\/fr\/#website","url":"https:\/\/meditecplus.com\/fr\/","name":"meditecplus.com","description":"","potentialAction":[{"@type":"SearchAction","target":{"@type":"EntryPoint","urlTemplate":"https:\/\/meditecplus.com\/fr\/?s={search_term_string}"},"query-input":{"@type":"PropertyValueSpecification","valueRequired":true,"valueName":"search_term_string"}}],"inLanguage":"fr-FR"}]}},"_links":{"self":[{"href":"https:\/\/meditecplus.com\/fr\/wp-json\/wp\/v2\/pages\/8511","targetHints":{"allow":["GET"]}}],"collection":[{"href":"https:\/\/meditecplus.com\/fr\/wp-json\/wp\/v2\/pages"}],"about":[{"href":"https:\/\/meditecplus.com\/fr\/wp-json\/wp\/v2\/types\/page"}],"author":[{"embeddable":true,"href":"https:\/\/meditecplus.com\/fr\/wp-json\/wp\/v2\/users\/1"}],"replies":[{"embeddable":true,"href":"https:\/\/meditecplus.com\/fr\/wp-json\/wp\/v2\/comments?post=8511"}],"version-history":[{"count":1,"href":"https:\/\/meditecplus.com\/fr\/wp-json\/wp\/v2\/pages\/8511\/revisions"}],"predecessor-version":[{"id":8512,"href":"https:\/\/meditecplus.com\/fr\/wp-json\/wp\/v2\/pages\/8511\/revisions\/8512"}],"wp:attachment":[{"href":"https:\/\/meditecplus.com\/fr\/wp-json\/wp\/v2\/media?parent=8511"}],"curies":[{"name":"wp","href":"https:\/\/api.w.org\/{rel}","templated":true}]}}