{"id":8508,"date":"2025-09-14T23:40:25","date_gmt":"2025-09-14T23:40:25","guid":{"rendered":"https:\/\/meditecplus.com\/systemes-cryogeniques-brymill\/"},"modified":"2026-02-19T15:52:41","modified_gmt":"2026-02-19T15:52:41","slug":"systemes-cryogeniques-brymill","status":"publish","type":"page","link":"https:\/\/meditecplus.com\/fr\/systemes-cryogeniques-brymill\/","title":{"rendered":"Syst\u00e8mes cryog\u00e9niques Brymill"},"content":{"rendered":"\t\t<div data-elementor-type=\"wp-page\" data-elementor-id=\"8508\" class=\"elementor elementor-8508 elementor-4954\" data-elementor-post-type=\"page\">\n\t\t\t\t<div class=\"elementor-element elementor-element-3ef52cc e-flex e-con-boxed e-con e-parent\" data-id=\"3ef52cc\" data-element_type=\"container\" data-e-type=\"container\">\n\t\t\t\t\t<div class=\"e-con-inner\">\n\t\t<div class=\"elementor-element elementor-element-24128b7 e-con-full e-flex e-con e-child\" data-id=\"24128b7\" data-element_type=\"container\" data-e-type=\"container\" data-settings=\"{&quot;background_background&quot;:&quot;classic&quot;}\">\n\t\t\t\t<div class=\"elementor-element elementor-element-111dc81 elementor-widget elementor-widget-heading\" data-id=\"111dc81\" data-element_type=\"widget\" data-e-type=\"widget\" data-widget_type=\"heading.default\">\n\t\t\t\t<div class=\"elementor-widget-container\">\n\t\t\t\t\t<h2 class=\"elementor-heading-title elementor-size-default\">Syst\u00e8mes cryog\u00e9niques Brymill<\/h2>\t\t\t\t<\/div>\n\t\t\t\t<\/div>\n\t\t\t\t<div class=\"elementor-element elementor-element-0ac6567 elementor-widget elementor-widget-text-editor\" data-id=\"0ac6567\" data-element_type=\"widget\" data-e-type=\"widget\" data-widget_type=\"text-editor.default\">\n\t\t\t\t<div class=\"elementor-widget-container\">\n\t\t\t\t\t\t\t\t\t<div id=\"comp-mbtgqbgd\" class=\"rM7ckN YJEKQk comp-mbtgqbgd-container comp-mbtgqbgd wixui-box\" dir=\"ltr\" role=\"\"><div id=\"comp-mbtgqbgf3\" class=\"rM7ckN YJEKQk comp-mbtgqbgf3-container comp-mbtgqbgf3 wixui-box\" dir=\"ltr\" role=\"\"><div id=\"comp-mbtgqbgz\" class=\"Z_l5lU MMl86N zQ9jDz qvSjx3 Vq6kJx comp-mbtgqbgz wixui-rich-text\" data-testid=\"richTextElement\"><div id=\"comp-mbtgqbgd\" class=\"rM7ckN YJEKQk comp-mbtgqbgd-container comp-mbtgqbgd wixui-box\" dir=\"ltr\" role=\"\"><div id=\"comp-mbtgqbgf3\" class=\"rM7ckN YJEKQk comp-mbtgqbgf3-container comp-mbtgqbgf3 wixui-box\" dir=\"ltr\" role=\"\"><div id=\"comp-mbtgqbgz\" class=\"Z_l5lU MMl86N zQ9jDz qvSjx3 Vq6kJx comp-mbtgqbgz wixui-rich-text\" data-testid=\"richTextElement\"><div id=\"comp-mbtgqbgd\" class=\"rM7ckN YJEKQk comp-mbtgqbgd-container comp-mbtgqbgd wixui-box\" dir=\"ltr\" role=\"\"><div id=\"comp-mbtgqbgf3\" class=\"rM7ckN YJEKQk comp-mbtgqbgf3-container comp-mbtgqbgf3 wixui-box\" dir=\"ltr\" role=\"\"><div id=\"comp-mbtgqbgz\" class=\"Z_l5lU MMl86N zQ9jDz qvSjx3 Vq6kJx comp-mbtgqbgz wixui-rich-text\" data-testid=\"richTextElement\"><div id=\"comp-mbtgqbgd\" class=\"rM7ckN YJEKQk comp-mbtgqbgd-container comp-mbtgqbgd wixui-box\" dir=\"ltr\" role=\"\"><div id=\"comp-mbtgqbgf3\" class=\"rM7ckN YJEKQk comp-mbtgqbgf3-container comp-mbtgqbgf3 wixui-box\" dir=\"ltr\" role=\"\"><div id=\"comp-mbtgqbgz\" class=\"Z_l5lU MMl86N zQ9jDz qvSjx3 Vq6kJx comp-mbtgqbgz wixui-rich-text\" data-testid=\"richTextElement\"><div id=\"comp-mbtgqbgd\" class=\"rM7ckN YJEKQk comp-mbtgqbgd-container comp-mbtgqbgd wixui-box\" dir=\"ltr\" role=\"\"><div id=\"comp-mbtgqbgf3\" class=\"rM7ckN YJEKQk comp-mbtgqbgf3-container comp-mbtgqbgf3 wixui-box\" dir=\"ltr\" role=\"\"><div id=\"comp-mbtgqbgz\" class=\"Z_l5lU MMl86N zQ9jDz qvSjx3 Vq6kJx comp-mbtgqbgz wixui-rich-text\" data-testid=\"richTextElement\"><div id=\"comp-mbs59v3h\" class=\"rM7ckN YJEKQk comp-mbs59v3h wixui-box\" dir=\"ltr\" role=\"\"><div class=\"comp-mbs59v3h-container\" data-testid=\"responsive-container-content\"><div id=\"comp-mbs59v3i7\" class=\"rM7ckN YJEKQk comp-mbs59v3i7-container comp-mbs59v3i7 wixui-box\" dir=\"ltr\" role=\"\"><div id=\"comp-mbs59v3l6\" class=\"Z_l5lU MMl86N zQ9jDz qvSjx3 Vq6kJx comp-mbs59v3l6 wixui-rich-text\" data-testid=\"richTextElement\"><div id=\"comp-mbtgqbgd\" class=\"rM7ckN YJEKQk comp-mbtgqbgd-container comp-mbtgqbgd wixui-box\" dir=\"ltr\" role=\"\"><div id=\"comp-mbtgqbgf3\" class=\"rM7ckN YJEKQk comp-mbtgqbgf3-container comp-mbtgqbgf3 wixui-box\" dir=\"ltr\" role=\"\"><div id=\"comp-mbtgqbgz\" class=\"Z_l5lU MMl86N zQ9jDz qvSjx3 Vq6kJx comp-mbtgqbgz wixui-rich-text\" data-testid=\"richTextElement\"><div id=\"comp-mbtgqbgd\" class=\"rM7ckN YJEKQk comp-mbtgqbgd-container comp-mbtgqbgd wixui-box\" dir=\"ltr\" role=\"\"><div id=\"comp-mbtgqbgf3\" class=\"rM7ckN YJEKQk comp-mbtgqbgf3-container comp-mbtgqbgf3 wixui-box\" dir=\"ltr\" role=\"\"><div id=\"comp-mbtgqbgz\" class=\"Z_l5lU MMl86N zQ9jDz qvSjx3 Vq6kJx comp-mbtgqbgz wixui-rich-text\" data-testid=\"richTextElement\"><div id=\"comp-mbtgqbgd\" class=\"rM7ckN YJEKQk comp-mbtgqbgd-container comp-mbtgqbgd wixui-box\" dir=\"ltr\" role=\"\"><div id=\"comp-mbtgqbgf3\" class=\"rM7ckN YJEKQk comp-mbtgqbgf3-container comp-mbtgqbgf3 wixui-box\" dir=\"ltr\" role=\"\"><div id=\"comp-mbtgqbgz\" class=\"Z_l5lU MMl86N zQ9jDz qvSjx3 Vq6kJx comp-mbtgqbgz wixui-rich-text\" data-testid=\"richTextElement\"><div id=\"comp-mbtgqbgd\" class=\"rM7ckN YJEKQk comp-mbtgqbgd-container comp-mbtgqbgd wixui-box\" dir=\"ltr\" role=\"\"><div id=\"comp-mbtgqbgf3\" class=\"rM7ckN YJEKQk comp-mbtgqbgf3-container comp-mbtgqbgf3 wixui-box\" dir=\"ltr\" role=\"\"><div id=\"comp-mbtgqbgz\" class=\"Z_l5lU MMl86N zQ9jDz qvSjx3 Vq6kJx comp-mbtgqbgz wixui-rich-text\" data-testid=\"richTextElement\"><p class=\"font_8 wixui-rich-text__text\">Les sprays cryochirurgicaux ouverts de Brymill ont gagn\u00e9 la confiance des m\u00e9decins et des distributeurs du monde entier.<\/p><\/div><\/div><\/div><\/div><\/div><\/div><\/div><\/div><\/div><\/div><\/div><\/div><\/div><\/div><\/div><\/div><\/div><\/div><\/div><\/div><\/div><\/div><\/div><\/div><\/div><\/div><\/div><\/div><\/div><\/div><\/div>\t\t\t\t\t\t\t\t<\/div>\n\t\t\t\t<\/div>\n\t\t\t\t<div class=\"elementor-element elementor-element-fa7b95c elementor-align-center elementor-widget elementor-widget-button\" data-id=\"fa7b95c\" data-element_type=\"widget\" data-e-type=\"widget\" data-widget_type=\"button.default\">\n\t\t\t\t<div class=\"elementor-widget-container\">\n\t\t\t\t\t\t\t\t\t<div class=\"elementor-button-wrapper\">\n\t\t\t\t\t<a class=\"elementor-button elementor-button-link elementor-size-sm\" href=\"https:\/\/meditecplus.com\/wp-content\/uploads\/2025\/11\/Brymill-Cryogenic-Systems-Brochure.pdf\" target=\"_blank\">\n\t\t\t\t\t\t<span class=\"elementor-button-content-wrapper\">\n\t\t\t\t\t\t<span class=\"elementor-button-icon\">\n\t\t\t\t<svg aria-hidden=\"true\" class=\"e-font-icon-svg e-fas-download\" viewBox=\"0 0 512 512\" xmlns=\"http:\/\/www.w3.org\/2000\/svg\"><path d=\"M216 0h80c13.3 0 24 10.7 24 24v168h87.7c17.8 0 26.7 21.5 14.1 34.1L269.7 378.3c-7.5 7.5-19.8 7.5-27.3 0L90.1 226.1c-12.6-12.6-3.7-34.1 14.1-34.1H192V24c0-13.3 10.7-24 24-24zm296 376v112c0 13.3-10.7 24-24 24H24c-13.3 0-24-10.7-24-24V376c0-13.3 10.7-24 24-24h146.7l49 49c20.1 20.1 52.5 20.1 72.6 0l49-49H488c13.3 0 24 10.7 24 24zm-124 88c0-11-9-20-20-20s-20 9-20 20 9 20 20 20 20-9 20-20zm64 0c0-11-9-20-20-20s-20 9-20 20 9 20 20 20 20-9 20-20z\"><\/path><\/svg>\t\t\t<\/span>\n\t\t\t\t\t\t\t\t\t<span class=\"elementor-button-text\">Brochure Brymill<\/span>\n\t\t\t\t\t<\/span>\n\t\t\t\t\t<\/a>\n\t\t\t\t<\/div>\n\t\t\t\t\t\t\t\t<\/div>\n\t\t\t\t<\/div>\n\t\t\t\t<\/div>\n\t\t\t\t\t<\/div>\n\t\t\t\t<\/div>\n\t\t<div class=\"elementor-element elementor-element-88077b0 e-con-full e-flex e-con e-parent\" data-id=\"88077b0\" data-element_type=\"container\" data-e-type=\"container\">\n\t\t<div class=\"elementor-element elementor-element-91d8799 e-con-full e-flex e-con e-child\" data-id=\"91d8799\" data-element_type=\"container\" data-e-type=\"container\" data-settings=\"{&quot;background_background&quot;:&quot;classic&quot;}\">\n\t\t<div class=\"elementor-element elementor-element-54fff6c e-con-full e-flex e-con e-child\" data-id=\"54fff6c\" data-element_type=\"container\" data-e-type=\"container\" data-settings=\"{&quot;background_background&quot;:&quot;classic&quot;}\">\n\t\t\t\t<div class=\"elementor-element elementor-element-2b1b34c elementor-widget elementor-widget-image\" data-id=\"2b1b34c\" data-element_type=\"widget\" data-e-type=\"widget\" data-settings=\"{&quot;sticky&quot;:&quot;top&quot;,&quot;sticky_on&quot;:[&quot;desktop&quot;,&quot;tablet&quot;],&quot;sticky_offset&quot;:100,&quot;sticky_parent&quot;:&quot;yes&quot;,&quot;sticky_effects_offset&quot;:0,&quot;sticky_anchor_link_offset&quot;:0}\" data-widget_type=\"image.default\">\n\t\t\t\t<div class=\"elementor-widget-container\">\n\t\t\t\t\t\t\t\t\t\t\t\t<figure class=\"wp-caption\">\n\t\t\t\t\t\t\t\t\t\t<img fetchpriority=\"high\" decoding=\"async\" width=\"1080\" height=\"1080\" src=\"https:\/\/meditecplus.com\/wp-content\/uploads\/2025\/11\/Brymill-product-Picture.avif\" class=\"attachment-full size-full wp-image-8509\" alt=\"\" srcset=\"https:\/\/meditecplus.com\/wp-content\/uploads\/2025\/11\/Brymill-product-Picture.avif 1080w, https:\/\/meditecplus.com\/wp-content\/uploads\/2025\/11\/Brymill-product-Picture-300x300.avif 300w, https:\/\/meditecplus.com\/wp-content\/uploads\/2025\/11\/Brymill-product-Picture-1024x1024.avif 1024w, https:\/\/meditecplus.com\/wp-content\/uploads\/2025\/11\/Brymill-product-Picture-150x150.avif 150w, https:\/\/meditecplus.com\/wp-content\/uploads\/2025\/11\/Brymill-product-Picture-768x768.avif 768w\" sizes=\"(max-width: 1080px) 100vw, 1080px\" \/>\t\t\t\t\t\t\t\t\t\t\t<figcaption class=\"widget-image-caption wp-caption-text\"><\/figcaption>\n\t\t\t\t\t\t\t\t\t\t<\/figure>\n\t\t\t\t\t\t\t\t\t<\/div>\n\t\t\t\t<\/div>\n\t\t\t\t<\/div>\n\t\t<div class=\"elementor-element elementor-element-c4da1e6 e-con-full e-flex e-con e-child\" data-id=\"c4da1e6\" data-element_type=\"container\" data-e-type=\"container\">\n\t\t\t\t<div class=\"elementor-element elementor-element-4a45639 elementor-widget elementor-widget-heading\" data-id=\"4a45639\" data-element_type=\"widget\" data-e-type=\"widget\" data-widget_type=\"heading.default\">\n\t\t\t\t<div class=\"elementor-widget-container\">\n\t\t\t\t\t<h2 class=\"elementor-heading-title elementor-size-default\">Cry-Ac &amp; Cry-Ac\u00ae-3<\/h2>\t\t\t\t<\/div>\n\t\t\t\t<\/div>\n\t\t\t\t<div class=\"elementor-element elementor-element-1bbdf52 elementor-widget elementor-widget-text-editor\" data-id=\"1bbdf52\" data-element_type=\"widget\" data-e-type=\"widget\" data-widget_type=\"text-editor.default\">\n\t\t\t\t<div class=\"elementor-widget-container\">\n\t\t\t\t\t\t\t\t\t<p>Faites confiance au leader dans le domaine de la technologie de l&rsquo;azote liquide pour la cryochirurgie et les traitements cutan\u00e9s, les appareils portatifs Cry-Ac\u00ae et Cry-Ac-3\u00ae de Brymill. Disponibles en formats de 500 ml et 300 ml, ces appareils sont le premier choix des dermatologues et constituent la r\u00e9f\u00e9rence en mati\u00e8re de s\u00e9curit\u00e9, de polyvalence et de contr\u00f4le dans l&rsquo;industrie.<\/p>\t\t\t\t\t\t\t\t<\/div>\n\t\t\t\t<\/div>\n\t\t\t\t<div class=\"elementor-element elementor-element-f2d4b94 elementor-widget elementor-widget-heading\" data-id=\"f2d4b94\" data-element_type=\"widget\" data-e-type=\"widget\" data-widget_type=\"heading.default\">\n\t\t\t\t<div class=\"elementor-widget-container\">\n\t\t\t\t\t<h4 class=\"elementor-heading-title elementor-size-default\">Ces fonctionnalit\u00e9s permettent d'obtenir de meilleurs r\u00e9sultats pour les patients<\/h4>\t\t\t\t<\/div>\n\t\t\t\t<\/div>\n\t\t\t\t<div class=\"elementor-element elementor-element-c9a39e4 elementor-widget elementor-widget-text-editor\" data-id=\"c9a39e4\" data-element_type=\"widget\" data-e-type=\"widget\" data-widget_type=\"text-editor.default\">\n\t\t\t\t<div class=\"elementor-widget-container\">\n\t\t\t\t\t\t\t\t\t<ul><li>Les deux appareils sont \u00e9quip\u00e9s de quatre buses de pulv\u00e9risation avec des ouvertures de diff\u00e9rentes tailles (0,04 \u00e0 0,016 pouce), ainsi que d&rsquo;une buse droite de calibre 20 et d&rsquo;une buse courb\u00e9e de calibre 20 pour des traitements plus pr\u00e9cis et mieux contr\u00f4l\u00e9s.<\/li><li>La g\u00e2chette au bout des doigts offre un contr\u00f4le maximal et une visibilit\u00e9 optimale.<\/li><li>Le syst\u00e8me brevet\u00e9 Safety Auto-vent am\u00e9liore la s\u00e9curit\u00e9 en \u00e9vacuant progressivement la pression interne lorsque le bouchon est d\u00e9viss\u00e9.<\/li><li>La soupape de d\u00e9charge simplifi\u00e9e maintient une pression de fonctionnement constante pour un cong\u00e9lation uniforme et pr\u00e9cise.<\/li><li>La construction en acier inoxydable et en laiton garantit une longue dur\u00e9e de vie.<\/li><li>La base en Delrin offre une stabilit\u00e9 suppl\u00e9mentaire, tandis que le couvercle et le collier en Delrin isolent la main de l&rsquo;utilisateur.<\/li><\/ul>\t\t\t\t\t\t\t\t<\/div>\n\t\t\t\t<\/div>\n\t\t\t\t<\/div>\n\t\t\t\t<\/div>\n\t\t\t\t<\/div>\n\t\t\t\t<\/div>\n\t\t","protected":false},"excerpt":{"rendered":"<p>Syst\u00e8mes cryog\u00e9niques Brymill Les sprays cryochirurgicaux ouverts de Brymill ont gagn\u00e9 la confiance des m\u00e9decins et des distributeurs du monde [&hellip;]<\/p>\n","protected":false},"author":1,"featured_media":0,"parent":0,"menu_order":0,"comment_status":"closed","ping_status":"closed","template":"","meta":{"site-sidebar-layout":"no-sidebar","site-content-layout":"","ast-site-content-layout":"full-width-container","site-content-style":"default","site-sidebar-style":"default","ast-global-header-display":"","ast-banner-title-visibility":"","ast-main-header-display":"","ast-hfb-above-header-display":"","ast-hfb-below-header-display":"","ast-hfb-mobile-header-display":"","site-post-title":"disabled","ast-breadcrumbs-content":"","ast-featured-img":"disabled","footer-sml-layout":"","ast-disable-related-posts":"","theme-transparent-header-meta":"default","adv-header-id-meta":"","stick-header-meta":"","header-above-stick-meta":"","header-main-stick-meta":"","header-below-stick-meta":"","astra-migrate-meta-layouts":"default","ast-page-background-enabled":"default","ast-page-background-meta":{"desktop":{"background-color":"var(--ast-global-color-5)","background-image":"","background-repeat":"repeat","background-position":"center center","background-size":"auto","background-attachment":"scroll","background-type":"","background-media":"","overlay-type":"","overlay-color":"","overlay-opacity":"","overlay-gradient":""},"tablet":{"background-color":"","background-image":"","background-repeat":"repeat","background-position":"center center","background-size":"auto","background-attachment":"scroll","background-type":"","background-media":"","overlay-type":"","overlay-color":"","overlay-opacity":"","overlay-gradient":""},"mobile":{"background-color":"","background-image":"","background-repeat":"repeat","background-position":"center center","background-size":"auto","background-attachment":"scroll","background-type":"","background-media":"","overlay-type":"","overlay-color":"","overlay-opacity":"","overlay-gradient":""}},"ast-content-background-meta":{"desktop":{"background-color":"var(--ast-global-color-4)","background-image":"","background-repeat":"repeat","background-position":"center center","background-size":"auto","background-attachment":"scroll","background-type":"","background-media":"","overlay-type":"","overlay-color":"","overlay-opacity":"","overlay-gradient":""},"tablet":{"background-color":"var(--ast-global-color-4)","background-image":"","background-repeat":"repeat","background-position":"center center","background-size":"auto","background-attachment":"scroll","background-type":"","background-media":"","overlay-type":"","overlay-color":"","overlay-opacity":"","overlay-gradient":""},"mobile":{"background-color":"var(--ast-global-color-4)","background-image":"","background-repeat":"repeat","background-position":"center center","background-size":"auto","background-attachment":"scroll","background-type":"","background-media":"","overlay-type":"","overlay-color":"","overlay-opacity":"","overlay-gradient":""}},"footnotes":""},"class_list":["post-8508","page","type-page","status-publish","hentry"],"yoast_head":"<!-- This site is optimized with the Yoast SEO plugin v27.4 - https:\/\/yoast.com\/product\/yoast-seo-wordpress\/ -->\n<title>Syst\u00e8mes cryog\u00e9niques Brymill - meditecplus.com<\/title>\n<meta name=\"robots\" content=\"index, follow, max-snippet:-1, max-image-preview:large, max-video-preview:-1\" \/>\n<link rel=\"canonical\" href=\"https:\/\/meditecplus.com\/fr\/systemes-cryogeniques-brymill\/\" \/>\n<meta property=\"og:locale\" content=\"fr_FR\" \/>\n<meta property=\"og:type\" content=\"article\" \/>\n<meta property=\"og:title\" content=\"Syst\u00e8mes cryog\u00e9niques Brymill - meditecplus.com\" \/>\n<meta property=\"og:description\" content=\"Syst\u00e8mes cryog\u00e9niques Brymill Les sprays cryochirurgicaux ouverts de Brymill ont gagn\u00e9 la confiance des m\u00e9decins et des distributeurs du monde [&hellip;]\" \/>\n<meta property=\"og:url\" content=\"https:\/\/meditecplus.com\/fr\/systemes-cryogeniques-brymill\/\" \/>\n<meta property=\"og:site_name\" content=\"meditecplus.com\" \/>\n<meta property=\"article:modified_time\" content=\"2026-02-19T15:52:41+00:00\" \/>\n<meta property=\"og:image\" content=\"https:\/\/meditecplus.com\/wp-content\/uploads\/2025\/11\/Brymill-product-Picture.avif\" \/>\n\t<meta property=\"og:image:width\" content=\"1080\" \/>\n\t<meta property=\"og:image:height\" content=\"1080\" \/>\n\t<meta property=\"og:image:type\" content=\"image\/jpeg\" \/>\n<meta name=\"twitter:card\" content=\"summary_large_image\" \/>\n<meta name=\"twitter:label1\" content=\"Dur\u00e9e de lecture estim\u00e9e\" \/>\n\t<meta name=\"twitter:data1\" content=\"1 minute\" \/>\n<script type=\"application\/ld+json\" class=\"yoast-schema-graph\">{\"@context\":\"https:\\\/\\\/schema.org\",\"@graph\":[{\"@type\":\"WebPage\",\"@id\":\"https:\\\/\\\/meditecplus.com\\\/fr\\\/systemes-cryogeniques-brymill\\\/\",\"url\":\"https:\\\/\\\/meditecplus.com\\\/fr\\\/systemes-cryogeniques-brymill\\\/\",\"name\":\"Syst\u00e8mes cryog\u00e9niques Brymill - meditecplus.com\",\"isPartOf\":{\"@id\":\"https:\\\/\\\/meditecplus.com\\\/fr\\\/#website\"},\"primaryImageOfPage\":{\"@id\":\"https:\\\/\\\/meditecplus.com\\\/fr\\\/systemes-cryogeniques-brymill\\\/#primaryimage\"},\"image\":{\"@id\":\"https:\\\/\\\/meditecplus.com\\\/fr\\\/systemes-cryogeniques-brymill\\\/#primaryimage\"},\"thumbnailUrl\":\"https:\\\/\\\/meditecplus.com\\\/wp-content\\\/uploads\\\/2025\\\/11\\\/Brymill-product-Picture.avif\",\"datePublished\":\"2025-09-14T23:40:25+00:00\",\"dateModified\":\"2026-02-19T15:52:41+00:00\",\"breadcrumb\":{\"@id\":\"https:\\\/\\\/meditecplus.com\\\/fr\\\/systemes-cryogeniques-brymill\\\/#breadcrumb\"},\"inLanguage\":\"fr-FR\",\"potentialAction\":[{\"@type\":\"ReadAction\",\"target\":[\"https:\\\/\\\/meditecplus.com\\\/fr\\\/systemes-cryogeniques-brymill\\\/\"]}]},{\"@type\":\"ImageObject\",\"inLanguage\":\"fr-FR\",\"@id\":\"https:\\\/\\\/meditecplus.com\\\/fr\\\/systemes-cryogeniques-brymill\\\/#primaryimage\",\"url\":\"https:\\\/\\\/meditecplus.com\\\/wp-content\\\/uploads\\\/2025\\\/11\\\/Brymill-product-Picture.avif\",\"contentUrl\":\"https:\\\/\\\/meditecplus.com\\\/wp-content\\\/uploads\\\/2025\\\/11\\\/Brymill-product-Picture.avif\"},{\"@type\":\"BreadcrumbList\",\"@id\":\"https:\\\/\\\/meditecplus.com\\\/fr\\\/systemes-cryogeniques-brymill\\\/#breadcrumb\",\"itemListElement\":[{\"@type\":\"ListItem\",\"position\":1,\"name\":\"Home\",\"item\":\"https:\\\/\\\/meditecplus.com\\\/fr\\\/\"},{\"@type\":\"ListItem\",\"position\":2,\"name\":\"Protected: Syst\u00e8mes cryog\u00e9niques Brymill\"}]},{\"@type\":\"WebSite\",\"@id\":\"https:\\\/\\\/meditecplus.com\\\/fr\\\/#website\",\"url\":\"https:\\\/\\\/meditecplus.com\\\/fr\\\/\",\"name\":\"meditecplus.com\",\"description\":\"\",\"potentialAction\":[{\"@type\":\"SearchAction\",\"target\":{\"@type\":\"EntryPoint\",\"urlTemplate\":\"https:\\\/\\\/meditecplus.com\\\/fr\\\/?s={search_term_string}\"},\"query-input\":{\"@type\":\"PropertyValueSpecification\",\"valueRequired\":true,\"valueName\":\"search_term_string\"}}],\"inLanguage\":\"fr-FR\"}]}<\/script>\n<!-- \/ Yoast SEO plugin. -->","yoast_head_json":{"title":"Syst\u00e8mes cryog\u00e9niques Brymill - meditecplus.com","robots":{"index":"index","follow":"follow","max-snippet":"max-snippet:-1","max-image-preview":"max-image-preview:large","max-video-preview":"max-video-preview:-1"},"canonical":"https:\/\/meditecplus.com\/fr\/systemes-cryogeniques-brymill\/","og_locale":"fr_FR","og_type":"article","og_title":"Syst\u00e8mes cryog\u00e9niques Brymill - meditecplus.com","og_description":"Syst\u00e8mes cryog\u00e9niques Brymill Les sprays cryochirurgicaux ouverts de Brymill ont gagn\u00e9 la confiance des m\u00e9decins et des distributeurs du monde [&hellip;]","og_url":"https:\/\/meditecplus.com\/fr\/systemes-cryogeniques-brymill\/","og_site_name":"meditecplus.com","article_modified_time":"2026-02-19T15:52:41+00:00","og_image":[{"width":1080,"height":1080,"url":"https:\/\/meditecplus.com\/wp-content\/uploads\/2025\/11\/Brymill-product-Picture.avif","type":"image\/jpeg"}],"twitter_card":"summary_large_image","twitter_misc":{"Dur\u00e9e de lecture estim\u00e9e":"1 minute"},"schema":{"@context":"https:\/\/schema.org","@graph":[{"@type":"WebPage","@id":"https:\/\/meditecplus.com\/fr\/systemes-cryogeniques-brymill\/","url":"https:\/\/meditecplus.com\/fr\/systemes-cryogeniques-brymill\/","name":"Syst\u00e8mes cryog\u00e9niques Brymill - meditecplus.com","isPartOf":{"@id":"https:\/\/meditecplus.com\/fr\/#website"},"primaryImageOfPage":{"@id":"https:\/\/meditecplus.com\/fr\/systemes-cryogeniques-brymill\/#primaryimage"},"image":{"@id":"https:\/\/meditecplus.com\/fr\/systemes-cryogeniques-brymill\/#primaryimage"},"thumbnailUrl":"https:\/\/meditecplus.com\/wp-content\/uploads\/2025\/11\/Brymill-product-Picture.avif","datePublished":"2025-09-14T23:40:25+00:00","dateModified":"2026-02-19T15:52:41+00:00","breadcrumb":{"@id":"https:\/\/meditecplus.com\/fr\/systemes-cryogeniques-brymill\/#breadcrumb"},"inLanguage":"fr-FR","potentialAction":[{"@type":"ReadAction","target":["https:\/\/meditecplus.com\/fr\/systemes-cryogeniques-brymill\/"]}]},{"@type":"ImageObject","inLanguage":"fr-FR","@id":"https:\/\/meditecplus.com\/fr\/systemes-cryogeniques-brymill\/#primaryimage","url":"https:\/\/meditecplus.com\/wp-content\/uploads\/2025\/11\/Brymill-product-Picture.avif","contentUrl":"https:\/\/meditecplus.com\/wp-content\/uploads\/2025\/11\/Brymill-product-Picture.avif"},{"@type":"BreadcrumbList","@id":"https:\/\/meditecplus.com\/fr\/systemes-cryogeniques-brymill\/#breadcrumb","itemListElement":[{"@type":"ListItem","position":1,"name":"Home","item":"https:\/\/meditecplus.com\/fr\/"},{"@type":"ListItem","position":2,"name":"Protected: Syst\u00e8mes cryog\u00e9niques Brymill"}]},{"@type":"WebSite","@id":"https:\/\/meditecplus.com\/fr\/#website","url":"https:\/\/meditecplus.com\/fr\/","name":"meditecplus.com","description":"","potentialAction":[{"@type":"SearchAction","target":{"@type":"EntryPoint","urlTemplate":"https:\/\/meditecplus.com\/fr\/?s={search_term_string}"},"query-input":{"@type":"PropertyValueSpecification","valueRequired":true,"valueName":"search_term_string"}}],"inLanguage":"fr-FR"}]}},"_links":{"self":[{"href":"https:\/\/meditecplus.com\/fr\/wp-json\/wp\/v2\/pages\/8508","targetHints":{"allow":["GET"]}}],"collection":[{"href":"https:\/\/meditecplus.com\/fr\/wp-json\/wp\/v2\/pages"}],"about":[{"href":"https:\/\/meditecplus.com\/fr\/wp-json\/wp\/v2\/types\/page"}],"author":[{"embeddable":true,"href":"https:\/\/meditecplus.com\/fr\/wp-json\/wp\/v2\/users\/1"}],"replies":[{"embeddable":true,"href":"https:\/\/meditecplus.com\/fr\/wp-json\/wp\/v2\/comments?post=8508"}],"version-history":[{"count":1,"href":"https:\/\/meditecplus.com\/fr\/wp-json\/wp\/v2\/pages\/8508\/revisions"}],"predecessor-version":[{"id":8510,"href":"https:\/\/meditecplus.com\/fr\/wp-json\/wp\/v2\/pages\/8508\/revisions\/8510"}],"wp:attachment":[{"href":"https:\/\/meditecplus.com\/fr\/wp-json\/wp\/v2\/media?parent=8508"}],"curies":[{"name":"wp","href":"https:\/\/api.w.org\/{rel}","templated":true}]}}