{"id":8450,"date":"2025-06-21T01:44:42","date_gmt":"2025-06-21T01:44:42","guid":{"rendered":"https:\/\/meditecplus.com\/a-propos-de-nous\/"},"modified":"2026-02-25T22:39:59","modified_gmt":"2026-02-25T22:39:59","slug":"a-propos-de-nous","status":"publish","type":"page","link":"https:\/\/meditecplus.com\/fr\/a-propos-de-nous\/","title":{"rendered":"\u00c0 PROPOS"},"content":{"rendered":"\t\t<div data-elementor-type=\"wp-page\" data-elementor-id=\"8450\" class=\"elementor elementor-8450 elementor-45\" data-elementor-post-type=\"page\">\n\t\t\t\t<div class=\"elementor-element elementor-element-197f682 e-con-full e-flex e-con e-parent\" data-id=\"197f682\" data-element_type=\"container\" data-e-type=\"container\">\n\t\t<div class=\"elementor-element elementor-element-03a306c e-con-full e-flex e-con e-child\" data-id=\"03a306c\" data-element_type=\"container\" data-e-type=\"container\" data-settings=\"{&quot;background_background&quot;:&quot;classic&quot;}\">\n\t\t\t\t<\/div>\n\t\t<div class=\"elementor-element elementor-element-db44aa6 e-con-full e-flex e-con e-child\" data-id=\"db44aa6\" data-element_type=\"container\" data-e-type=\"container\">\n\t\t\t\t<div class=\"elementor-element elementor-element-e84e6a2 elementor-headline--style-highlight elementor-widget elementor-widget-animated-headline\" data-id=\"e84e6a2\" data-element_type=\"widget\" data-e-type=\"widget\" data-settings=\"{&quot;marker&quot;:&quot;underline&quot;,&quot;highlighted_text&quot;:&quot;Meditec Plus&quot;,&quot;headline_style&quot;:&quot;highlight&quot;,&quot;loop&quot;:&quot;yes&quot;,&quot;highlight_animation_duration&quot;:1200,&quot;highlight_iteration_delay&quot;:8000}\" data-widget_type=\"animated-headline.default\">\n\t\t\t\t<div class=\"elementor-widget-container\">\n\t\t\t\t\t\t\t<h3 class=\"elementor-headline\">\n\t\t\t\t\t<span class=\"elementor-headline-plain-text elementor-headline-text-wrapper\">\u00c0 propos<\/span>\n\t\t\t\t<span class=\"elementor-headline-dynamic-wrapper elementor-headline-text-wrapper\">\n\t\t\t\t\t<span class=\"elementor-headline-dynamic-text elementor-headline-text-active\">Meditec Plus<\/span>\n\t\t\t\t<\/span>\n\t\t\t\t<\/h3>\n\t\t\t\t\t\t<\/div>\n\t\t\t\t<\/div>\n\t\t\t\t<div class=\"elementor-element elementor-element-fbf97a9 elementor-widget elementor-widget-text-editor\" data-id=\"fbf97a9\" data-element_type=\"widget\" data-e-type=\"widget\" data-widget_type=\"text-editor.default\">\n\t\t\t\t<div class=\"elementor-widget-container\">\n\t\t\t\t\t\t\t\t\t<p class=\"font_8 wixui-rich-text__text\">Fond\u00e9e par le visionnaire Lorenzo Fasanella, Meditec Plus se consacre \u00e0 l\u2019am\u00e9lioration des soins aux patients gr\u00e2ce \u00e0 des solutions de phototh\u00e9rapie de pointe. La passion de Lorenzo pour l\u2019innovation et son engagement envers la qualit\u00e9 l\u2019ont amen\u00e9 \u00e0 \u00e9tablir une entreprise qui fournit des \u00e9quipements fiables dans tout le Canada. Nous sommes fiers de combiner une technologie de qualit\u00e9 sup\u00e9rieure avec un service personnalis\u00e9, ce qui fait de nous un partenaire de confiance tant pour les patients que pour les professionnels de la sant\u00e9.<\/p><p>Chez Meditec Plus, nous sommes fiers d\u2019\u00eatre le distributeur canadien exclusif de deux des noms les plus respect\u00e9s en mati\u00e8re d\u2019\u00e9quipement de phototh\u00e9rapie : National Biological et Daavlin. <span style=\"font-style: inherit; font-weight: inherit;\">Fortes de d\u00e9cennies d\u2019innovation et d\u2019une performance clinique \u00e9prouv\u00e9e, ces marques b\u00e9n\u00e9ficient de la confiance des dermatologues et des prestataires de soins de sant\u00e9 du monde entier. Que ce soit pour un usage \u00e0 domicile ou pour des applications cliniques, National Biological et Daavlin proposent des solutions de phototh\u00e9rapie avanc\u00e9es, adapt\u00e9es pour r\u00e9pondre \u00e0 un large \u00e9ventail de besoins des patients. Explorez leurs technologies en toute confiance \u2014 disponibles au Canada uniquement par l\u2019entremise de Meditec Plus.<\/span><\/p>\t\t\t\t\t\t\t\t<\/div>\n\t\t\t\t<\/div>\n\t\t\t\t<\/div>\n\t\t\t\t<\/div>\n\t\t\t\t<\/div>\n\t\t","protected":false},"excerpt":{"rendered":"<p>\u00c0 propos Meditec Plus Fond\u00e9e par le visionnaire Lorenzo Fasanella, Meditec Plus se consacre \u00e0 l\u2019am\u00e9lioration des soins aux patients [&hellip;]<\/p>\n","protected":false},"author":1,"featured_media":0,"parent":0,"menu_order":0,"comment_status":"closed","ping_status":"closed","template":"","meta":{"site-sidebar-layout":"no-sidebar","site-content-layout":"","ast-site-content-layout":"full-width-container","site-content-style":"default","site-sidebar-style":"default","ast-global-header-display":"","ast-banner-title-visibility":"","ast-main-header-display":"","ast-hfb-above-header-display":"","ast-hfb-below-header-display":"","ast-hfb-mobile-header-display":"","site-post-title":"disabled","ast-breadcrumbs-content":"","ast-featured-img":"disabled","footer-sml-layout":"","ast-disable-related-posts":"","theme-transparent-header-meta":"default","adv-header-id-meta":"","stick-header-meta":"","header-above-stick-meta":"","header-main-stick-meta":"","header-below-stick-meta":"","astra-migrate-meta-layouts":"default","ast-page-background-enabled":"default","ast-page-background-meta":{"desktop":{"background-color":"var(--ast-global-color-5)","background-image":"","background-repeat":"repeat","background-position":"center center","background-size":"auto","background-attachment":"scroll","background-type":"","background-media":"","overlay-type":"","overlay-color":"","overlay-opacity":"","overlay-gradient":""},"tablet":{"background-color":"","background-image":"","background-repeat":"repeat","background-position":"center center","background-size":"auto","background-attachment":"scroll","background-type":"","background-media":"","overlay-type":"","overlay-color":"","overlay-opacity":"","overlay-gradient":""},"mobile":{"background-color":"","background-image":"","background-repeat":"repeat","background-position":"center center","background-size":"auto","background-attachment":"scroll","background-type":"","background-media":"","overlay-type":"","overlay-color":"","overlay-opacity":"","overlay-gradient":""}},"ast-content-background-meta":{"desktop":{"background-color":"var(--ast-global-color-4)","background-image":"","background-repeat":"repeat","background-position":"center center","background-size":"auto","background-attachment":"scroll","background-type":"","background-media":"","overlay-type":"","overlay-color":"","overlay-opacity":"","overlay-gradient":""},"tablet":{"background-color":"var(--ast-global-color-4)","background-image":"","background-repeat":"repeat","background-position":"center center","background-size":"auto","background-attachment":"scroll","background-type":"","background-media":"","overlay-type":"","overlay-color":"","overlay-opacity":"","overlay-gradient":""},"mobile":{"background-color":"var(--ast-global-color-4)","background-image":"","background-repeat":"repeat","background-position":"center center","background-size":"auto","background-attachment":"scroll","background-type":"","background-media":"","overlay-type":"","overlay-color":"","overlay-opacity":"","overlay-gradient":""}},"footnotes":""},"class_list":["post-8450","page","type-page","status-publish","hentry"],"yoast_head":"<!-- This site is optimized with the Yoast SEO plugin v27.4 - https:\/\/yoast.com\/product\/yoast-seo-wordpress\/ -->\n<title>\u00c0 propos de Meditec Plus | \u00c9quipement de phototh\u00e9rapie au Canada<\/title>\n<meta name=\"description\" content=\"D\u00e9couvrez Meditec Plus \u2014 le distributeur exclusif au Canada des syst\u00e8mes de phototh\u00e9rapie National Biological et Daavlin pour un usage clinique et domestique.\" \/>\n<meta name=\"robots\" content=\"index, follow, max-snippet:-1, max-image-preview:large, max-video-preview:-1\" \/>\n<link rel=\"canonical\" href=\"https:\/\/meditecplus.com\/fr\/a-propos-de-nous\/\" \/>\n<meta property=\"og:locale\" content=\"fr_FR\" \/>\n<meta property=\"og:type\" content=\"article\" \/>\n<meta property=\"og:title\" content=\"\u00c0 propos de Meditec Plus | \u00c9quipement de phototh\u00e9rapie au Canada\" \/>\n<meta property=\"og:description\" content=\"D\u00e9couvrez Meditec Plus \u2014 le distributeur exclusif au Canada des syst\u00e8mes de phototh\u00e9rapie National Biological et Daavlin pour un usage clinique et domestique.\" \/>\n<meta property=\"og:url\" content=\"https:\/\/meditecplus.com\/fr\/a-propos-de-nous\/\" \/>\n<meta property=\"og:site_name\" content=\"meditecplus.com\" \/>\n<meta property=\"article:modified_time\" content=\"2026-02-25T22:39:59+00:00\" \/>\n<meta name=\"twitter:card\" content=\"summary_large_image\" \/>\n<meta name=\"twitter:label1\" content=\"Dur\u00e9e de lecture estim\u00e9e\" \/>\n\t<meta name=\"twitter:data1\" content=\"1 minute\" \/>\n<script type=\"application\/ld+json\" class=\"yoast-schema-graph\">{\"@context\":\"https:\\\/\\\/schema.org\",\"@graph\":[{\"@type\":\"WebPage\",\"@id\":\"https:\\\/\\\/meditecplus.com\\\/fr\\\/a-propos-de-nous\\\/\",\"url\":\"https:\\\/\\\/meditecplus.com\\\/fr\\\/a-propos-de-nous\\\/\",\"name\":\"\u00c0 propos de Meditec Plus | \u00c9quipement de phototh\u00e9rapie au Canada\",\"isPartOf\":{\"@id\":\"https:\\\/\\\/meditecplus.com\\\/fr\\\/#website\"},\"datePublished\":\"2025-06-21T01:44:42+00:00\",\"dateModified\":\"2026-02-25T22:39:59+00:00\",\"description\":\"D\u00e9couvrez Meditec Plus \u2014 le distributeur exclusif au Canada des syst\u00e8mes de phototh\u00e9rapie National Biological et Daavlin pour un usage clinique et domestique.\",\"breadcrumb\":{\"@id\":\"https:\\\/\\\/meditecplus.com\\\/fr\\\/a-propos-de-nous\\\/#breadcrumb\"},\"inLanguage\":\"fr-FR\",\"potentialAction\":[{\"@type\":\"ReadAction\",\"target\":[\"https:\\\/\\\/meditecplus.com\\\/fr\\\/a-propos-de-nous\\\/\"]}]},{\"@type\":\"BreadcrumbList\",\"@id\":\"https:\\\/\\\/meditecplus.com\\\/fr\\\/a-propos-de-nous\\\/#breadcrumb\",\"itemListElement\":[{\"@type\":\"ListItem\",\"position\":1,\"name\":\"Home\",\"item\":\"https:\\\/\\\/meditecplus.com\\\/fr\\\/\"},{\"@type\":\"ListItem\",\"position\":2,\"name\":\"\u00c0 PROPOS\"}]},{\"@type\":\"WebSite\",\"@id\":\"https:\\\/\\\/meditecplus.com\\\/fr\\\/#website\",\"url\":\"https:\\\/\\\/meditecplus.com\\\/fr\\\/\",\"name\":\"meditecplus.com\",\"description\":\"\",\"potentialAction\":[{\"@type\":\"SearchAction\",\"target\":{\"@type\":\"EntryPoint\",\"urlTemplate\":\"https:\\\/\\\/meditecplus.com\\\/fr\\\/?s={search_term_string}\"},\"query-input\":{\"@type\":\"PropertyValueSpecification\",\"valueRequired\":true,\"valueName\":\"search_term_string\"}}],\"inLanguage\":\"fr-FR\"}]}<\/script>\n<!-- \/ Yoast SEO plugin. -->","yoast_head_json":{"title":"\u00c0 propos de Meditec Plus | \u00c9quipement de phototh\u00e9rapie au Canada","description":"D\u00e9couvrez Meditec Plus \u2014 le distributeur exclusif au Canada des syst\u00e8mes de phototh\u00e9rapie National Biological et Daavlin pour un usage clinique et domestique.","robots":{"index":"index","follow":"follow","max-snippet":"max-snippet:-1","max-image-preview":"max-image-preview:large","max-video-preview":"max-video-preview:-1"},"canonical":"https:\/\/meditecplus.com\/fr\/a-propos-de-nous\/","og_locale":"fr_FR","og_type":"article","og_title":"\u00c0 propos de Meditec Plus | \u00c9quipement de phototh\u00e9rapie au Canada","og_description":"D\u00e9couvrez Meditec Plus \u2014 le distributeur exclusif au Canada des syst\u00e8mes de phototh\u00e9rapie National Biological et Daavlin pour un usage clinique et domestique.","og_url":"https:\/\/meditecplus.com\/fr\/a-propos-de-nous\/","og_site_name":"meditecplus.com","article_modified_time":"2026-02-25T22:39:59+00:00","twitter_card":"summary_large_image","twitter_misc":{"Dur\u00e9e de lecture estim\u00e9e":"1 minute"},"schema":{"@context":"https:\/\/schema.org","@graph":[{"@type":"WebPage","@id":"https:\/\/meditecplus.com\/fr\/a-propos-de-nous\/","url":"https:\/\/meditecplus.com\/fr\/a-propos-de-nous\/","name":"\u00c0 propos de Meditec Plus | \u00c9quipement de phototh\u00e9rapie au Canada","isPartOf":{"@id":"https:\/\/meditecplus.com\/fr\/#website"},"datePublished":"2025-06-21T01:44:42+00:00","dateModified":"2026-02-25T22:39:59+00:00","description":"D\u00e9couvrez Meditec Plus \u2014 le distributeur exclusif au Canada des syst\u00e8mes de phototh\u00e9rapie National Biological et Daavlin pour un usage clinique et domestique.","breadcrumb":{"@id":"https:\/\/meditecplus.com\/fr\/a-propos-de-nous\/#breadcrumb"},"inLanguage":"fr-FR","potentialAction":[{"@type":"ReadAction","target":["https:\/\/meditecplus.com\/fr\/a-propos-de-nous\/"]}]},{"@type":"BreadcrumbList","@id":"https:\/\/meditecplus.com\/fr\/a-propos-de-nous\/#breadcrumb","itemListElement":[{"@type":"ListItem","position":1,"name":"Home","item":"https:\/\/meditecplus.com\/fr\/"},{"@type":"ListItem","position":2,"name":"\u00c0 PROPOS"}]},{"@type":"WebSite","@id":"https:\/\/meditecplus.com\/fr\/#website","url":"https:\/\/meditecplus.com\/fr\/","name":"meditecplus.com","description":"","potentialAction":[{"@type":"SearchAction","target":{"@type":"EntryPoint","urlTemplate":"https:\/\/meditecplus.com\/fr\/?s={search_term_string}"},"query-input":{"@type":"PropertyValueSpecification","valueRequired":true,"valueName":"search_term_string"}}],"inLanguage":"fr-FR"}]}},"_links":{"self":[{"href":"https:\/\/meditecplus.com\/fr\/wp-json\/wp\/v2\/pages\/8450","targetHints":{"allow":["GET"]}}],"collection":[{"href":"https:\/\/meditecplus.com\/fr\/wp-json\/wp\/v2\/pages"}],"about":[{"href":"https:\/\/meditecplus.com\/fr\/wp-json\/wp\/v2\/types\/page"}],"author":[{"embeddable":true,"href":"https:\/\/meditecplus.com\/fr\/wp-json\/wp\/v2\/users\/1"}],"replies":[{"embeddable":true,"href":"https:\/\/meditecplus.com\/fr\/wp-json\/wp\/v2\/comments?post=8450"}],"version-history":[{"count":3,"href":"https:\/\/meditecplus.com\/fr\/wp-json\/wp\/v2\/pages\/8450\/revisions"}],"predecessor-version":[{"id":8627,"href":"https:\/\/meditecplus.com\/fr\/wp-json\/wp\/v2\/pages\/8450\/revisions\/8627"}],"wp:attachment":[{"href":"https:\/\/meditecplus.com\/fr\/wp-json\/wp\/v2\/media?parent=8450"}],"curies":[{"name":"wp","href":"https:\/\/api.w.org\/{rel}","templated":true}]}}